{"id":7842,"date":"2021-10-28T12:47:53","date_gmt":"2021-10-28T12:47:53","guid":{"rendered":"https:\/\/unkrautmarkt.com\/?post_type=product&#038;p=7842"},"modified":"2026-03-16T05:07:22","modified_gmt":"2026-03-16T05:07:22","slug":"sour-diesel","status":"publish","type":"product","link":"https:\/\/unkrautmarkt.com\/fr\/product\/sour-diesel\/","title":{"rendered":"Sour Diesel"},"content":{"rendered":"<h2 style=\"text-align: justify;\">Achetez Sour Diesel en ligne<\/h2>\n<p style=\"text-align: justify;\">\u00c9galement connu sous le nom de Sour D, <a href=\"https:\/\/unkrautmarkt.com\/fr\/product\/sour-diesel\/\">Sour Diesel<\/a> Une vari\u00e9t\u00e9 sativa qui exhale un ar\u00f4me citronn\u00e9, acidul\u00e9 et puissant, avec une saveur terreuse et l\u00e9g\u00e8rement piquante. Ses feuilles sont d'un vert profond, et ses calices sont recouverts de trichomes blancs et de fins poils \u00e0 maturit\u00e9. Sour Diesel disponible \u00e0 la vente, achetez du cannabis pas cher en ligne.<\/p>\n<p style=\"text-align: justify;\">La lign\u00e9e de Sour Diesel a \u00e9t\u00e9 perdue, mais on pense qu'il s'agit d'un croisement entre l'hybride Chemdawg, l'indica Northern Lights et un ph\u00e9notype hybride Skunk.<\/p>\n<p style=\"text-align: justify;\">Les taux de THC peuvent atteindre 25 %, mais la moyenne se situe autour de 17 %. Cette vari\u00e9t\u00e9 sativa stimule l'activit\u00e9 c\u00e9r\u00e9brale, la majorit\u00e9 des utilisateurs signalant une augmentation de la cr\u00e9ativit\u00e9 et de l'\u00e9nergie. Elle est r\u00e9put\u00e9e pour soulager la fatigue et l'anxi\u00e9t\u00e9, ce qui en fait une excellente vari\u00e9t\u00e9 pour se r\u00e9veiller. Achetez du cannabis \u00e0 bas prix en ligne en Allemagne, en Autriche et en Suisse.<\/p>\n<p style=\"text-align: justify;\">Attendez-vous \u00e0 une s\u00e9cheresse buccale et oculaire apr\u00e8s avoir consomm\u00e9 du Sour Diesel. La parano\u00efa est \u00e9galement un effet secondaire fr\u00e9quent, due \u00e0 l'activit\u00e9 c\u00e9r\u00e9brale intense qu'il induit, qui peut \u00eatre difficile \u00e0 g\u00e9rer pour certaines personnes. Bien que le Sour Diesel stimule l'esprit et aiguise les sens, il peut aussi vous distraire facilement, rendant difficile le maintien d'une conversation ou la concentration. <a href=\"https:\/\/en.wikipedia.org\/wiki\/Sour_Diesel\" rel=\"nofollow noopener\" target=\"_blank\">Sour Diesel \u00e0 vendre<\/a><\/p>\n<p style=\"text-align: justify;\"><strong>Cette vari\u00e9t\u00e9 puissante est id\u00e9ale pour les consommateurs avides de cannabis, pas pour les d\u00e9butants.<\/strong><\/p>\n<h3 style=\"text-align: justify;\">Achetez Sour Diesel en ligne en Allemagne, en Autriche et en Suisse<\/h3>\n<h4 style=\"text-align: justify;\">Exp\u00e9rience<\/h4>\n<p style=\"text-align: justify;\">Das Gute, <a href=\"https:\/\/unkrautmarkt.com\/fr\/\">Commandez du Sour Diesel en ligne<\/a><\/p>\n<ul style=\"text-align: justify;\">\n<li>\u00c9nergique<\/li>\n<li>Cr\u00e9atif<\/li>\n<li>Heureux<\/li>\n<\/ul>\n<h4 style=\"text-align: justify;\">Le mauvais<\/h4>\n<ul style=\"text-align: justify;\">\n<li>Yeux secs<\/li>\n<li>Bouche s\u00e8che<\/li>\n<\/ul>\n<h4 style=\"text-align: justify;\">Convient bien \u00e0 la vente de cannabis en ligne<\/h4>\n<ul style=\"text-align: justify;\">\n<li>Sztuka i rze\u017aby<\/li>\n<li>en lisant<\/li>\n<li>\u00c9tude<\/li>\n<\/ul>\n<h4 style=\"text-align: justify;\">Go\u00fbt et odorat<\/h4>\n<ul>\n<li style=\"text-align: justify;\">Fruchtig<\/li>\n<li style=\"text-align: justify;\">Aigre<\/li>\n<li style=\"text-align: justify;\">S\u0142odki<\/li>\n<\/ul>","protected":false},"excerpt":{"rendered":"<p>For Wholesale please contact us at<br \/>\nWickr ID: @williamspro<br \/>\nor via Whatsapp<br \/>\n<img decoding=\"async\" class=\"size-full wp-image-10162 alignleft\" src=\"https:\/\/ograsmarknad.com\/wp-content\/uploads\/2021\/11\/trust.jpg\" alt=\"Trust German\" width=\"300\" height=\"129\" \/><\/p>","protected":false},"featured_media":7847,"comment_status":"open","ping_status":"closed","template":"","meta":{"_joinchat":[]},"product_cat":[307],"product_tag":[],"_links":{"self":[{"href":"https:\/\/unkrautmarkt.com\/fr\/wp-json\/wp\/v2\/product\/7842"}],"collection":[{"href":"https:\/\/unkrautmarkt.com\/fr\/wp-json\/wp\/v2\/product"}],"about":[{"href":"https:\/\/unkrautmarkt.com\/fr\/wp-json\/wp\/v2\/types\/product"}],"replies":[{"embeddable":true,"href":"https:\/\/unkrautmarkt.com\/fr\/wp-json\/wp\/v2\/comments?post=7842"}],"wp:featuredmedia":[{"embeddable":true,"href":"https:\/\/unkrautmarkt.com\/fr\/wp-json\/wp\/v2\/media\/7847"}],"wp:attachment":[{"href":"https:\/\/unkrautmarkt.com\/fr\/wp-json\/wp\/v2\/media?parent=7842"}],"wp:term":[{"taxonomy":"product_cat","embeddable":true,"href":"https:\/\/unkrautmarkt.com\/fr\/wp-json\/wp\/v2\/product_cat?post=7842"},{"taxonomy":"product_tag","embeddable":true,"href":"https:\/\/unkrautmarkt.com\/fr\/wp-json\/wp\/v2\/product_tag?post=7842"}],"curies":[{"name":"wp","href":"https:\/\/api.w.org\/{rel}","templated":true}]}}