{"id":7836,"date":"2021-10-28T12:20:23","date_gmt":"2021-10-28T12:20:23","guid":{"rendered":"https:\/\/unkrautmarkt.com\/?post_type=product&#038;p=7836"},"modified":"2026-03-16T05:10:06","modified_gmt":"2026-03-16T05:10:06","slug":"pineapple-express","status":"publish","type":"product","link":"https:\/\/unkrautmarkt.com\/fr\/product\/pineapple-express\/","title":{"rendered":"Pineapple Express"},"content":{"rendered":"<h2 style=\"text-align: justify;\">Pineapple Express online kaufen von der besten Online-Apotheke<\/h2>\n<p style=\"text-align: justify;\">Pineapple Express en vente en France, Allemagne, Autriche et Suisse peut \u00eatre achet\u00e9 sur Unkrautmarkt.com \u00e0 des prix abordables en ce moment. Toute notre \u00e9quipe de vendeurs et de fournisseurs est disponible 24h\/24 et 7j\/7 pour vous aider \u00e0 acheter Ananas Express en ligne. Nous sommes une pharmacie en ligne exp\u00e9riment\u00e9e qui comprend ses clients. Ici, vous pouvez acheter les meilleurs produits. Commandez Pineapple Express Allemagne, Autriche et Suisse maintenant !<\/p>\n<h3 style=\"text-align: justify;\">Quelles sont les caract\u00e9ristiques de Pineapple Express ?<\/h3>\n<p style=\"text-align: justify;\"><a href=\"https:\/\/unkrautmarkt.com\/fr\/product\/pineapple-express\/\"><strong>Pineapple Express<\/strong><\/a> La Pineapple Express est une vari\u00e9t\u00e9 tropicale issue du croisement entre la Trainwreck et une Hawaiian. Elle produit une fum\u00e9e douce et sucr\u00e9e, id\u00e9ale pour planer. Cette vari\u00e9t\u00e9 puissante est devenue tr\u00e8s populaire sur les march\u00e9s en ligne des \u00c9tats-Unis, du Royaume-Uni, du Canada, d'Allemagne et d'Australie. Son taux de THC d\u00e9passe g\u00e9n\u00e9ralement les 24 %. Son ar\u00f4me rappelle celui d'un \u00e9tal de fruits. Les t\u00eates de Pineapple Express sont de couleur olive et de forme compacte. Leur go\u00fbt \u00e9voque une tranche d'ananas frais. Avec cette vari\u00e9t\u00e9, vous pourrez rapidement accomplir vos t\u00e2ches quotidiennes. Elle se cultive aussi bien en ext\u00e9rieur qu'en int\u00e9rieur. Sa floraison dure environ 7 \u00e0 8 semaines.<\/p>\n<ul>\n<li style=\"text-align: justify;\">Le go\u00fbt est super fort.<\/li>\n<li style=\"text-align: justify;\">Son bourdonnement est puissant.<\/li>\n<li style=\"text-align: justify;\">Il vous donne l'impression de flotter dans les airs.<\/li>\n<li style=\"text-align: justify;\">Il produit une l\u00e9g\u00e8re sensation d'engourdissement et une d\u00e9fonce grisante et heureuse.<\/li>\n<li style=\"text-align: justify;\">Il rend les utilisateurs cr\u00e9atifs et bavards.<\/li>\n<li style=\"text-align: justify;\">Il aide \u00e0 se concentrer et \u00e0 \u00eatre productif.<\/li>\n<li style=\"text-align: justify;\">Il est utile pour les personnes qui souffrent d'anxi\u00e9t\u00e9, de fatigue, de d\u00e9pression, de stress chronique et d'agitation g\u00e9n\u00e9rale. <a href=\"https:\/\/unkrautmarkt.com\/fr\/\"><strong>Unkrautmarkt<\/strong><\/a><\/li>\n<li style=\"text-align: justify;\">Il a \u00e9galement quelques propri\u00e9t\u00e9s apaisantes mineures.<\/li>\n<\/ul>\n<h3 style=\"text-align: justify;\">Comment puis-je me procurer Pineapple Express en ligne ?<\/h3>\n<p style=\"text-align: justify;\">Si vous <a href=\"https:\/\/en.wikipedia.org\/wiki\/Pineapple_Express\" rel=\"nofollow noopener\" target=\"_blank\">Pineapple Express in Deutschland<\/a>Pour commander en ligne depuis l'Autriche ou la Suisse, rendez-vous sur Unkrautmarkt.com. Nous emballerons votre commande avec soin et l'exp\u00e9dierons \u00e0 l'adresse indiqu\u00e9e. Livraison garantie sans d\u00e9lai. Commandez d\u00e8s maintenant\u00a0!<\/p>","protected":false},"excerpt":{"rendered":"<p>For Wholesale please contact us at<br \/>\nWickr ID: @williamspro<br \/>\nor via Whatsapp<br \/>\n<img decoding=\"async\" class=\"size-full wp-image-10162 alignleft\" src=\"https:\/\/ograsmarknad.com\/wp-content\/uploads\/2021\/11\/trust.jpg\" alt=\"Trust German\" width=\"300\" height=\"129\" \/><\/p>","protected":false},"featured_media":7841,"comment_status":"open","ping_status":"closed","template":"","meta":{"_joinchat":[]},"product_cat":[307],"product_tag":[],"_links":{"self":[{"href":"https:\/\/unkrautmarkt.com\/fr\/wp-json\/wp\/v2\/product\/7836"}],"collection":[{"href":"https:\/\/unkrautmarkt.com\/fr\/wp-json\/wp\/v2\/product"}],"about":[{"href":"https:\/\/unkrautmarkt.com\/fr\/wp-json\/wp\/v2\/types\/product"}],"replies":[{"embeddable":true,"href":"https:\/\/unkrautmarkt.com\/fr\/wp-json\/wp\/v2\/comments?post=7836"}],"wp:featuredmedia":[{"embeddable":true,"href":"https:\/\/unkrautmarkt.com\/fr\/wp-json\/wp\/v2\/media\/7841"}],"wp:attachment":[{"href":"https:\/\/unkrautmarkt.com\/fr\/wp-json\/wp\/v2\/media?parent=7836"}],"wp:term":[{"taxonomy":"product_cat","embeddable":true,"href":"https:\/\/unkrautmarkt.com\/fr\/wp-json\/wp\/v2\/product_cat?post=7836"},{"taxonomy":"product_tag","embeddable":true,"href":"https:\/\/unkrautmarkt.com\/fr\/wp-json\/wp\/v2\/product_tag?post=7836"}],"curies":[{"name":"wp","href":"https:\/\/api.w.org\/{rel}","templated":true}]}}