{"id":7830,"date":"2021-10-28T12:15:41","date_gmt":"2021-10-28T12:15:41","guid":{"rendered":"https:\/\/unkrautmarkt.com\/?post_type=product&#038;p=7830"},"modified":"2026-03-16T05:10:47","modified_gmt":"2026-03-16T05:10:47","slug":"orange-kush","status":"publish","type":"product","link":"https:\/\/unkrautmarkt.com\/fr\/product\/orange-kush\/","title":{"rendered":"Orange Kush"},"content":{"rendered":"<h2 style=\"text-align: justify;\">Achetez Orange Kush en ligne<\/h2>\n<p style=\"text-align: justify;\"><a href=\"https:\/\/unkrautmarkt.com\/fr\/product\/orange-kush\/\">Orange Kush<\/a> wurde von Green Devil Genetics gez\u00fcchtet und ist das Kind von Orange Bud und OG Kush. Es bringt den K\u00f6rper in Entspannung und hebt die Stimmung mit einem s\u00fc\u00dfen und w\u00fcrzigen Zitrusgeschmack. Diese Sorte ist resistent gegen die meisten Sch\u00e4dlinge und Schimmelpilze und hat lange, dichte Knospen mit vielen orangefarbenen Haaren und Trichomkristallen. Kaufen Sie Orange Kush Online in Deutschland, \u00d6sterreich und der Schweiz.<\/p>\n<p style=\"text-align: justify;\">Cr\u00e9\u00e9e par Green Devil Genetics, l'Orange Kush est issue du croisement entre l'Orange Bud et l'OG Kush. Elle procure une sensation de d\u00e9tente et de bien-\u00eatre gr\u00e2ce \u00e0 sa saveur d'agrumes sucr\u00e9e et \u00e9pic\u00e9e. R\u00e9sistante \u00e0 la plupart des parasites et moisissures, cette vari\u00e9t\u00e9 produit de longues t\u00eates denses, parsem\u00e9es de pistils orange et de cristaux de trichomes. Achetez l'Orange Kush en ligne en Allemagne, en Autriche et en Suisse.<\/p>\n<p style=\"text-align: justify;\">Cette vari\u00e9t\u00e9 hybride de marijuana \u00e0 dominance sativa a \u00e9t\u00e9 d\u00e9velopp\u00e9e pour une croissance robuste et r\u00e9siliente. Les plants de Kush biologique proviennent de parents OG Kush et SAGE et, comme beaucoup de sativas, ont une floraison l\u00e9g\u00e8rement plus longue, de 10 \u00e0 11 semaines. Ces plants poss\u00e8dent de nombreuses branches aux feuilles vert fonc\u00e9, mais leurs t\u00eates sont d'un vert vif et d\u00e9gagent un parfum de pin fra\u00eechement coup\u00e9. La Kush biologique est un excellent choix pour un coup de fouet c\u00e9r\u00e9bral et pourrait stimuler votre cr\u00e9ativit\u00e9.<\/p>\n<p style=\"text-align: justify;\"><strong>Nom de la vari\u00e9t\u00e9 : Orange Kush<\/strong><\/p>\n<p style=\"text-align: justify;\">Note: B+<\/p>\n<p style=\"text-align: justify;\">Typ: <a href=\"https:\/\/unkrautmarkt.com\/fr\/\">Indica<\/a><\/p>\n<p style=\"text-align: justify;\"><strong>Apparence<\/strong><br \/>\nVert clair avec d'\u00e9pais poils orange vif. De nombreux cristaux scintillent \u00e0 la lumi\u00e8re.<\/p>\n<p style=\"text-align: justify;\"><strong>Odeur<\/strong><br \/>\nUn l\u00e9ger parfum d'herbes terreuses, mais sans plus. Tr\u00e8s subtil. 7\/10<\/p>\n<p style=\"text-align: justify;\"><strong>Go\u00fbt:<\/strong><br \/>\nSimilaire \u00e0 l'odeur, il n'y a vraiment aucun go\u00fbt. C'est une saveur tr\u00e8s douce, l\u00e9g\u00e8rement terreuse et herbac\u00e9e. Disposez d'\u00e9pais sacs volcaniques. 7\/10<\/p>\n<p style=\"text-align: justify;\"><strong>Cons\u00e9quences<\/strong><br \/>\n<a href=\"https:\/\/en.wikipedia.org\/wiki\/Kush_(cannabis)\" rel=\"nofollow noopener\" target=\"_blank\">Utilisation nocturne<\/a>Je n'ai m\u00eame pas fini un sachet de Volcano et mon estomac gargouille comme un lion, alors que je viens de manger\u2026 On dirait une de ces vari\u00e9t\u00e9s qui provoquent une faim de loup. Effets indica puissants avec une pens\u00e9e relativement lucide. Efficace contre la douleur et une sensation de somnolence. 9\/10<\/p>\n<p style=\"text-align: justify;\">Potenz: 8\/10<\/p>\n<p style=\"text-align: justify;\"><strong>Bon pour<\/strong><br \/>\nAugmentation de l'app\u00e9tit, naus\u00e9es, soulagement l\u00e9ger de la douleur, relaxation, stress, asthme. Commandez la vari\u00e9t\u00e9 Orange Kush en Allemagne, en Autriche et en Suisse.<\/p>","protected":false},"excerpt":{"rendered":"<p>For Wholesale please contact us at<br \/>\nWickr ID: @williamspro<br \/>\nor via Whatsapp<br \/>\n<img decoding=\"async\" class=\"size-full wp-image-10162 alignleft\" src=\"https:\/\/ograsmarknad.com\/wp-content\/uploads\/2021\/11\/trust.jpg\" alt=\"Trust German\" width=\"300\" height=\"129\" \/><\/p>","protected":false},"featured_media":7835,"comment_status":"open","ping_status":"closed","template":"","meta":{"_joinchat":[]},"product_cat":[307],"product_tag":[],"_links":{"self":[{"href":"https:\/\/unkrautmarkt.com\/fr\/wp-json\/wp\/v2\/product\/7830"}],"collection":[{"href":"https:\/\/unkrautmarkt.com\/fr\/wp-json\/wp\/v2\/product"}],"about":[{"href":"https:\/\/unkrautmarkt.com\/fr\/wp-json\/wp\/v2\/types\/product"}],"replies":[{"embeddable":true,"href":"https:\/\/unkrautmarkt.com\/fr\/wp-json\/wp\/v2\/comments?post=7830"}],"wp:featuredmedia":[{"embeddable":true,"href":"https:\/\/unkrautmarkt.com\/fr\/wp-json\/wp\/v2\/media\/7835"}],"wp:attachment":[{"href":"https:\/\/unkrautmarkt.com\/fr\/wp-json\/wp\/v2\/media?parent=7830"}],"wp:term":[{"taxonomy":"product_cat","embeddable":true,"href":"https:\/\/unkrautmarkt.com\/fr\/wp-json\/wp\/v2\/product_cat?post=7830"},{"taxonomy":"product_tag","embeddable":true,"href":"https:\/\/unkrautmarkt.com\/fr\/wp-json\/wp\/v2\/product_tag?post=7830"}],"curies":[{"name":"wp","href":"https:\/\/api.w.org\/{rel}","templated":true}]}}