{"id":7818,"date":"2021-10-28T10:51:46","date_gmt":"2021-10-28T10:51:46","guid":{"rendered":"https:\/\/unkrautmarkt.com\/?post_type=product&#038;p=7818"},"modified":"2026-03-13T09:19:47","modified_gmt":"2026-03-13T09:19:47","slug":"hawaiian-snow","status":"publish","type":"product","link":"https:\/\/unkrautmarkt.com\/fr\/product\/hawaiian-snow\/","title":{"rendered":"neige hawa\u00efenne"},"content":{"rendered":"<h2 style=\"text-align: justify;\">Hawaiian Snow online<\/h2>\n<p style=\"text-align: justify;\"><a href=\"https:\/\/unkrautmarkt.com\/fr\/\">neige hawa\u00efenne<\/a> est une vari\u00e9t\u00e9 purement sativa qui a remport\u00e9 la premi\u00e8re place dans de nombreux concours et qui est connue pour avoir un taux de THC allant jusqu'\u00e0 24%. Cette vari\u00e9t\u00e9 est consid\u00e9r\u00e9e comme une Haze en raison de son effet c\u00e9r\u00e9bral puissant, trouble et \u00e9tourdissant.<\/p>\n<p style=\"text-align: justify;\">L'humeur exalt\u00e9e de Hawaiian Snow s'accompagne souvent d'\u00e9nergie et de cr\u00e9ativit\u00e9. Ces vagues d'euphorie commencent dans l'esprit et se propagent pour calmer et apaiser le corps. Certains utilisateurs ressentent de fortes fringales et d'autres trouvent les effets c\u00e9r\u00e9braux intenses et enivrants. Cette souche a des ar\u00f4mes de pin et de fleurs. Les effets n\u00e9gatifs peuvent inclure des cotons-tiges, des yeux secs, des vertiges, de la parano\u00efa ou de l'anxi\u00e9t\u00e9. Commandez Hawaiian Snow en France, Roumanie, Italie, R\u00e9publique tch\u00e8que, Autriche et Suisse.<\/p>\n<p style=\"text-align: justify;\"><a href=\"https:\/\/en.wikipedia.org\/wiki\/Cannabis_strain\" rel=\"nofollow noopener\" target=\"_blank\">neige hawa\u00efenne<\/a> est id\u00e9al pour la journ\u00e9e et est le plus souvent recommand\u00e9 aux personnes souffrant de stress, d'anxi\u00e9t\u00e9 et de d\u00e9pression. Cependant, ses effets physiques sont \u00e9galement utiles pour soulager les douleurs chroniques telles que les douleurs articulaires. L'effort peut \u00e9galement r\u00e9duire les inflammations. Les patients l'utilisent parfois pour soulager les naus\u00e9es et lutter contre les troubles alimentaires. Dans une moindre mesure, il est utilis\u00e9 pour traiter les migraines, le glaucome, les maux de t\u00eate et l'insomnie.<\/p>\n<p style=\"text-align: justify;\">La Hawaiian Snow descend enti\u00e8rement de Hazes, en particulier de la Haze pure, de la Hawaiian Haze et de la Neville's Haze. Cette vari\u00e9t\u00e9 a \u00e9t\u00e9 s\u00e9lectionn\u00e9e par Green House Seeds et peut \u00eatre cultiv\u00e9e aussi bien \u00e0 l'int\u00e9rieur qu'\u00e0 l'ext\u00e9rieur. \u00c0 l'int\u00e9rieur, ces plantes fleurissent jusqu'\u00e0 onze semaines et peuvent produire jusqu'\u00e0 700 grammes par m\u00e8tre carr\u00e9. \u00c0 l'ext\u00e9rieur, elles sont g\u00e9n\u00e9ralement pr\u00eates en juin dans l'h\u00e9misph\u00e8re sud. Dans l'h\u00e9misph\u00e8re nord, elles sont m\u00fbres entre octobre et novembre et peuvent produire jusqu'\u00e0 1200 grammes par plante. <a href=\"https:\/\/unkrautmarkt.com\/fr\/\">Unkrautmarkt<\/a><\/p>","protected":false},"excerpt":{"rendered":"<p>For Wholesale please contact us at<br \/>\nWickr ID: @williamspro<br \/>\nor via Whatsapp<br \/>\n<img decoding=\"async\" class=\"size-full wp-image-10162 alignleft\" src=\"https:\/\/ograsmarknad.com\/wp-content\/uploads\/2021\/11\/trust.jpg\" alt=\"Trust German\" width=\"300\" height=\"129\" \/><\/p>","protected":false},"featured_media":7823,"comment_status":"open","ping_status":"closed","template":"","meta":{"_joinchat":[]},"product_cat":[307],"product_tag":[],"_links":{"self":[{"href":"https:\/\/unkrautmarkt.com\/fr\/wp-json\/wp\/v2\/product\/7818"}],"collection":[{"href":"https:\/\/unkrautmarkt.com\/fr\/wp-json\/wp\/v2\/product"}],"about":[{"href":"https:\/\/unkrautmarkt.com\/fr\/wp-json\/wp\/v2\/types\/product"}],"replies":[{"embeddable":true,"href":"https:\/\/unkrautmarkt.com\/fr\/wp-json\/wp\/v2\/comments?post=7818"}],"wp:featuredmedia":[{"embeddable":true,"href":"https:\/\/unkrautmarkt.com\/fr\/wp-json\/wp\/v2\/media\/7823"}],"wp:attachment":[{"href":"https:\/\/unkrautmarkt.com\/fr\/wp-json\/wp\/v2\/media?parent=7818"}],"wp:term":[{"taxonomy":"product_cat","embeddable":true,"href":"https:\/\/unkrautmarkt.com\/fr\/wp-json\/wp\/v2\/product_cat?post=7818"},{"taxonomy":"product_tag","embeddable":true,"href":"https:\/\/unkrautmarkt.com\/fr\/wp-json\/wp\/v2\/product_tag?post=7818"}],"curies":[{"name":"wp","href":"https:\/\/api.w.org\/{rel}","templated":true}]}}