{"id":7812,"date":"2021-10-28T10:34:02","date_gmt":"2021-10-28T10:34:02","guid":{"rendered":"https:\/\/unkrautmarkt.com\/?post_type=product&#038;p=7812"},"modified":"2026-03-12T06:24:02","modified_gmt":"2026-03-12T06:24:02","slug":"ghost-train-haze","status":"publish","type":"product","link":"https:\/\/unkrautmarkt.com\/fr\/product\/ghost-train-haze\/","title":{"rendered":"Ghost Train Haze"},"content":{"rendered":"<h2 style=\"text-align: justify;\">Achetez Ghost Train Haze en ligne<\/h2>\n<p style=\"text-align: justify;\"><a href=\"https:\/\/unkrautmarkt.com\/fr\/product\/ghost-train-haze\/\"><strong>Achetez Ghost Train Haze en Allemagne<\/strong><\/a>Ghost Train Haze is een legendarische, sativa-dominante hybride cannabissoort, afkomstig uit Oostenrijk en Zwitserland, en is gekweekt door Rare Dankness. Ghost Train Haze is een kruising tussen Neville's Wreck en Ghost OG. De lichtgroene toppen van Ghost Train Haze Nuggets zijn dik en compact, rijk aan trichomen en bedekt met lichtoranje haartjes. Dit opent in een nieuw venster. Een meesterlijke genetische kruising van de ouderplanten. <strong>Ghost OG (Hybride)<\/strong> Et Nevil\u2019s Wreck (Sativa) est Ghost Train Haze, une merveille de marijuana extr\u00eamement puissante \u2013 r\u00e9put\u00e9e pour \u00eatre l\u2019une des plus fortes \u00e0 fumer au monde et avoir une teneur moyenne en THC de 28.<\/p>\n<p style=\"text-align: justify;\"><strong>Achetez Ghost Train Haze<\/strong>C'est une vari\u00e9t\u00e9 hybride \u00e0 dominance sativa, facile \u00e0 cultiver, qui produit une grande quantit\u00e9 de t\u00eates sucr\u00e9es et riches en trichomes apr\u00e8s une floraison de 65 \u00e0 80 jours. La Ghost Train Haze offre une explosion d'agrumes acidul\u00e9s, similaire \u00e0 son ar\u00f4me. L\u00e9g\u00e8rement acidul\u00e9e en bouche, elle r\u00e9v\u00e8le ensuite des saveurs terreuses et \u00e9pic\u00e9es, caract\u00e9ristiques de ses g\u00e8nes Haze. La Ghost Train Haze est une vari\u00e9t\u00e9 de cannabis hybride l\u00e9gendaire \u00e0 dominance sativa, cr\u00e9\u00e9e par Rare Dankness. Son ar\u00f4me est doux et r\u00e9sineux, avec des notes d'agrumes, de citron et d'\u00e9pices. M\u00eame l'ouverture d'une t\u00eate lib\u00e8re un puissant parfum envo\u00fbtant qui embaume la pi\u00e8ce. Fruit d'un croisement g\u00e9n\u00e9tique magistral entre les vari\u00e9t\u00e9s parentes Ghost OG (hybride) et Nevil's Wreck (sativa), la Ghost Train Haze est une merveille du cannabis extr\u00eamement puissante, r\u00e9put\u00e9e pour \u00eatre l'une des plus fortes au monde et affiche une teneur moyenne en THC de 28 %. La vari\u00e9t\u00e9 de cannabis Sour Diesel est class\u00e9e comme une vari\u00e9t\u00e9 sativa, pr\u00e9sentant tr\u00e8s peu de caract\u00e9ristiques indica et un ratio de 90 % sativa pour 10 % indica. <a href=\"https:\/\/unkrautmarkt.com\/fr\/\"><strong>Unkrautmarkt<\/strong><\/a><\/p>\n<h3>Ghost Train Haze<\/h3>\n<p>Envie de frissonner\u00a0? Cette vari\u00e9t\u00e9 est parfaite pour votre film d\u2019horreur pr\u00e9f\u00e9r\u00e9\u00a0! La Ghost Train Haze (GTH), d\u00e9velopp\u00e9e par Rare Dankness, est un hybride \u00e0 dominance sativa issu du croisement entre la Neville\u2019s Wreck et la Ghost OG. <strong><a href=\"https:\/\/en.wikipedia.org\/wiki\/Cannabis_strain\" rel=\"nofollow noopener\" target=\"_blank\">Ghost Train Haze est disponible<\/a>.<\/strong><\/p>\n<p><strong>Ghost Train Haze<\/strong> V\u00e9ritable l\u00e9gende du cannabis\u00a0: elle a remport\u00e9 la premi\u00e8re place dans la cat\u00e9gorie Sativa \u00e0 la High Times Cannabis Cup en 2014, la deuxi\u00e8me place dans la cat\u00e9gorie \u00ab\u00a0Meilleure Sativa M\u00e9dicale\u00a0\u00bb en 2013, et a re\u00e7u \u00e0 plusieurs reprises le prix de la \u00ab\u00a0Vari\u00e9t\u00e9 la plus puissante au monde\u00a0\u00bb d\u00e9cern\u00e9 par High Times. Avec une teneur moyenne en THC de 27\u00a0%, elle n\u2019est pas pour les \u00e2mes sensibles\u00a0!<br \/>\nSon effet puissant \u2014 associ\u00e9 \u00e0 des ar\u00f4mes doux et acidul\u00e9s de citron ainsi qu'\u00e0 des notes fra\u00eeches de pin \u2014 vous garantit bonne humeur, \u00e9nergie, rires et une pure joie de vivre. Cela vous tente ? Alors, qu'attendez-vous ?<\/p>","protected":false},"excerpt":{"rendered":"<p>For Wholesale please contact us at<br \/>\nWickr ID: @williamspro<br \/>\nor via Whatsapp<br \/>\n<img decoding=\"async\" class=\"size-full wp-image-10162 alignleft\" src=\"https:\/\/ograsmarknad.com\/wp-content\/uploads\/2021\/11\/trust.jpg\" alt=\"Trust German\" width=\"300\" height=\"129\" \/><\/p>","protected":false},"featured_media":7817,"comment_status":"open","ping_status":"closed","template":"","meta":{"_joinchat":[]},"product_cat":[307],"product_tag":[],"_links":{"self":[{"href":"https:\/\/unkrautmarkt.com\/fr\/wp-json\/wp\/v2\/product\/7812"}],"collection":[{"href":"https:\/\/unkrautmarkt.com\/fr\/wp-json\/wp\/v2\/product"}],"about":[{"href":"https:\/\/unkrautmarkt.com\/fr\/wp-json\/wp\/v2\/types\/product"}],"replies":[{"embeddable":true,"href":"https:\/\/unkrautmarkt.com\/fr\/wp-json\/wp\/v2\/comments?post=7812"}],"wp:featuredmedia":[{"embeddable":true,"href":"https:\/\/unkrautmarkt.com\/fr\/wp-json\/wp\/v2\/media\/7817"}],"wp:attachment":[{"href":"https:\/\/unkrautmarkt.com\/fr\/wp-json\/wp\/v2\/media?parent=7812"}],"wp:term":[{"taxonomy":"product_cat","embeddable":true,"href":"https:\/\/unkrautmarkt.com\/fr\/wp-json\/wp\/v2\/product_cat?post=7812"},{"taxonomy":"product_tag","embeddable":true,"href":"https:\/\/unkrautmarkt.com\/fr\/wp-json\/wp\/v2\/product_tag?post=7812"}],"curies":[{"name":"wp","href":"https:\/\/api.w.org\/{rel}","templated":true}]}}