{"id":7806,"date":"2021-10-28T10:27:45","date_gmt":"2021-10-28T10:27:45","guid":{"rendered":"https:\/\/unkrautmarkt.com\/?post_type=product&#038;p=7806"},"modified":"2026-03-12T06:24:30","modified_gmt":"2026-03-12T06:24:30","slug":"cinex","status":"publish","type":"product","link":"https:\/\/unkrautmarkt.com\/fr\/product\/cinex\/","title":{"rendered":"Cinex"},"content":{"rendered":"<h2 style=\"text-align: justify;\">Achetez Cinex en ligne<\/h2>\n<p style=\"text-align: justify;\"><strong>Cinex<\/strong>, un hybride des vari\u00e9t\u00e9s parentes Cinderella 99 et Vortex, offre initialement un m\u00e9lange de saveurs allant des agrumes sucr\u00e9s \u00e0 la skunk terreuse. De plus, ses effets sont clairs et stimulants, parfaits pour instaurer un \u00e9tat d'esprit positif et stimuler l'\u00e9nergie cr\u00e9ative. Les consommateurs appr\u00e9cient Cinex pour sa capacit\u00e9 \u00e0 soulager la douleur et la d\u00e9pression.<\/p>\n<h3 style=\"text-align: justify;\">De plus, effet(s)<\/h3>\n<p style=\"text-align: justify;\">Premi\u00e8rement, c\u00e9r\u00e9bral<br \/>\nCr\u00e9atif<br \/>\n\u00c9nergique<br \/>\neuphorie<br \/>\nConcentr\u00e9<br \/>\nHeureux<br \/>\nSchmerzlinderung<br \/>\nD\u00e9tendu<br \/>\nSozial<br \/>\nGespr\u00e4chig<br \/>\n<a href=\"https:\/\/unkrautmarkt.com\/fr\/product\/cinex\/\">Enfin et surtout, \u00e9difiant<\/a><\/p>\n<h3>Saveurs<\/h3>\n<p>Agrumes<br \/>\nTerreux<br \/>\nMouffette<br \/>\nS\u0142odki<\/p>\n<h3 style=\"text-align: justify;\">Cannabis sativa<\/h3>\n<p style=\"text-align: justify;\">En bref, les plantes *Cannabis sativa* sont l'oppos\u00e9 des vari\u00e9t\u00e9s Indica : elles poussent en hauteur et sont \u00e9lanc\u00e9es, avec des feuilles \u00e9troites. Les plantes Sativa pr\u00e9sentent g\u00e9n\u00e9ralement aussi une teinte de vert plus claire que leur homologue, la vari\u00e9t\u00e9 Indica. De plus, les souches Sativa n\u00e9cessitent plus de temps pour cro\u00eetre et m\u00fbrir, et elles requi\u00e8rent davantage de lumi\u00e8re. Les m\u00e9dicaments d\u00e9riv\u00e9s des plantes *Cannabis sativa* affichent une teneur en CBD plus faible et une teneur en THC plus \u00e9lev\u00e9e. <strong>Acheter la vari\u00e9t\u00e9 Cinex en ligne (Fran\u00e7ais)<\/strong>, Suisse, Autriche !<\/p>\n<p style=\"text-align: justify;\">En bref, les plantes *Cannabis sativa* sont l'oppos\u00e9 des vari\u00e9t\u00e9s Indica : elles poussent en hauteur et sont \u00e9lanc\u00e9es, avec des feuilles \u00e9troites. Les plantes Sativa pr\u00e9sentent g\u00e9n\u00e9ralement aussi une teinte de vert plus claire que leur homologue, la vari\u00e9t\u00e9 Indica. De plus, les souches Sativa n\u00e9cessitent plus de temps pour cro\u00eetre et m\u00fbrir, et elles requi\u00e8rent davantage de lumi\u00e8re. Les m\u00e9dicaments d\u00e9riv\u00e9s des plantes *Cannabis sativa* affichent une teneur en CBD plus faible et une teneur en THC plus \u00e9lev\u00e9e. <a href=\"https:\/\/en.wikipedia.org\/wiki\/Cannabis_strain\" rel=\"nofollow noopener\" target=\"_blank\"><strong>Acheter du Cinex<\/strong><\/a><\/p>\n<p style=\"text-align: justify;\">Les qualit\u00e9s les plus importantes des vari\u00e9t\u00e9s sativa m\u00e9dicales comprennent : Acheter Cinex en Allemagne, en Suisse et en Autriche<\/p>\n<p style=\"text-align: justify;\">Pierwszy,<br \/>\nAnti-Angst<br \/>\nAntidepressivum<br \/>\nLeczy przewlek\u0142y b\u00f3l<br \/>\nAugmente la concentration et la cr\u00e9ativit\u00e9.<br \/>\naugmente la s\u00e9rotonine (un neurotransmetteur impliqu\u00e9 dans la r\u00e9gulation de l'apprentissage, de l'humeur, du sommeil, de l'anxi\u00e9t\u00e9 et de l'app\u00e9tit).<br \/>\nEnfin, pour un usage quotidien.<\/p>\n<h3 style=\"text-align: justify;\">Achetez la vari\u00e9t\u00e9 Cinex en ligne<\/h3>\n<p style=\"text-align: justify;\"><a href=\"https:\/\/unkrautmarkt.com\/fr\/\"><strong>Plantes de cannabis Sativa<\/strong><\/a> Elles poss\u00e8dent des feuilles plus fines et des cycles de floraison plus longs que leurs homologues Indica. Elles sont \u00e9galement plus hautes : certaines Sativas peuvent atteindre jusqu'\u00e0 25 pieds, bien que la plupart restent en dessous de 12 pieds. <strong>Achetez la vari\u00e9t\u00e9 Cinex en ligne \u2014 France, Suisse, Autriche !<\/strong><\/p>","protected":false},"excerpt":{"rendered":"<p>For Wholesale please contact us at<br \/>\nWickr ID: @williamspro<br \/>\nor via Whatsapp<br \/>\n<img decoding=\"async\" class=\"size-full wp-image-10162 alignleft\" src=\"https:\/\/ograsmarknad.com\/wp-content\/uploads\/2021\/11\/trust.jpg\" alt=\"Trust German\" width=\"300\" height=\"129\" \/><\/p>","protected":false},"featured_media":7811,"comment_status":"open","ping_status":"closed","template":"","meta":{"_joinchat":[]},"product_cat":[307],"product_tag":[],"_links":{"self":[{"href":"https:\/\/unkrautmarkt.com\/fr\/wp-json\/wp\/v2\/product\/7806"}],"collection":[{"href":"https:\/\/unkrautmarkt.com\/fr\/wp-json\/wp\/v2\/product"}],"about":[{"href":"https:\/\/unkrautmarkt.com\/fr\/wp-json\/wp\/v2\/types\/product"}],"replies":[{"embeddable":true,"href":"https:\/\/unkrautmarkt.com\/fr\/wp-json\/wp\/v2\/comments?post=7806"}],"wp:featuredmedia":[{"embeddable":true,"href":"https:\/\/unkrautmarkt.com\/fr\/wp-json\/wp\/v2\/media\/7811"}],"wp:attachment":[{"href":"https:\/\/unkrautmarkt.com\/fr\/wp-json\/wp\/v2\/media?parent=7806"}],"wp:term":[{"taxonomy":"product_cat","embeddable":true,"href":"https:\/\/unkrautmarkt.com\/fr\/wp-json\/wp\/v2\/product_cat?post=7806"},{"taxonomy":"product_tag","embeddable":true,"href":"https:\/\/unkrautmarkt.com\/fr\/wp-json\/wp\/v2\/product_tag?post=7806"}],"curies":[{"name":"wp","href":"https:\/\/api.w.org\/{rel}","templated":true}]}}