{"id":7800,"date":"2021-10-28T09:11:17","date_gmt":"2021-10-28T09:11:17","guid":{"rendered":"https:\/\/unkrautmarkt.com\/?post_type=product&#038;p=7800"},"modified":"2026-03-12T06:24:51","modified_gmt":"2026-03-12T06:24:51","slug":"cherry-pie","status":"publish","type":"product","link":"https:\/\/unkrautmarkt.com\/fr\/product\/cherry-pie\/","title":{"rendered":"Cherry Pie"},"content":{"rendered":"<h2 style=\"text-align: justify;\">Cherry Pie Strain<\/h2>\n<p style=\"text-align: justify;\">Tout d'abord, c'est <a href=\"https:\/\/unkrautmarkt.com\/fr\/product\/cherry-pie\/\"><strong>Acheter de la Cherry Pie en ligne (French)<\/strong><\/a>En Autriche et en Suisse, il s'agit d'un hybride fortement dominant Indica (jusqu'\u00e0 80 %) \u2014 un croisement entre la Durban Poison et la Granddaddy Purple. Avec de tels parents \u00ab superstars \u00bb, on s'attendrait \u00e0 ce que cette vari\u00e9t\u00e9 soit d'une qualit\u00e9 irr\u00e9prochable ; et si vous l'achetez aupr\u00e8s de la bonne source, vous ne serez pas d\u00e9\u00e7u.<\/p>\n<p style=\"text-align: justify;\">Cherry Kush a des poils faiblement orang\u00e9s, un bourgeon \u00e9pais et un parfum difficile \u00e0 g\u00e2cher. Elle est superbe, avec un centre vert fonc\u00e9 entour\u00e9 de poils bruns \u00e9pais et recouvert de cristaux. Si tu perces un bourgeon, tu peux voir de nouveaux cristaux qui brillent simplement \u00e0 la lumi\u00e8re. <a href=\"https:\/\/en.wikipedia.org\/wiki\/Cannabis_strain\" rel=\"nofollow noopener\" target=\"_blank\">Wikipedia<\/a><\/p>\n<h3 style=\"text-align: justify;\">Sorteninfo \u2013 Cherry Pie<\/h3>\n<p style=\"text-align: justify;\">Deuxi\u00e8mement,  Acheter laCherry Pie Online est un hybride \u00e0 dominance indicative de Grand Daddy Purple et de Durban Poison. Bien qu'il soit difficile de trouver la version authentique de cette vari\u00e9t\u00e9 sp\u00e9ciale de marijuana m\u00e9dicale. Il ne sera certainement pas difficile de croire qu'il s'agit de la meilleure vari\u00e9t\u00e9. Dans sa composition structurelle, elle a des bourgeons denses avec des poils orange et pr\u00e9sente une l\u00e9g\u00e8re teinte violette. Inspire le nom de cette vari\u00e9t\u00e9 de marijuana m\u00e9dicinale\nAcheter Cherry Pie en Allemagne, en Autriche et en Suisse, son ar\u00f4me est celui du g\u00e2teau aux cerises. Elle est le plus souvent utilis\u00e9e par les patients qui souffrent de sympt\u00f4mes \u00e9vidents de SSPT, d'anxi\u00e9t\u00e9, de troubles bipolaires, de migraines et d'autres syndromes li\u00e9s au stress.<\/p>\n<p style=\"text-align: justify;\">Bien que son usage par les patients puisse entra\u00eener une s\u00e9cheresse oculaire et buccale, cette vari\u00e9t\u00e9 contribue ind\u00e9niablement \u00e0 intensifier l'euphorie, \u00e0 d\u00e9tendre le corps et l'esprit, \u00e0 am\u00e9liorer l'humeur et \u00e0 aiguiser la concentration. Pour les patients cherchant sp\u00e9cifiquement \u00e0 soulager la raideur musculaire et l'inconfort qui l'accompagne, cette souche peut assur\u00e9ment s'av\u00e9rer salvatrice. En somme, elle incarne le type par excellence de vari\u00e9t\u00e9 de cannabis \u00e0 vis\u00e9e m\u00e9dicale \u2014 celle que les patients privil\u00e9gient par-dessus toutes les autres ; elle att\u00e9nue les sympt\u00f4mes susmentionn\u00e9s de la mani\u00e8re la plus relaxante qui soit et, bien que ses effets s\u00e9datifs puissent occasionnellement provoquer une l\u00e9g\u00e8re irritation, sa valeur th\u00e9rapeutique demeure incontestable. <a href=\"https:\/\/unkrautmarkt.com\/fr\/p\/\"><strong>Cherry Pie<\/strong><\/a> Achetez en ligne en Allemagne, en Autriche et en Suisse !<\/p>","protected":false},"excerpt":{"rendered":"<p>For Wholesale please contact us at<br \/>\nWickr ID: @williamspro<br \/>\nor via Whatsapp<br \/>\n<img decoding=\"async\" class=\"size-full wp-image-10162 alignleft\" src=\"https:\/\/ograsmarknad.com\/wp-content\/uploads\/2021\/11\/trust.jpg\" alt=\"Trust German\" width=\"300\" height=\"129\" \/><\/p>","protected":false},"featured_media":7805,"comment_status":"open","ping_status":"closed","template":"","meta":{"_joinchat":[]},"product_cat":[307],"product_tag":[],"_links":{"self":[{"href":"https:\/\/unkrautmarkt.com\/fr\/wp-json\/wp\/v2\/product\/7800"}],"collection":[{"href":"https:\/\/unkrautmarkt.com\/fr\/wp-json\/wp\/v2\/product"}],"about":[{"href":"https:\/\/unkrautmarkt.com\/fr\/wp-json\/wp\/v2\/types\/product"}],"replies":[{"embeddable":true,"href":"https:\/\/unkrautmarkt.com\/fr\/wp-json\/wp\/v2\/comments?post=7800"}],"wp:featuredmedia":[{"embeddable":true,"href":"https:\/\/unkrautmarkt.com\/fr\/wp-json\/wp\/v2\/media\/7805"}],"wp:attachment":[{"href":"https:\/\/unkrautmarkt.com\/fr\/wp-json\/wp\/v2\/media?parent=7800"}],"wp:term":[{"taxonomy":"product_cat","embeddable":true,"href":"https:\/\/unkrautmarkt.com\/fr\/wp-json\/wp\/v2\/product_cat?post=7800"},{"taxonomy":"product_tag","embeddable":true,"href":"https:\/\/unkrautmarkt.com\/fr\/wp-json\/wp\/v2\/product_tag?post=7800"}],"curies":[{"name":"wp","href":"https:\/\/api.w.org\/{rel}","templated":true}]}}