{"id":7794,"date":"2021-10-28T08:55:56","date_gmt":"2021-10-28T08:55:56","guid":{"rendered":"https:\/\/unkrautmarkt.com\/?post_type=product&#038;p=7794"},"modified":"2026-03-12T06:24:59","modified_gmt":"2026-03-12T06:24:59","slug":"blueberry-kush","status":"publish","type":"product","link":"https:\/\/unkrautmarkt.com\/fr\/product\/blueberry-kush\/","title":{"rendered":"Blueberry Kush"},"content":{"rendered":"<h2 style=\"text-align: justify;\">Blueberry Kush online<\/h2>\n<p style=\"text-align: justify;\"><a href=\"https:\/\/en.wikipedia.org\/wiki\/Cannabis_(drug)\" rel=\"nofollow noopener\" target=\"_blank\"><strong>Blueberry Kush:<\/strong><\/a> ce m\u00e9lange originaire de la c\u00f4te ouest de Blueberry curative et de la populaire OG Kush produit des effets profond\u00e9ment apaisants, d'inspiration Indica, qui peuvent soulager les insomnies les plus tenaces et apaiser m\u00eame les douleurs les plus intenses. Avec les graines de cannabis Blueberry Kush de Growers Choice, vous pouvez soulager la douleur avec une alternative enti\u00e8rement naturelle aux opio\u00efdes pharmaceutiques et aux somnif\u00e8res qui vous emp\u00eachaient de dormir auparavant.<\/p>\n<h3 style=\"text-align: justify;\">Eltern der Blueberry<\/h3>\n<p style=\"text-align: justify;\">Afg \u2013 Indica afghane<\/p>\n<p style=\"text-align: justify;\">Tha \u2013 Tha\u00ef-Sativa<\/p>\n<p style=\"text-align: justify;\">Pth \u2013 Lila Thai Sativa<\/p>\n<h3 style=\"text-align: justify;\">Quels sont les effets ?<\/h3>\n<p style=\"text-align: justify;\">Blueberry Kush vous procurera une sensation de bonheur, de d\u00e9tente et une l\u00e9g\u00e8re euphorie avant de vous endormir. Gr\u00e2ce aux effets th\u00e9rapeutiques du CBD et au m\u00e9lange unique d'autres cannabino\u00efdes indica, le cannabis Blueberry Kush peut soulager la d\u00e9pression et stimuler le stress et la tension. L'euphorie mod\u00e9r\u00e9e de cette vari\u00e9t\u00e9 ne devrait pas dissuader les personnes qui consultent, car le sommeil suivra rapidement.<\/p>\n<h3 style=\"text-align: justify;\">Applications m\u00e9dicales<\/h3>\n<p style=\"text-align: justify;\">Les patients ont connu un grand succ\u00e8s avec l'utilisation de graines de cannabis Blueberry Kush pour traiter l'anxi\u00e9t\u00e9 et les migraines, les naus\u00e9es, les troubles de l'humeur et des maladies comme le TDAH. Les sympt\u00f4mes de la chimioth\u00e9rapie peuvent \u00eatre envahis par cette vari\u00e9t\u00e9 d'herbe fruit\u00e9e, et certains trouvent que les niveaux mod\u00e9r\u00e9s de CBD contrecarrent les crampes et les convulsions.<\/p>\n<h3 style=\"text-align: justify;\">Acheter Blueberry Kush en France, Allemagne, Autriche, Suisse<\/h3>\n<p style=\"text-align: justify;\">Une fois que vous avez fait germer vos graines de cannabis Blueberry Kush, vous devriez voir appara\u00eetre des plantes de taille moyenne. Elles n\u00e9cessitent un peu de savoir-faire pour une culture r\u00e9ussie. Une p\u00e9riode de floraison de six \u00e0 neuf semaines devrait donner lieu \u00e0 une r\u00e9colte mod\u00e9r\u00e9e de t\u00eates r\u00e9sineuses - jusqu'\u00e0 400 grammes par m\u00e8tre carr\u00e9 pour une culture en int\u00e9rieur.<\/p>\n<p style=\"text-align: justify;\">\u00c0 des temp\u00e9ratures id\u00e9ales, vous pouvez obtenir jusqu'\u00e0 600 grammes par plante en ext\u00e9rieur. Selon les conditions, des rendements inf\u00e9rieurs sont possibles, mais cette vari\u00e9t\u00e9 m\u00e9dicinale sup\u00e9rieure n'est g\u00e9n\u00e9ralement pas cultiv\u00e9e pour son \u00e9norme r\u00e9colte ; les patients de la culture \u00e0 domicile recherchent plut\u00f4t ses effets puissants.<\/p>\n<p style=\"text-align: justify;\">Bei <strong><a href=\"https:\/\/unkrautmarkt.com\/fr\/product\/blueberry-kush\/\">Unkrautmarkt.com<\/a><\/strong> , nous ne vendons que les meilleurs produits. Nos graines de cannabis Blueberry Kush ne sont qu'un autre exemple de notre engagement envers la qualit\u00e9. Test\u00e9es en laboratoire pour la g\u00e9n\u00e9tique et s\u00e9lectionn\u00e9es \u00e0 la main avant la livraison, nos graines de cannabis Blueberry Kush sont emball\u00e9es dans des flacons en verre m\u00e9dical. Il garantit que vos graines restent fra\u00eeches et viables aussi longtemps que possible.<\/p>\n<p style=\"text-align: justify;\">Nous garantissons un taux de germination de 90 % pour chaque commande. N'h\u00e9sitez pas \u00e0 contacter notre \u00e9quipe d'assistance comp\u00e9tente et disponible pour toute question concernant ce produit haut de gamme. <a href=\"https:\/\/unkrautmarkt.com\/fr\/\"><strong>Bestellen Sie noch heute Blueberry Kush<\/strong><\/a> Hanfsamen.<\/p>\n<p style=\"text-align: justify;\">Si vous souhaitez acheter ces produits, veuillez passer une commande. Notre \u00e9quipe vous servira devant votre porte. Veuillez \u00e9galement consulter nos autres produits.<\/p>","protected":false},"excerpt":{"rendered":"<p>For Wholesale please contact us at<br \/>\nWickr ID: @williamspro<br \/>\nor via Whatsapp<br \/>\n<img decoding=\"async\" class=\"size-full wp-image-10162 alignleft\" src=\"https:\/\/ograsmarknad.com\/wp-content\/uploads\/2021\/11\/trust.jpg\" alt=\"Trust German\" width=\"300\" height=\"129\" \/><\/p>","protected":false},"featured_media":7799,"comment_status":"open","ping_status":"closed","template":"","meta":{"_joinchat":[]},"product_cat":[307],"product_tag":[],"_links":{"self":[{"href":"https:\/\/unkrautmarkt.com\/fr\/wp-json\/wp\/v2\/product\/7794"}],"collection":[{"href":"https:\/\/unkrautmarkt.com\/fr\/wp-json\/wp\/v2\/product"}],"about":[{"href":"https:\/\/unkrautmarkt.com\/fr\/wp-json\/wp\/v2\/types\/product"}],"replies":[{"embeddable":true,"href":"https:\/\/unkrautmarkt.com\/fr\/wp-json\/wp\/v2\/comments?post=7794"}],"wp:featuredmedia":[{"embeddable":true,"href":"https:\/\/unkrautmarkt.com\/fr\/wp-json\/wp\/v2\/media\/7799"}],"wp:attachment":[{"href":"https:\/\/unkrautmarkt.com\/fr\/wp-json\/wp\/v2\/media?parent=7794"}],"wp:term":[{"taxonomy":"product_cat","embeddable":true,"href":"https:\/\/unkrautmarkt.com\/fr\/wp-json\/wp\/v2\/product_cat?post=7794"},{"taxonomy":"product_tag","embeddable":true,"href":"https:\/\/unkrautmarkt.com\/fr\/wp-json\/wp\/v2\/product_tag?post=7794"}],"curies":[{"name":"wp","href":"https:\/\/api.w.org\/{rel}","templated":true}]}}