{"id":5568,"date":"2018-11-05T22:21:36","date_gmt":"2018-11-05T22:21:36","guid":{"rendered":"https:\/\/unkrautmarkt.com\/?post_type=product&#038;p=5568"},"modified":"2026-03-12T06:25:17","modified_gmt":"2026-03-12T06:25:17","slug":"banana-kush","status":"publish","type":"product","link":"https:\/\/unkrautmarkt.com\/fr\/product\/banana-kush\/","title":{"rendered":"Banana Kush"},"content":{"rendered":"<h2 style=\"text-align: justify;\">Banana Kush Strain online<\/h2>\n<p style=\"text-align: justify;\">La Banana Kush Strain est une nouvelle souche qui a \u00e9t\u00e9 lanc\u00e9e il y a quelques mois. Cette souche est de plus en plus populaire et appr\u00e9ci\u00e9e.<\/p>\n<p style=\"text-align: justify;\">C'est une souche l\u00e9g\u00e8rement domin\u00e9e par la Sativa (60% Sativa\/40% Indica). Le nom vous le dit, car<\/p>\n<p style=\"text-align: justify;\">son ar\u00f4me et son go\u00fbt fruit\u00e9s et de dessert sont vraiment un plaisir pour les sens. La Banana Kush donne des picotements \u00e0 vos papilles gustatives, car elle vous fait d\u00e9river vers la relaxation que vous m\u00e9ritez. Achetez donc la Banana Kush Europe, l'herbe Banana Kush, le taux de THC de la Banana Kush. . <a href=\"https:\/\/unkrautmarkt.com\/fr\/product\/banana-kush\/\"><strong>Banana Kush Strain online<\/strong><\/a><\/p>\n<h3 style=\"text-align: justify;\">Apparence<\/h3>\n<p style=\"text-align: justify;\">Cette souche reste fid\u00e8le \u00e0 son h\u00e9ritage et est c\u00e9l\u00e8bre pour son ar\u00f4me fruit\u00e9 et de dessert. Bien que la Banana Kush adopte une structure dense. C'est repr\u00e9sentatif de son ascendance parentale, tout en d\u00e9gageant un ar\u00f4me bien \u00e0 elle. Donc, acheter Banana Weed en ligne, acheter Banana Kush France, commander Banana Kush en ligne Autriche, acheter Banana Strain Suisse.<\/p>\n<h3 style=\"text-align: justify;\">Effets de la Banana Kush<\/h3>\n<p style=\"text-align: justify;\">Son go\u00fbt s\u00e9duisant est bas\u00e9 sur les pommes et une touche de saveur fruit\u00e9e, sucr\u00e9e et de bonbon. Elle vous donnera certainement un high puissant qui d\u00e9tendra chaque parcelle de vos muscles. Alors mieux vaut consommer cette herbe<\/p>\n<p style=\"text-align: justify;\">les jours de paresse et apr\u00e8s une journ\u00e9e fatigante. Elle peut m\u00eame vous mettre dans un \u00e9tat de blocage du canap\u00e9. Par cons\u00e9quent, vous pouvez rechercher Banana Weed for sale Germany. Pour en savoir plus sur cette plante. On se demande aussi souvent si la Banana Kush est une Sativa ou une Indica.<\/p>\n<h3 style=\"text-align: justify;\">Avantages m\u00e9dicaux<\/h3>\n<p style=\"text-align: justify;\">M\u00e9dicalement, la Banana Kush est connue pour aider \u00e0 r\u00e9soudre des probl\u00e8mes de sommeil intenses. Le Banana Kush est \u00e9galement connu pour \u00eatre tr\u00e8s utile dans le traitement de la d\u00e9pression. Les d\u00e9pressions sont assez r\u00e9pandues, sans que la plupart des gens ne sachent qu'ils en souffrent. En tant que tel, seuls les m\u00e9decins peuvent d\u00e9tecter cette souche de Banana Kush. En outre, la Banana Kush est connue pour \u00eatre parfaitement efficace dans le traitement du cancer et de nombreuses autres maladies. Acheter Banana Kush en Autriche.<\/p>\n<p style=\"text-align: justify;\">Les termes de recherche courants pour cette souche sont Banana Strain Review, Buy Banana Kush for sale Europe, Banana weed for sale. Vous pouvez \u00e9galement rechercher Banana Kush vente Suisse, Banana Kush weed vente Allemagne, Banana Kush weed vente Autriche.<\/p>\n<h3>Pourquoi acheter Banana Kush en ligne chez nous ?<\/h3>\n<p>En tant que leader de la vente de cannabis en ligne, nous accordons une importance primordiale \u00e0 une qualit\u00e9 in\u00e9gal\u00e9e, une discr\u00e9tion absolue et un excellent service client. <a href=\"https:\/\/en.wikipedia.org\/wiki\/Kush_(cannabis)\" rel=\"nofollow noopener\" target=\"_blank\"><strong>Commandez Banana Kush en ligne chez nous<\/strong><\/a>, nous vous garantissons :<\/p>\n<p><strong>Qualit\u00e9 sup\u00e9rieure :<\/strong> Nous nous approvisionnons aupr\u00e8s de producteurs reconnus, vous ne recevez donc que du cannabis de la meilleure qualit\u00e9, test\u00e9 en laboratoire.<br \/>\n<strong>Exp\u00e9dition discr\u00e8te\u00a0:<\/strong> Votre commande sera emball\u00e9e et exp\u00e9di\u00e9e avec la plus grande discr\u00e9tion et s\u00e9curit\u00e9 \u2013 partout dans le monde.<br \/>\nOutre la Banana Kush, vous trouverez \u00e9galement chez nous une large s\u00e9lection de vari\u00e9t\u00e9s de cannabis, de produits comestibles, de concentr\u00e9s et d'accessoires.<br \/>\n<strong>Service client:<\/strong> Notre personnel comp\u00e9tent se fera un plaisir de r\u00e9pondre \u00e0 vos questions et de vous guider tout au long du processus de commande.<\/p>\n<p><strong>* Confort:<\/strong> Commandez du cannabis de haute qualit\u00e9 depuis le confort de votre domicile et \u00e9vitez les files d'attente.<\/p>\n<p>Ne manquez pas l'occasion de d\u00e9couvrir les effets revigorants et aromatiques de la Banana Kush. <strong>Vous souhaitez acheter de la Banana Kush en ligne ?<\/strong>Assurez-vous de choisir un fournisseur de confiance. Commandez d\u00e8s aujourd'hui et constatez-le par vous-m\u00eame. <a href=\"https:\/\/unkrautmarkt.com\/fr\/\"><strong>unkrautmark.com<\/strong><\/a> Nous sommes le meilleur choix pour le cannabis de qualit\u00e9 sup\u00e9rieure. Nous offrons \u00e0 nos clients du monde entier une fa\u00e7on s\u00fbre, fiable et agr\u00e9able d'acheter du cannabis en ligne.<\/p>","protected":false},"excerpt":{"rendered":"<p>For Wholesale please contact us at<br \/>\nWickr ID: @williamspro<br \/>\nor via Whatsapp<br \/>\n<img decoding=\"async\" class=\"size-full wp-image-10162 alignleft\" src=\"https:\/\/ograsmarknad.com\/wp-content\/uploads\/2021\/11\/trust.jpg\" alt=\"Trust German\" width=\"300\" height=\"129\" \/><\/p>","protected":false},"featured_media":7793,"comment_status":"open","ping_status":"closed","template":"","meta":{"_joinchat":[]},"product_cat":[307],"product_tag":[],"_links":{"self":[{"href":"https:\/\/unkrautmarkt.com\/fr\/wp-json\/wp\/v2\/product\/5568"}],"collection":[{"href":"https:\/\/unkrautmarkt.com\/fr\/wp-json\/wp\/v2\/product"}],"about":[{"href":"https:\/\/unkrautmarkt.com\/fr\/wp-json\/wp\/v2\/types\/product"}],"replies":[{"embeddable":true,"href":"https:\/\/unkrautmarkt.com\/fr\/wp-json\/wp\/v2\/comments?post=5568"}],"wp:featuredmedia":[{"embeddable":true,"href":"https:\/\/unkrautmarkt.com\/fr\/wp-json\/wp\/v2\/media\/7793"}],"wp:attachment":[{"href":"https:\/\/unkrautmarkt.com\/fr\/wp-json\/wp\/v2\/media?parent=5568"}],"wp:term":[{"taxonomy":"product_cat","embeddable":true,"href":"https:\/\/unkrautmarkt.com\/fr\/wp-json\/wp\/v2\/product_cat?post=5568"},{"taxonomy":"product_tag","embeddable":true,"href":"https:\/\/unkrautmarkt.com\/fr\/wp-json\/wp\/v2\/product_tag?post=5568"}],"curies":[{"name":"wp","href":"https:\/\/api.w.org\/{rel}","templated":true}]}}