{"id":8745,"date":"2022-12-14T10:07:34","date_gmt":"2022-12-14T10:07:34","guid":{"rendered":"https:\/\/unkrautmarkt.com\/?page_id=8745"},"modified":"2024-12-31T05:56:58","modified_gmt":"2024-12-31T05:56:58","slug":"wie-man-cannabis-online-bestellt","status":"publish","type":"page","link":"https:\/\/unkrautmarkt.com\/fr\/comment-commander-du-cannabis-en-ligne\/","title":{"rendered":"Comment commander du cannabis en ligne 2024"},"content":{"rendered":"<h2>Comment commander sur UnkrautMarkt \/ Comment commander du cannabis en ligne 2024<\/h2>\n<p>Comment commander du cannabis en ligne 2024, Nous avons travaill\u00e9 dur pour simplifier autant que possible le processus de commande sur notre site Web. Gr\u00e2ce \u00e0 cela, les clients peuvent finaliser leurs commandes en moins d\u2019une minute.<\/p>\n<p>Les proc\u00e9dures simples pour passer efficacement votre commande sont indiqu\u00e9es ci-dessous.<\/p>\n<p>\u00c9tape 1 : s\u00e9lectionnez la cat\u00e9gorie de produits souhait\u00e9e. Il suffit de cliquer sur la page de la boutique pour voir tout ce que la boutique a \u00e0 offrir.<\/p>\n<p>\u00c9tape 2 : Recherchez l'article que vous souhaitez acheter sur la page de notre boutique et cliquez dessus pour afficher d'autres options.<\/p>\n<p>\u00c9tape 3 : s\u00e9lectionnez la quantit\u00e9 souhait\u00e9e, ajoutez-la \u00e0 votre panier et allez \u00e0 la page de paiement. Si vous souhaitez ajouter d'autres marchandises \u00e0 votre panier, r\u00e9p\u00e9tez les \u00e9tapes 1 et 2.<\/p>\n<p>\u00c9tape 4 : Sur la page de paiement, veuillez indiquer votre adresse de facturation et de livraison. Une fois que vous avez fourni les informations requises, vous devez accepter les conditions.<\/p>\n<p>\u00c9tape 5 : Sur l'\u00e9cran de paiement, s\u00e9lectionnez votre m\u00e9thode de paiement, puis cliquez sur le bouton pour finaliser votre commande.<\/p>\n<p>\u00c9tape 6 : Apr\u00e8s avoir pass\u00e9 votre commande, v\u00e9rifiez votre e-mail, car nous vous enverrons les instructions de paiement peu apr\u00e8s. Il ne reste que deux \u00e9tapes : effectuer le paiement et r\u00e9pondre \u00e0 l'e-mail contenant les informations de paiement.<a href=\"https:\/\/en.wikipedia.org\/wiki\/Weed_control\" rel=\"nofollow noopener\" target=\"_blank\">.<\/a><\/p>\n<p>Votre commande ne sera pas exp\u00e9di\u00e9e si le paiement n'a pas \u00e9t\u00e9 effectu\u00e9 apr\u00e8s que vous ayez cliqu\u00e9 sur le bouton \"Commander\".<a href=\"https:\/\/unkrautmarkt.com\/fr\/\">.<\/a><\/p>","protected":false},"excerpt":{"rendered":"<p>So bestellen Sie bei UnkrautMarkt \/ Wie man Cannabis online bestellt 2024 Wie man Cannabis online bestellt 2024, Wir haben hart daran gearbeitet, den Bestellvorgang auf unserer Website so weit wie m\u00f6glich zu vereinfachen. Aus diesem Grund k\u00f6nnen Kunden ihre Bestellungen in weniger als einer Minute abschlie\u00dfen. Die einfachen Verfahren zum effektiven Aufgeben Ihrer Bestellung sind unten aufgef\u00fchrt. Schritt 1: W\u00e4hlen Sie die gew\u00fcnschte Produktkategorie aus. Klicken Sie einfach auf die Shop-Seite, um alles zu sehen, was der Shop zu bieten hat. Schritt 2: Suchen Sie den Artikel, den Sie kaufen m\u00f6chten, auf unserer Shop-Seite und klicken Sie darauf, um weitere Optionen anzuzeigen. Schritt 3: W\u00e4hlen Sie die gew\u00fcnschte Menge aus, legen Sie sie in Ihren Warenkorb und gehen Sie zur Zahlungsseite. Wenn Sie weitere Waren in Ihren Warenkorb legen m\u00f6chten, wiederholen Sie die Schritte 1 und 2. Schritt 4: Geben Sie auf der Checkout-Seite bitte Ihre Rechnungs- und Lieferadresse [&hellip;]<\/p>","protected":false},"author":1,"featured_media":0,"parent":0,"menu_order":0,"comment_status":"closed","ping_status":"closed","template":"","meta":{"footnotes":"","_joinchat":[]},"_links":{"self":[{"href":"https:\/\/unkrautmarkt.com\/fr\/wp-json\/wp\/v2\/pages\/8745"}],"collection":[{"href":"https:\/\/unkrautmarkt.com\/fr\/wp-json\/wp\/v2\/pages"}],"about":[{"href":"https:\/\/unkrautmarkt.com\/fr\/wp-json\/wp\/v2\/types\/page"}],"author":[{"embeddable":true,"href":"https:\/\/unkrautmarkt.com\/fr\/wp-json\/wp\/v2\/users\/1"}],"replies":[{"embeddable":true,"href":"https:\/\/unkrautmarkt.com\/fr\/wp-json\/wp\/v2\/comments?post=8745"}],"version-history":[{"count":7,"href":"https:\/\/unkrautmarkt.com\/fr\/wp-json\/wp\/v2\/pages\/8745\/revisions"}],"predecessor-version":[{"id":9399,"href":"https:\/\/unkrautmarkt.com\/fr\/wp-json\/wp\/v2\/pages\/8745\/revisions\/9399"}],"wp:attachment":[{"href":"https:\/\/unkrautmarkt.com\/fr\/wp-json\/wp\/v2\/media?parent=8745"}],"curies":[{"name":"wp","href":"https:\/\/api.w.org\/{rel}","templated":true}]}}