{"id":8433,"date":"2022-07-14T11:50:35","date_gmt":"2022-07-14T11:50:35","guid":{"rendered":"https:\/\/unkrautmarkt.com\/?page_id=8433"},"modified":"2022-07-14T11:50:35","modified_gmt":"2022-07-14T11:50:35","slug":"haeufig-gestellte-fragen","status":"publish","type":"page","link":"https:\/\/unkrautmarkt.com\/fr\/haeufig-gestellte-fragen\/","title":{"rendered":"H\u00e4ufig gestellte Fragen"},"content":{"rendered":"<section class=\"wpb-content-wrapper\"><div class=\"vc_row wpb_row vc_row-fluid\"><div class=\"wpb_column vc_column_container vc_col-sm-12\"><div class=\"vc_column-inner\"><div class=\"wpb_wrapper\"><div  class=\"vc_toggle vc_toggle_default vc_toggle_color_default  vc_toggle_size_md\"><div class=\"vc_toggle_title\"><h4>Wie bestelle ich Gras?<\/h4><i class=\"vc_toggle_icon\"><\/i><\/div><div class=\"vc_toggle_content\"><p>Wenn Sie Weed in unserem Gesch\u00e4ft bestellen m\u00f6chten, k\u00f6nnen Sie das gew\u00fcnschte Produkt einfach in den Warenkorb legen und die Zahlung daf\u00fcr vornehmen. Ihre Bestellung wird direkt im Anschluss aufgegeben.<\/p>\n<\/div><\/div><div  class=\"vc_toggle vc_toggle_default vc_toggle_color_default  vc_toggle_size_md\"><div class=\"vc_toggle_title\"><h4>Ist es sicher, Weed online zu bestellen?<\/h4><i class=\"vc_toggle_icon\"><\/i><\/div><div class=\"vc_toggle_content\"><p>Ja, es ist v\u00f6llig sicher, Gras online bei UnkrautMarkt zu bestellen. Ihre Identit\u00e4t und andere Informationen werden bei uns sicher aufbewahrt.<\/p>\n<\/div><\/div><div  class=\"vc_toggle vc_toggle_default vc_toggle_color_default  vc_toggle_size_md\"><div class=\"vc_toggle_title\"><h4>Wie viel Gramm Gras kann ich bestellen?<\/h4><i class=\"vc_toggle_icon\"><\/i><\/div><div class=\"vc_toggle_content\"><p>Es liegt ganz bei Ihnen, wie viel Gras Sie bestellen m\u00f6chten. Unabh\u00e4ngig von den Grammzahlen, die wir zum Zeitpunkt der Bestellung erhalten, werden wir die gleichen verpacken und an Sie liefern.<\/p>\n<\/div><\/div><div  class=\"vc_toggle vc_toggle_default vc_toggle_color_default  vc_toggle_size_md\"><div class=\"vc_toggle_title\"><h4>Welche Zahlungsm\u00f6glichkeiten gibt es?<\/h4><i class=\"vc_toggle_icon\"><\/i><\/div><div class=\"vc_toggle_content\"><p>Auf unserer Website stehen verschiedene Zahlungsgateways wie Bitcoin, Western Union, Bank\u00fcberweisung, Debit- und Kreditkarte zur Verf\u00fcgung. Sie k\u00f6nnen die passende Option ausw\u00e4hlen und die Zahlung vornehmen.<\/p>\n<\/div><\/div><div  class=\"vc_toggle vc_toggle_default vc_toggle_color_default  vc_toggle_size_md\"><div class=\"vc_toggle_title\"><h4>Wie wird meine Bestellung versendet?<\/h4><i class=\"vc_toggle_icon\"><\/i><\/div><div class=\"vc_toggle_content\"><p>Sobald wir die Bestelldaten erhalten, wird es ebenfalls verpackt. Unser Versandpartner holt Ihre Bestellung bei uns ab und versendet sie schnellstm\u00f6glich fachgerecht.<\/p>\n<\/div><\/div><div  class=\"vc_toggle vc_toggle_default vc_toggle_color_default  vc_toggle_size_md\"><div class=\"vc_toggle_title\"><h4>Wie kann ich dich erreichen?<\/h4><i class=\"vc_toggle_icon\"><\/i><\/div><div class=\"vc_toggle_content\"><p>Sie gelangen einfach auf die Kontaktseite unserer Website und erreichen uns auf den genannten Plattformen. Sie k\u00f6nnen uns jederzeit per Telefon, SMS oder E-Mail erreichen.<\/p>\n<\/div><\/div><div  class=\"vc_toggle vc_toggle_default vc_toggle_color_default  vc_toggle_size_md\"><div class=\"vc_toggle_title\"><h4>Wie lange dauert es, bis Ihre Bestellung eintrifft?<\/h4><i class=\"vc_toggle_icon\"><\/i><\/div><div class=\"vc_toggle_content\"><p>Jede Bestellung, die Sie aufgeben, wird innerhalb von 7-8 Werktagen abgeschlossen.<\/p>\n<\/div><\/div><div  class=\"vc_toggle vc_toggle_default vc_toggle_color_default  vc_toggle_size_md\"><div class=\"vc_toggle_title\"><h4>Sind die Fotos des Unkrauts wirklich echt?<\/h4><i class=\"vc_toggle_icon\"><\/i><\/div><div class=\"vc_toggle_content\"><p>Ja, alle Fotos wurden professionell von demselben Produkt angeklickt, das wir an unsere Kunden weltweit verkaufen. Was Sie genau auf dem Bild sehen, wird Ihnen geliefert.<\/p>\n<\/div><\/div><div  class=\"vc_toggle vc_toggle_default vc_toggle_color_default  vc_toggle_size_md\"><div class=\"vc_toggle_title\"><h4>Wird meine Bestellung diskret versendet?<\/h4><i class=\"vc_toggle_icon\"><\/i><\/div><div class=\"vc_toggle_content\"><p>Wir verpacken Ihre Bestellung diskret in einem Umschlag oder Postkasten. Da Ihre Bestellung vakuumverpackt wird, ist eine R\u00fcckverfolgung nicht m\u00f6glich. Es wird keinen Geruch geben. Ihre Bestellung wird wie jede andere Post aussehen.<\/p>\n<\/div><\/div><div  class=\"vc_toggle vc_toggle_default vc_toggle_color_default  vc_toggle_size_md\"><div class=\"vc_toggle_title\"><h4>Muss ich zu Hause bleiben, um meine Bestellung entgegenzunehmen?<\/h4><i class=\"vc_toggle_icon\"><\/i><\/div><div class=\"vc_toggle_content\"><p>Es besteht keine Verpflichtung, zu Hause zu bleiben, um die Bestellung entgegenzunehmen. Unsere gesamte Post wird als Briefkastenpost verschickt.<\/p>\n<\/div><\/div><div  class=\"vc_toggle vc_toggle_default vc_toggle_color_default  vc_toggle_size_md\"><div class=\"vc_toggle_title\"><h4>Muss ich unter meinem eigenen Namen bestellen?<\/h4><i class=\"vc_toggle_icon\"><\/i><\/div><div class=\"vc_toggle_content\"><p>Nein, es ist wirklich nicht notwendig, unter Ihrem eigenen Namen zu bestellen. Nur Ihre Lieferadresse muss korrekt sein.<\/p>\n<\/div><\/div><div  class=\"vc_toggle vc_toggle_default vc_toggle_color_default  vc_toggle_size_md\"><div class=\"vc_toggle_title\"><h4>Ihre Frage ist hier nicht aufgef\u00fchrt?<\/h4><i class=\"vc_toggle_icon\"><\/i><\/div><div class=\"vc_toggle_content\"><p>Sollte Ihre gew\u00fcnschte Frage hier nicht aufgef\u00fchrt sein, erreichen Sie uns \u00fcber unsere Kommunikationsplattformen oder f\u00fcllen Sie das Kontaktformular mit Ihrer Anfrage aus. Unsere Vertreter werden versuchen, Ihre Anfrage so schnell wie m\u00f6glich zu l\u00f6sen.<\/p>\n<\/div><\/div><\/div><\/div><\/div><\/div>\n<\/section>","protected":false},"excerpt":{"rendered":"Wie bestelle ich Gras?Wenn Sie Weed in unserem Gesch\u00e4ft bestellen m\u00f6chten, k\u00f6nnen Sie das gew\u00fcnschte Produkt einfach in den Warenkorb legen und die Zahlung daf\u00fcr vornehmen. Ihre Bestellung wird direkt im Anschluss aufgegeben. Ist es sicher, Weed online zu bestellen?Ja, es ist v\u00f6llig sicher, Gras online bei UnkrautMarkt zu bestellen. Ihre Identit\u00e4t und andere Informationen werden bei uns sicher aufbewahrt. Wie viel Gramm Gras kann ich bestellen?Es liegt ganz bei Ihnen, wie viel Gras Sie bestellen m\u00f6chten. Unabh\u00e4ngig von den Grammzahlen, die wir zum Zeitpunkt der Bestellung erhalten, werden wir die gleichen verpacken und an Sie liefern. Welche Zahlungsm\u00f6glichkeiten gibt es?Auf unserer Website stehen verschiedene Zahlungsgateways wie Bitcoin, Western Union, Bank\u00fcberweisung, Debit- und Kreditkarte zur Verf\u00fcgung. Sie k\u00f6nnen die passende Option ausw\u00e4hlen und die Zahlung vornehmen. Wie wird meine Bestellung versendet?Sobald wir die Bestelldaten erhalten, wird es ebenfalls verpackt. Unser Versandpartner holt Ihre Bestellung bei uns ab und versendet sie [...]","protected":false},"author":1,"featured_media":0,"parent":0,"menu_order":0,"comment_status":"closed","ping_status":"closed","template":"","meta":{"footnotes":"","_joinchat":[]},"_links":{"self":[{"href":"https:\/\/unkrautmarkt.com\/fr\/wp-json\/wp\/v2\/pages\/8433"}],"collection":[{"href":"https:\/\/unkrautmarkt.com\/fr\/wp-json\/wp\/v2\/pages"}],"about":[{"href":"https:\/\/unkrautmarkt.com\/fr\/wp-json\/wp\/v2\/types\/page"}],"author":[{"embeddable":true,"href":"https:\/\/unkrautmarkt.com\/fr\/wp-json\/wp\/v2\/users\/1"}],"replies":[{"embeddable":true,"href":"https:\/\/unkrautmarkt.com\/fr\/wp-json\/wp\/v2\/comments?post=8433"}],"version-history":[{"count":1,"href":"https:\/\/unkrautmarkt.com\/fr\/wp-json\/wp\/v2\/pages\/8433\/revisions"}],"predecessor-version":[{"id":8434,"href":"https:\/\/unkrautmarkt.com\/fr\/wp-json\/wp\/v2\/pages\/8433\/revisions\/8434"}],"wp:attachment":[{"href":"https:\/\/unkrautmarkt.com\/fr\/wp-json\/wp\/v2\/media?parent=8433"}],"curies":[{"name":"wp","href":"https:\/\/api.w.org\/{rel}","templated":true}]}}