{"id":8537,"date":"2022-08-03T14:06:10","date_gmt":"2022-08-03T14:06:10","guid":{"rendered":"https:\/\/unkrautmarkt.com\/?post_type=product&#038;p=8537"},"modified":"2026-03-16T05:04:07","modified_gmt":"2026-03-16T05:04:07","slug":"tangie-og-wax","status":"publish","type":"product","link":"https:\/\/unkrautmarkt.com\/es\/product\/tangie-og-wax\/","title":{"rendered":"Cera Tangie OG"},"content":{"rendered":"<h2>Cera Tangie OG<\/h2>\n<p>El aceite de hach\u00eds se bate durante todo el proceso de purificaci\u00f3n para <a href=\"https:\/\/unkrautmarkt.com\/es\/\"><strong>Para hacer cera Tangie OG<\/strong><\/a>.<\/p>\n<p>Resultados de laboratorio de <a href=\"https:\/\/en.wikipedia.org\/wiki\/List_of_names_for_cannabis\" rel=\"nofollow noopener\" target=\"_blank\">Cera Tangie OG<\/a>:<br \/>\nTHC: 81,84 %<br \/>\nCBD: 1,29 %<\/p>\n<p>La cera es una sustancia s\u00f3lida y opaca, similar al shatter. Visualmente, tiene una apariencia mantecosa y no es tan transl\u00facida como el shatter. Existen varios tipos de cera, entre ellos:<\/p>\n<p>Budder: Uno m\u00e1s l\u00edquido y pegajoso. <a href=\"https:\/\/unkrautmarkt.com\/es\/product\/tangie-og-wax\/\">Wax-Form<\/a> con un mayor contenido de humedad que otras concentraciones.<\/p>\n<p>con un mayor contenido de humedad que otras concentraciones.<\/p>\n<p>La cera m\u00e1s cremosa y suave es Budder.<br \/>\nCera de nido de abeja y desmenuzada: Cera blanda pero quebradiza.<\/p>\n<p>Crumble de az\u00facar: conocido por su textura desmenuzable y superficie cristalina, el crumble de az\u00facar es f\u00e1cil de trabajar debido a su baja pegajosidad.<\/p>\n<p>Crumble de cera: Una variante del crumble de az\u00facar con una superficie m\u00e1s lisa. Comparado con el crumble de az\u00facar, el crumble de cera es m\u00e1s cremoso y menos pegajoso.<\/p>","protected":false},"excerpt":{"rendered":"<p>F\u00fcr den Gro\u00dfhandel kontaktieren Sie uns bitte unter<br \/>\nWickr-ID: @williamspro<br \/>\noder per Whatsapp<br \/>\n<img decoding=\"async\" class=\"size-full wp-image-10162 alignleft\" src=\"https:\/\/ograsmarknad.com\/wp-content\/uploads\/2021\/11\/trust.jpg\" alt=\"Trust German\" width=\"300\" height=\"129\" \/><\/p>","protected":false},"featured_media":8541,"comment_status":"open","ping_status":"closed","template":"","meta":{"_joinchat":[]},"product_cat":[325],"product_tag":[],"_links":{"self":[{"href":"https:\/\/unkrautmarkt.com\/es\/wp-json\/wp\/v2\/product\/8537"}],"collection":[{"href":"https:\/\/unkrautmarkt.com\/es\/wp-json\/wp\/v2\/product"}],"about":[{"href":"https:\/\/unkrautmarkt.com\/es\/wp-json\/wp\/v2\/types\/product"}],"replies":[{"embeddable":true,"href":"https:\/\/unkrautmarkt.com\/es\/wp-json\/wp\/v2\/comments?post=8537"}],"wp:featuredmedia":[{"embeddable":true,"href":"https:\/\/unkrautmarkt.com\/es\/wp-json\/wp\/v2\/media\/8541"}],"wp:attachment":[{"href":"https:\/\/unkrautmarkt.com\/es\/wp-json\/wp\/v2\/media?parent=8537"}],"wp:term":[{"taxonomy":"product_cat","embeddable":true,"href":"https:\/\/unkrautmarkt.com\/es\/wp-json\/wp\/v2\/product_cat?post=8537"},{"taxonomy":"product_tag","embeddable":true,"href":"https:\/\/unkrautmarkt.com\/es\/wp-json\/wp\/v2\/product_tag?post=8537"}],"curies":[{"name":"wp","href":"https:\/\/api.w.org\/{rel}","templated":true}]}}