{"id":8531,"date":"2022-08-03T14:01:36","date_gmt":"2022-08-03T14:01:36","guid":{"rendered":"https:\/\/unkrautmarkt.com\/?post_type=product&#038;p=8531"},"modified":"2026-03-16T05:07:45","modified_gmt":"2026-03-16T05:07:45","slug":"skywalker-og-wax","status":"publish","type":"product","link":"https:\/\/unkrautmarkt.com\/es\/product\/skywalker-og-wax\/","title":{"rendered":"Skywalker OG Wax"},"content":{"rendered":"<h2>Skywalker OG: Sum\u00e9rgete en la alegr\u00eda pura con un potente h\u00edbrido Indica.<\/h2>\n<p><a href=\"https:\/\/unkrautmarkt.com\/es\/\">Skywalker OG Wax<\/a>Skywalker OG, una potente cepa h\u00edbrida de dominancia \u00edndica, fruto del delicioso cruce entre Skywalker y OG Kush, te ayuda a relajarte y sentirte con energ\u00eda. Esta cepa es ideal para relajarse por las tardes o para desestresarse durante el d\u00eda, ya que combina una r\u00e1pida explosi\u00f3n de creatividad euf\u00f3rica con una profunda relajaci\u00f3n f\u00edsica. Con un contenido de THC del 95%, Skywalker OG es la opci\u00f3n perfecta para un efecto equilibrado y relajante que calma cuerpo y mente.<\/p>\n<h3>Perfil de aroma y sabor<\/h3>\n<p>Al abrir Skywalker OG Wax, te invade un intenso aroma que recuerda a su herencia Kush OG. Es una dulce mezcla de notas frutales y terrosas con un toque de frutos secos picantes. Esta variedad ofrece una experiencia agradable y sabrosa al fumarla o vapearla gracias a su rico contenido en terpenos.<\/p>\n<h3>Efectos y beneficios<\/h3>\n<p>Con un contenido de THC del 95%, Skywalker OG Wax ofrece la relajaci\u00f3n profunda y relajante que anhelan los amantes de las \u00edndicas. El efecto de Skywalker OG es fuerte y relajante, provocando un letargo pronunciado y antojos de comida. Esto se acompa\u00f1a de un efecto euf\u00f3rico y alegre que da paso a un sue\u00f1o profundo y tranquilo. Los efectos calmantes de esta variedad la hacen ideal para quienes buscan cannabis medicinal para aliviar el estr\u00e9s cr\u00f3nico, las migra\u00f1as, los cambios de humor, las n\u00e1useas, la p\u00e9rdida de apetito, el dolor cr\u00f3nico, los espasmos musculares y el insomnio. Proporciona un alivio agradable tanto para el cuerpo como para la mente.<\/p>\n<p>\u00bfBuscas una tienda de cannabis que ofrezca calidad y un gran ambiente? <a href=\"https:\/\/en.wikipedia.org\/wiki\/Cannabis\" rel=\"nofollow noopener\" target=\"_blank\">Unkrautmarkt<\/a> Esta farmacia es una de las mejores de Grand Rapids y ofrece productos de alta calidad en un ambiente relajado y acogedor. Desde flores arom\u00e1ticas y concentrados potentes hasta comestibles irresistibles y vaporizadores suaves, lo tienen todo. <a href=\"https:\/\/unkrautmarkt.com\/es\/product\/skywalker-og-wax\/\">Skywalker OG Wax<\/a> y porros liados profesionalmente: con nosotros encontrar\u00e1 todo lo que necesita para disfrutar individualmente del cannabis.<\/p>\n<p>Tanto si eres cliente habitual como si buscas descubrir las mejores farmacias, nuestro equipo de expertos estar\u00e1 encantado de ayudarte a encontrar el producto perfecto. Con ofertas en constante cambio y un men\u00fa repleto de opciones frescas, siempre merece la pena visitar Unkrautmarkt.<\/p>","protected":false},"excerpt":{"rendered":"<p>F\u00fcr den Gro\u00dfhandel kontaktieren Sie uns bitte unter<br \/>\nWickr-ID: @williamspro<br \/>\noder per Whatsapp<br \/>\n<img decoding=\"async\" class=\"size-full wp-image-10162 alignleft\" src=\"https:\/\/ograsmarknad.com\/wp-content\/uploads\/2021\/11\/trust.jpg\" alt=\"Trust German\" width=\"300\" height=\"129\" \/><\/p>","protected":false},"featured_media":8535,"comment_status":"open","ping_status":"closed","template":"","meta":{"_joinchat":[]},"product_cat":[325],"product_tag":[],"_links":{"self":[{"href":"https:\/\/unkrautmarkt.com\/es\/wp-json\/wp\/v2\/product\/8531"}],"collection":[{"href":"https:\/\/unkrautmarkt.com\/es\/wp-json\/wp\/v2\/product"}],"about":[{"href":"https:\/\/unkrautmarkt.com\/es\/wp-json\/wp\/v2\/types\/product"}],"replies":[{"embeddable":true,"href":"https:\/\/unkrautmarkt.com\/es\/wp-json\/wp\/v2\/comments?post=8531"}],"wp:featuredmedia":[{"embeddable":true,"href":"https:\/\/unkrautmarkt.com\/es\/wp-json\/wp\/v2\/media\/8535"}],"wp:attachment":[{"href":"https:\/\/unkrautmarkt.com\/es\/wp-json\/wp\/v2\/media?parent=8531"}],"wp:term":[{"taxonomy":"product_cat","embeddable":true,"href":"https:\/\/unkrautmarkt.com\/es\/wp-json\/wp\/v2\/product_cat?post=8531"},{"taxonomy":"product_tag","embeddable":true,"href":"https:\/\/unkrautmarkt.com\/es\/wp-json\/wp\/v2\/product_tag?post=8531"}],"curies":[{"name":"wp","href":"https:\/\/api.w.org\/{rel}","templated":true}]}}