{"id":8521,"date":"2022-08-03T13:55:58","date_gmt":"2022-08-03T13:55:58","guid":{"rendered":"https:\/\/unkrautmarkt.com\/?post_type=product&#038;p=8521"},"modified":"2026-03-16T05:09:14","modified_gmt":"2026-03-16T05:09:14","slug":"royal-kush-wax-crumble","status":"publish","type":"product","link":"https:\/\/unkrautmarkt.com\/es\/product\/royal-kush-wax-crumble\/","title":{"rendered":"Royal Kush Wax Crumble"},"content":{"rendered":"<h2>Compra Royal Kush Crumble online en nuestra tienda<\/h2>\n<p><strong><a href=\"https:\/\/unkrautmarkt.com\/es\/product\/royal-kush-wax-crumble\/\">Royal Kush Wax Crumble<\/a><\/strong> Royal Kush es la opci\u00f3n ideal si quieres reducir el estr\u00e9s sin reprimir tu creatividad. Su efecto relajante libera la tensi\u00f3n y promueve una mente despejada y motivada. Este crumble es perfecto para desconectar o estimular la creatividad. Prueba Royal Kush y descubre por qu\u00e9 encanta a tanta gente. \u00a1Compru\u00e9balo t\u00fa mismo!<\/p>\n<p>El nuestro es uno de los grados de tetrahidrocannabinol de mayor calidad del mercado. <strong>Royal Kush Wax Crumble<\/strong> Con una pureza del 90 %, esta cera se compone principalmente de THC, con trazas de otros cannabinoides y un 10 % de terpenos. Se extrae mediante CO\u2082. Su consumo no produce efectos intoxicantes. Su aroma dulce, similar al del caramelo, te encantar\u00e1. Es suave y flexible, pero quebradiza, incluso fr\u00eda. Ofrece una potente expansi\u00f3n pulmonar y un sabor intenso y suave que no causa ardor en la nariz al exhalar.<\/p>\n<p>Reduce la ansiedad e induce euforia. Con su aroma terroso y a skunk y sus potentes efectos de trance, la Royal Kush es una de las mejores variedades h\u00edbridas.<\/p>\n<h3>\u00bfQu\u00e9 lo hace especial?<\/h3>\n<p><a href=\"https:\/\/en.wikipedia.org\/wiki\/Cannabis_in_Italy\" rel=\"nofollow noopener\" target=\"_blank\">Royal Kush<\/a> Ofrece la combinaci\u00f3n perfecta de creatividad y relajaci\u00f3n, ya que est\u00e1 elaborado con ingredientes naturales y se produce cuidadosamente en lotes peque\u00f1os. Querr\u00e1s disfrutar de esta experiencia una y otra vez. \u00bfA qu\u00e9 esperas? \u00a1Date un capricho con Royal Kush hoy mismo! <a href=\"https:\/\/unkrautmarkt.com\/es\/\"><strong>Unkrautmarkt<\/strong><\/a><\/p>\n<h3>Efecto Crumble<\/h3>\n<p>\u00bfEstr\u00e9s, malestar persistente o incluso depresi\u00f3n? Royal Kush Wax Crumble puede ayudarte. Sus propiedades calmantes son excelentes para aliviar dolencias f\u00edsicas, mejorar el estado de \u00e1nimo y relajar cuerpo y mente. Se trata de sentirse completamente bien, no solo de desconectar. Deja que Royal Kush te ayude a relajarte y disfrutar de una vida sin estr\u00e9s.<\/p>","protected":false},"excerpt":{"rendered":"<p>F\u00fcr den Gro\u00dfhandel kontaktieren Sie uns bitte unter<br \/>\nWickr-ID: @williamspro<br \/>\noder per Whatsapp<br \/>\n<img decoding=\"async\" class=\"size-full wp-image-10162 alignleft\" src=\"https:\/\/ograsmarknad.com\/wp-content\/uploads\/2021\/11\/trust.jpg\" alt=\"Trust German\" width=\"300\" height=\"129\" \/><\/p>","protected":false},"featured_media":8526,"comment_status":"open","ping_status":"closed","template":"","meta":{"_joinchat":[]},"product_cat":[325],"product_tag":[],"_links":{"self":[{"href":"https:\/\/unkrautmarkt.com\/es\/wp-json\/wp\/v2\/product\/8521"}],"collection":[{"href":"https:\/\/unkrautmarkt.com\/es\/wp-json\/wp\/v2\/product"}],"about":[{"href":"https:\/\/unkrautmarkt.com\/es\/wp-json\/wp\/v2\/types\/product"}],"replies":[{"embeddable":true,"href":"https:\/\/unkrautmarkt.com\/es\/wp-json\/wp\/v2\/comments?post=8521"}],"wp:featuredmedia":[{"embeddable":true,"href":"https:\/\/unkrautmarkt.com\/es\/wp-json\/wp\/v2\/media\/8526"}],"wp:attachment":[{"href":"https:\/\/unkrautmarkt.com\/es\/wp-json\/wp\/v2\/media?parent=8521"}],"wp:term":[{"taxonomy":"product_cat","embeddable":true,"href":"https:\/\/unkrautmarkt.com\/es\/wp-json\/wp\/v2\/product_cat?post=8521"},{"taxonomy":"product_tag","embeddable":true,"href":"https:\/\/unkrautmarkt.com\/es\/wp-json\/wp\/v2\/product_tag?post=8521"}],"curies":[{"name":"wp","href":"https:\/\/api.w.org\/{rel}","templated":true}]}}