{"id":8520,"date":"2022-08-03T13:52:20","date_gmt":"2022-08-03T13:52:20","guid":{"rendered":"https:\/\/unkrautmarkt.com\/?post_type=product&#038;p=8520"},"modified":"2026-03-13T09:19:36","modified_gmt":"2026-03-13T09:19:36","slug":"holy-grail-og-wax","status":"publish","type":"product","link":"https:\/\/unkrautmarkt.com\/es\/product\/holy-grail-og-wax\/","title":{"rendered":"Cera Holy Grail OG"},"content":{"rendered":"<h2>Compra Holy Grail OG Wax: pide productos de relajaci\u00f3n premium online<\/h2>\n<p>\u00bfBuscas un concentrado de cannabis fuerte y de alta calidad para una experiencia de relajaci\u00f3n intensa? <a href=\"https:\/\/unkrautmarkt.com\/es\/\"><strong>Cera Holy Grail OG<\/strong><\/a> Gra\u00e7as ao seu rico perfil de terpenos e efeitos potentes, o Holy Grail OG Wax oferece uma experi\u00eancia excepcional. Derivado de cepas de cannabis premium, este concentrado \u00e9 ideal para quem busca relaxamento profundo, al\u00edvio do estresse e uma sensa\u00e7\u00e3o euf\u00f3rica. Seja voc\u00ea experiente ou iniciante no mundo dos concentrados de cannabis, o Holy Grail OG Wax proporciona uma experi\u00eancia suave e saborosa da mais alta qualidade.<\/p>\n<h3>\u00bfQu\u00e9 es Holy Grail OG Wax?<\/h3>\n<p><strong>Cera Holy Grail OG<\/strong> Este concentrado de cannabis de alta calidad se caracteriza por su consistencia pegajosa y cerosa, y su alto contenido de THC. Se extrae mediante m\u00e9todos modernos para preservar su pureza y sabor. La cera proporciona un efecto potente y relajante.<\/p>\n<h3>Caracter\u00edsticas y beneficios clave<\/h3>\n<p>\u2013 Alta potencia: con un contenido de THC que a menudo supera el 70-80%, Holy Grail OG Wax proporciona un efecto fuerte y duradero, ideal para la relajaci\u00f3n y el alivio del dolor.<\/p>\n<p>\u2013 Perfil de sabor rico: un sabor suave y terroso con notas de pino y frutas c\u00edtricas garantiza una experiencia deliciosa.<\/p>\n<p>\u2013 Acci\u00f3n r\u00e1pida: Como concentrado, act\u00faa m\u00e1s r\u00e1pido que las flores convencionales y por lo tanto es ideal para un alivio r\u00e1pido.<\/p>\n<p>\u2013 Aplicaci\u00f3n vers\u00e1til: adecuado para plataformas de dab, vaporizadores o como aderezo para un toque extra.<\/p>\n<h3>C\u00f3mo utilizar la cera Holy Grail OG<\/h3>\n<p>Para una experiencia \u00f3ptima con el cannabis, recomendamos usar un rig para dab o un vaporizador de concentrados. Los principiantes deben empezar con una dosis peque\u00f1a (aproximadamente del tama\u00f1o de un grano de arroz) y aumentarla gradualmente seg\u00fan sea necesario. Use siempre un carburador para proteger los terpenos y garantizar una experiencia de vapeo fluida.<\/p>\n<h3>\u00bfPor qu\u00e9 comprar Holy Grail OG Wax en l\u00ednea con nosotros?<\/h3>\n<p>Somos una tienda online de renombre de productos de cannabis y enviamos discretamente productos premium a EE. UU., Canad\u00e1, Europa (Reino Unido, Alemania, Francia, Espa\u00f1a) y otros pa\u00edses. Nuestros productos se someten a rigurosas pruebas de laboratorio para garantizar su pureza, potencia y seguridad. Gracias a nuestros env\u00edos r\u00e1pidos y m\u00e9todos de pago seguros, <strong><a href=\"https:\/\/unkrautmarkt.com\/es\/product\/holy-grail-og-wax\/\">Compra online de Holy Grail OG Wax<\/a> <\/strong>Nunca ha sido tan f\u00e1cil.<\/p>\n<h3>\u00a1Compre hoy mismo su Holy Grail OG Wax!<\/h3>\n<p>No te pierdas esta experiencia de relajaci\u00f3n excepcional. Compra Holy Grail OG Wax ahora y disfruta de una entrega r\u00e1pida y discreta directamente a tu domicilio. Ya sea que est\u00e9s en EE. UU., Canad\u00e1 o Europa, entregamos concentrados de cannabis premium.<\/p>\n<p><strong>\u00a1Haz tu pedido ahora y optimiza tu sesi\u00f3n con Holy Grail OG Wax! <a href=\"https:\/\/en.wikipedia.org\/wiki\/Hashish\" rel=\"nofollow noopener\" target=\"_blank\">Unkrautmarkt<\/a><\/strong><\/p>","protected":false},"excerpt":{"rendered":"<p>F\u00fcr den Gro\u00dfhandel kontaktieren Sie uns bitte unter<br \/>\nWickr-ID: @williamspro<br \/>\noder per Whatsapp<br \/>\n<img decoding=\"async\" class=\"size-full wp-image-10162 alignleft\" src=\"https:\/\/ograsmarknad.com\/wp-content\/uploads\/2021\/11\/trust.jpg\" alt=\"Trust German\" width=\"300\" height=\"129\" \/><\/p>","protected":false},"featured_media":8525,"comment_status":"open","ping_status":"closed","template":"","meta":{"_joinchat":[]},"product_cat":[325],"product_tag":[],"_links":{"self":[{"href":"https:\/\/unkrautmarkt.com\/es\/wp-json\/wp\/v2\/product\/8520"}],"collection":[{"href":"https:\/\/unkrautmarkt.com\/es\/wp-json\/wp\/v2\/product"}],"about":[{"href":"https:\/\/unkrautmarkt.com\/es\/wp-json\/wp\/v2\/types\/product"}],"replies":[{"embeddable":true,"href":"https:\/\/unkrautmarkt.com\/es\/wp-json\/wp\/v2\/comments?post=8520"}],"wp:featuredmedia":[{"embeddable":true,"href":"https:\/\/unkrautmarkt.com\/es\/wp-json\/wp\/v2\/media\/8525"}],"wp:attachment":[{"href":"https:\/\/unkrautmarkt.com\/es\/wp-json\/wp\/v2\/media?parent=8520"}],"wp:term":[{"taxonomy":"product_cat","embeddable":true,"href":"https:\/\/unkrautmarkt.com\/es\/wp-json\/wp\/v2\/product_cat?post=8520"},{"taxonomy":"product_tag","embeddable":true,"href":"https:\/\/unkrautmarkt.com\/es\/wp-json\/wp\/v2\/product_tag?post=8520"}],"curies":[{"name":"wp","href":"https:\/\/api.w.org\/{rel}","templated":true}]}}