{"id":8506,"date":"2022-08-03T13:39:55","date_gmt":"2022-08-03T13:39:55","guid":{"rendered":"https:\/\/unkrautmarkt.com\/?post_type=product&#038;p=8506"},"modified":"2026-03-12T06:33:50","modified_gmt":"2026-03-12T06:33:50","slug":"blue-dream-hash-oil","status":"publish","type":"product","link":"https:\/\/unkrautmarkt.com\/es\/product\/blue-dream-hash-oil\/","title":{"rendered":"Blue Dream Hash Oil"},"content":{"rendered":"<h2><strong>Compra aceite de hach\u00eds Blue Dream online<br \/>\n<\/strong><\/h2>\n<p>&nbsp;<\/p>\n<p>\u00bfBuscas un concentrado de cannabis de alta calidad que ofrezca el equilibrio ideal entre una suave relajaci\u00f3n f\u00edsica y estimulaci\u00f3n mental? Entonces has llegado al lugar correcto. Para los conocedores exigentes que buscan una experiencia excepcional de vapeo o dabbing, nuestra <a href=\"https:\/\/unkrautmarkt.com\/es\/product\/blue-dream-hash-oil\/\">Blue Dream Hash Oil<\/a> Elaborado con el m\u00e1ximo cuidado. Puede adquirir este extraordinario producto en l\u00ednea y tener la seguridad de su alta calidad. Entregamos concentrados de cannabis potentes, puros y de alta calidad de forma discreta y confiable directamente a su domicilio en EE. UU., Canad\u00e1, Europa y el resto del mundo.<\/p>\n<p>Nuestro aceite de hach\u00eds captura a la perfecci\u00f3n la esencia de Blue Dream, una variedad cl\u00e1sica apreciada por su armonioso equilibrio entre las caracter\u00edsticas \u00edndica y sativa. Comprar aceite de hach\u00eds Blue Dream en l\u00ednea es m\u00e1s que un simple producto de cannabis: es una inversi\u00f3n en una experiencia. Esta variedad es ideal para usuarios recreativos y para quienes buscan alivio terap\u00e9utico, ya que suele tener un contenido de THC entre el 17 y el 24 % y un bajo nivel de CBD. Su perfil de terpenos tambi\u00e9n es impresionante, con presencia frecuente de mirceno, pineno y cariofileno, que contribuyen a sus sutiles notas de sabor y su dulce aroma a frutos del bosque.<br \/>\n<strong><br \/>\nSortentyp:<\/strong> Hybrid<\/p>\n<p><strong>Gesamt-THC:<\/strong> (THC + THCa): 51,45 %<\/p>\n<p><strong>Gesamt-CBD:<\/strong> (CBD + CBDa): 0,18 %<\/p>\n<p><strong>Die gesamten Cannabinoide:<\/strong> 57,59 %<\/p>\n<p><strong>Peso<\/strong> 3 ml, 5 ml, 10 ml<\/p>\n<h3>\u00bfPor qu\u00e9 el aceite de hach\u00eds Blue Dream?<\/h3>\n<p>Una de las cualidades m\u00e1s apreciadas del aceite de hach\u00eds Blue Dream es su versatilidad. Los clientes suelen reportar un subid\u00f3n agradable y estimulante que fomenta la creatividad y eleva el \u00e1nimo sin abrumar los sentidos. Por lo tanto, es excelente para usar durante el d\u00eda, permiti\u00e9ndote concentrarte y ser productivo mientras experimentas una profunda sensaci\u00f3n de felicidad. Al mismo tiempo, se produce una suave sensaci\u00f3n de calma f\u00edsica que reduce el estr\u00e9s y mejora el bienestar general.<\/p>","protected":false},"excerpt":{"rendered":"<p>F\u00fcr den Gro\u00dfhandel kontaktieren Sie uns bitte unter<br \/>\nWickr-ID: @williamspro<br \/>\noder per Whatsapp<br \/>\n<img decoding=\"async\" class=\"size-full wp-image-10162 alignleft\" src=\"https:\/\/ograsmarknad.com\/wp-content\/uploads\/2021\/11\/trust.jpg\" alt=\"Trust German\" width=\"300\" height=\"129\" \/><\/p>","protected":false},"featured_media":8512,"comment_status":"open","ping_status":"closed","template":"","meta":{"_joinchat":[]},"product_cat":[324],"product_tag":[],"_links":{"self":[{"href":"https:\/\/unkrautmarkt.com\/es\/wp-json\/wp\/v2\/product\/8506"}],"collection":[{"href":"https:\/\/unkrautmarkt.com\/es\/wp-json\/wp\/v2\/product"}],"about":[{"href":"https:\/\/unkrautmarkt.com\/es\/wp-json\/wp\/v2\/types\/product"}],"replies":[{"embeddable":true,"href":"https:\/\/unkrautmarkt.com\/es\/wp-json\/wp\/v2\/comments?post=8506"}],"wp:featuredmedia":[{"embeddable":true,"href":"https:\/\/unkrautmarkt.com\/es\/wp-json\/wp\/v2\/media\/8512"}],"wp:attachment":[{"href":"https:\/\/unkrautmarkt.com\/es\/wp-json\/wp\/v2\/media?parent=8506"}],"wp:term":[{"taxonomy":"product_cat","embeddable":true,"href":"https:\/\/unkrautmarkt.com\/es\/wp-json\/wp\/v2\/product_cat?post=8506"},{"taxonomy":"product_tag","embeddable":true,"href":"https:\/\/unkrautmarkt.com\/es\/wp-json\/wp\/v2\/product_tag?post=8506"}],"curies":[{"name":"wp","href":"https:\/\/api.w.org\/{rel}","templated":true}]}}