{"id":8501,"date":"2022-08-03T13:29:39","date_gmt":"2022-08-03T13:29:39","guid":{"rendered":"https:\/\/unkrautmarkt.com\/?post_type=product&#038;p=8501"},"modified":"2026-03-16T05:04:34","modified_gmt":"2026-03-16T05:04:34","slug":"tahoe-og-cannabis-oil","status":"publish","type":"product","link":"https:\/\/unkrautmarkt.com\/es\/product\/tahoe-og-cannabis-oil\/","title":{"rendered":"Tahoe OG Cannabis Oil"},"content":{"rendered":"<h2>Comprar aceite de cannabis Tahoe OG online<\/h2>\n<p><a href=\"https:\/\/en.wikipedia.org\/wiki\/Cannabidiol\" rel=\"nofollow noopener\" target=\"_blank\"><strong>Aceite de cannabis Tahoe OG en l\u00ednea<\/strong><\/a>Con una proporci\u00f3n sativa\/\u00edndica de 90:10, esta variedad de cannabis ofrece una potente mezcla de sativa euf\u00f3rica e \u00edndica corporal. Gracias a su contenido de THC de hasta un 20 %, es especialmente adecuada para quienes buscan mejorar su estado de \u00e1nimo y reducir el estr\u00e9s. El componente sativa proporciona una fuerte sensaci\u00f3n euf\u00f3rica y estimulante, mientras que los efectos del aceite son principalmente relajantes, tanto f\u00edsica como mentalmente. Esta variedad de cannabis se utiliza frecuentemente para tratar migra\u00f1as, depresi\u00f3n, ansiedad y dolor cr\u00f3nico.<\/p>\n<h3>M\u00e1s informaci\u00f3n sobre Tahoe OG<\/h3>\n<p>Relajaci\u00f3n, alegr\u00eda, euforia, somnolencia y estimulaci\u00f3n del apetito son algunos de los efectos documentados de Tahoe OG.<\/p>\n<p>Anwender berichten, dass Tahoe OG ihnen bei Stress, Schmerzen, Schlaflosigkeit, Depressionen und Appetitlosigkeit hilft.<\/p>\n<p><a href=\"https:\/\/unkrautmarkt.com\/es\/product\/tahoe-og-cannabis-oil\/\"><strong>Tahoe OG<\/strong><\/a> Tahoe OG es la variedad ideal para los d\u00edas lluviosos. Es potente y de acci\u00f3n r\u00e1pida, por lo que no debe consumirse justo antes de salir de casa. Entre las variedades \u00cdndica, Tahoe OG es conocida por su eficacia para tratar el dolor, el insomnio y la p\u00e9rdida de apetito. Es excelente para consumir por la noche, ya que induce una sensaci\u00f3n de letargo y pesadez. Gracias a su excelente crianza, Tahoe OG ofrece un efecto euf\u00f3rico, similar al de una sativa, adem\u00e1s de los beneficios t\u00edpicos de una \u00cdndica. Esta variedad es un fenotipo de OG Kush y tiene un sabor terroso y alimonado. <a href=\"https:\/\/unkrautmarkt.com\/es\/\">Unkrautmarkt<\/a><\/p>\n<h4><strong>Algunos de los efectos que se han reportado del aceite de cannabis OG Kush son:<\/strong><\/h4>\n<p>Relajado<\/p>\n<p>Heureux<\/p>\n<p>Euf\u00f3rico<\/p>\n<p>Sleepy<\/p>\n<p>Hambre<\/p>\n<p><strong>Los pacientes afirman que el aceite de cannabis OG Kush les ayuda a sobrellevar la situaci\u00f3n:<\/strong><\/p>\n<p>Miedo<\/p>\n<p>Schmerzen<\/p>\n<p>Insomnio<\/p>\n<p>Depresi\u00f3n<\/p>\n<p>P\u00e9rdida de apetito<\/p>\n<p><strong>Peso<\/strong><\/p>\n<p>5 ml, 10 ml, 15 ml<\/p>","protected":false},"excerpt":{"rendered":"<p>F\u00fcr den Gro\u00dfhandel kontaktieren Sie uns bitte unter<br \/>\nWickr-ID: @williamspro<br \/>\noder per Whatsapp<br \/>\n<img decoding=\"async\" class=\"size-full wp-image-10162 alignleft\" src=\"https:\/\/ograsmarknad.com\/wp-content\/uploads\/2021\/11\/trust.jpg\" alt=\"Trust German\" width=\"300\" height=\"129\" \/><\/p>","protected":false},"featured_media":8505,"comment_status":"open","ping_status":"closed","template":"","meta":{"_joinchat":[]},"product_cat":[323],"product_tag":[],"_links":{"self":[{"href":"https:\/\/unkrautmarkt.com\/es\/wp-json\/wp\/v2\/product\/8501"}],"collection":[{"href":"https:\/\/unkrautmarkt.com\/es\/wp-json\/wp\/v2\/product"}],"about":[{"href":"https:\/\/unkrautmarkt.com\/es\/wp-json\/wp\/v2\/types\/product"}],"replies":[{"embeddable":true,"href":"https:\/\/unkrautmarkt.com\/es\/wp-json\/wp\/v2\/comments?post=8501"}],"wp:featuredmedia":[{"embeddable":true,"href":"https:\/\/unkrautmarkt.com\/es\/wp-json\/wp\/v2\/media\/8505"}],"wp:attachment":[{"href":"https:\/\/unkrautmarkt.com\/es\/wp-json\/wp\/v2\/media?parent=8501"}],"wp:term":[{"taxonomy":"product_cat","embeddable":true,"href":"https:\/\/unkrautmarkt.com\/es\/wp-json\/wp\/v2\/product_cat?post=8501"},{"taxonomy":"product_tag","embeddable":true,"href":"https:\/\/unkrautmarkt.com\/es\/wp-json\/wp\/v2\/product_tag?post=8501"}],"curies":[{"name":"wp","href":"https:\/\/api.w.org\/{rel}","templated":true}]}}