{"id":8489,"date":"2022-08-03T13:22:56","date_gmt":"2022-08-03T13:22:56","guid":{"rendered":"https:\/\/unkrautmarkt.com\/?post_type=product&#038;p=8489"},"modified":"2026-03-16T05:08:43","modified_gmt":"2026-03-16T05:08:43","slug":"skywalker-og-cannabis-oil","status":"publish","type":"product","link":"https:\/\/unkrautmarkt.com\/es\/product\/skywalker-og-cannabis-oil\/","title":{"rendered":"Skywalker OG Cannabis Oil"},"content":{"rendered":"<h2>Skywalker OG Cannabis Oil zum Verkauf: Bei Unkrautmarkt<\/h2>\n<p>Skywalker OG Cannabis Oil z\u00e4hlt zu den bekanntesten Cannabissorten der modernen Cannabiskultur und ist ber\u00fchmt f\u00fcr ihr unverwechselbares Aroma, ihr komplexes Terpenprofil und ihre starke genetische Veranlagung. Da das Interesse an Cannabis-Konzentraten und pflanzlichen \u00d6len stetig w\u00e4chst, untersuchen viele Enthusiasten und Forscher, wie bekannte Sorten wie Skywalker OG zur Entwicklung von Cannabis\u00f6len und -extrakten beitragen. Auf <a href=\"https:\/\/unkrautmarkt.com\/es\/product\/skywalker-og-cannabis-oil\/\"><strong>unkrautmarkt.com<\/strong><\/a> Nuestro objetivo es proporcionar informaci\u00f3n clara y confiable sobre las variedades de cannabis, los concentrados y la base cient\u00edfica de su producci\u00f3n.<\/p>\n<p>Skywalker OG suele asociarse con una rica estructura resinosa, lo que la hace especialmente interesante para la producci\u00f3n de aceite de cannabis. La planta de cannabis produce de forma natural gl\u00e1ndulas resinosas llamadas tricomas, que contienen cannabinoides y compuestos arom\u00e1ticos llamados terpenos. Estos compuestos son responsables del aroma, el perfil de sabor y la composici\u00f3n qu\u00edmica de la planta. Cuando se extrae aceite de cannabis de cepas resinosas como Skywalker OG, el alto contenido de resina es un factor clave para la producci\u00f3n de aceite de cannabis de alta calidad. <a href=\"https:\/\/unkrautmarkt.com\/es\/product\/skywalker-og-cannabis-oil\/\">Skywalker OG Cannabis Oil<\/a> Una vez extra\u00eddo, el aceite resultante refleja muchas de las propiedades arom\u00e1ticas y qu\u00edmicas de la planta original.<\/p>\n<p>El perfil de terpenos de Skywalker OG suele describirse como terroso, herbal y ligeramente picante, con sutiles notas c\u00edtricas. Estos compuestos naturales no solo influyen en el aroma de la planta, sino que tambi\u00e9n contribuyen a la identificaci\u00f3n y clasificaci\u00f3n de las diferentes cepas. Los investigadores que estudian los aceites de cannabis suelen analizar el contenido de terpenos junto con el de cannabinoides para comprender mejor la compleja estructura qu\u00edmica de la planta.<\/p>\n<p>Los avances en la tecnolog\u00eda de extracci\u00f3n permiten un an\u00e1lisis de aceites de cannabis m\u00e1s preciso que nunca. Los laboratorios modernos utilizan equipos especializados para evaluar la pureza y la composici\u00f3n de los aceites derivados del cannabis. Estos procedimientos ayudan a determinar las concentraciones de cannabinoides y garantizan que los extractos cumplan con los est\u00e1ndares de calidad y consistencia en entornos regulados. Este tipo de an\u00e1lisis es esencial para investigadores, cient\u00edficos y profesionales de la industria del cannabis. <a href=\"https:\/\/en.wikipedia.org\/wiki\/Kush_(cannabis)\" rel=\"nofollow noopener\" target=\"_blank\">Qu\u00edmica del cannabis<\/a>.<\/p>\n<p>&nbsp;<\/p>\n<p>Algunos de los efectos que se han reportado del aceite de cannabis OG Kush son:<\/p>\n<p>Relajado<\/p>\n<p>Heureux<\/p>\n<p>Euf\u00f3rico<\/p>\n<p>Sleepy<\/p>\n<p>Hambre<\/p>\n<p><strong>Los pacientes afirman que el aceite de cannabis OG Kush les ayuda a sobrellevar la situaci\u00f3n:<\/strong><\/p>\n<p>Miedo<\/p>\n<p>Schmerzen<\/p>\n<p>Insomnio<\/p>\n<p>Depresi\u00f3n<\/p>\n<p>P\u00e9rdida de apetito<\/p>\n<p><strong>Peso<\/strong><\/p>\n<p>5 ml, 10 ml, 15 ml<\/p>","protected":false},"excerpt":{"rendered":"<p>F\u00fcr den Gro\u00dfhandel kontaktieren Sie uns bitte unter<br \/>\nWickr-ID: @williamspro<br \/>\noder per Whatsapp<br \/>\n<img decoding=\"async\" class=\"size-full wp-image-10162 alignleft\" src=\"https:\/\/ograsmarknad.com\/wp-content\/uploads\/2021\/11\/trust.jpg\" alt=\"Trust German\" width=\"300\" height=\"129\" \/><\/p>","protected":false},"featured_media":8493,"comment_status":"open","ping_status":"closed","template":"","meta":{"_joinchat":[]},"product_cat":[323],"product_tag":[],"_links":{"self":[{"href":"https:\/\/unkrautmarkt.com\/es\/wp-json\/wp\/v2\/product\/8489"}],"collection":[{"href":"https:\/\/unkrautmarkt.com\/es\/wp-json\/wp\/v2\/product"}],"about":[{"href":"https:\/\/unkrautmarkt.com\/es\/wp-json\/wp\/v2\/types\/product"}],"replies":[{"embeddable":true,"href":"https:\/\/unkrautmarkt.com\/es\/wp-json\/wp\/v2\/comments?post=8489"}],"wp:featuredmedia":[{"embeddable":true,"href":"https:\/\/unkrautmarkt.com\/es\/wp-json\/wp\/v2\/media\/8493"}],"wp:attachment":[{"href":"https:\/\/unkrautmarkt.com\/es\/wp-json\/wp\/v2\/media?parent=8489"}],"wp:term":[{"taxonomy":"product_cat","embeddable":true,"href":"https:\/\/unkrautmarkt.com\/es\/wp-json\/wp\/v2\/product_cat?post=8489"},{"taxonomy":"product_tag","embeddable":true,"href":"https:\/\/unkrautmarkt.com\/es\/wp-json\/wp\/v2\/product_tag?post=8489"}],"curies":[{"name":"wp","href":"https:\/\/api.w.org\/{rel}","templated":true}]}}