{"id":8472,"date":"2022-08-03T12:56:42","date_gmt":"2022-08-03T12:56:42","guid":{"rendered":"https:\/\/unkrautmarkt.com\/?post_type=product&#038;p=8472"},"modified":"2026-03-12T06:26:33","modified_gmt":"2026-03-12T06:26:33","slug":"ak-48-hashish","status":"publish","type":"product","link":"https:\/\/unkrautmarkt.com\/es\/product\/ak-48-hashish\/","title":{"rendered":"Ak-48-Hashish"},"content":{"rendered":"<h2>Compra hach\u00eds AK-48 r\u00e1pidamente online: calidad premium con entrega discreta<\/h2>\n<p>\u00bfEst\u00e1s buscando una manera de? <a href=\"https:\/\/unkrautmarkt.com\/es\/product\/ak-48-hashish\/\"><strong>Pide hach\u00eds AK-48 r\u00e1pidamente en l\u00ednea<\/strong><\/a>\u00a1Entonces has llegado al lugar correcto en nuestra farmacia en l\u00ednea de confianza! Cannabis de alta calidad y hach\u00eds premium a un solo clic. Ofrecemos a los amantes del cannabis en EE. UU., Canad\u00e1, Europa y el resto del mundo una experiencia de compra fluida y discreta. La satisfacci\u00f3n del cliente es nuestra m\u00e1xima prioridad: recibir\u00e1s hach\u00eds AK-48 potente, procesado y envasado por expertos para tu disfrute.<\/p>\n<p><strong>AK-48<\/strong> AK-48 es una popular cepa h\u00edbrida, conocida por sus efectos equilibrados y su aroma cautivador. Concentrada como hach\u00eds, ofrece una experiencia m\u00e1s intensa y duradera. Nuestro hach\u00eds AK-48 se elabora cuidadosamente para preservar los terpenos y cannabinoides naturales de la cepa. El resultado es un producto rico, arom\u00e1tico e incre\u00edblemente potente. Tanto si eres un experto como si te inicias en el mundo de los concentrados, nuestro hach\u00eds AK-48 garantiza una calidad excepcional.<\/p>\n<h3>Descubre los beneficios de nuestro hach\u00eds AK-48<\/h3>\n<p>Al comprar hach\u00eds AK-48 en l\u00ednea, inviertes en un producto con numerosos beneficios potenciales. Los consumidores suelen reportar una mejora significativa del estado de \u00e1nimo, acompa\u00f1ada de una sensaci\u00f3n suave y relajante que reduce el estr\u00e9s y la tensi\u00f3n. <a href=\"https:\/\/unkrautmarkt.com\/es\/\">Unkrautmarkt<\/a><\/p>\n<h3>Tienda online confiable de hach\u00eds AK-48 y m\u00e1s<\/h3>\n<p><strong>Al comprar cannabis en l\u00ednea<\/strong> La confianza es fundamental. Nos enorgullece ser un minorista online de confianza de productos de cannabis de alta calidad. Nuestra selecci\u00f3n incluye una amplia gama de cepas, comestibles, concentrados y accesorios, por lo que le garantizamos que encontrar\u00e1 lo que busca. La discreci\u00f3n es fundamental para nosotros. Sus pedidos se empaquetan de forma segura y se env\u00edan en sobres o cajas sencillos para proteger su privacidad. Ofrecemos env\u00edos r\u00e1pidos y fiables, para que pueda pedir hach\u00eds AK-48 online y recibirlo r\u00e1pidamente.<\/p>\n<h3>En resumen:<\/h3>\n<p>Cuando <strong>Compra hach\u00eds AK-48 r\u00e1pidamente en l\u00ednea<\/strong> Si busca un proveedor que valore la calidad, la eficacia y su completa satisfacci\u00f3n, elija uno. Nuestro hach\u00eds AK-48 le ofrece un concentrado de cannabis de alta calidad con las propiedades estimulantes y calmantes t\u00edpicas del AK-48 en formato concentrado. Desde una producci\u00f3n cuidadosa hasta env\u00edos internacionales discretos, nuestro objetivo es ser su primera opci\u00f3n de cannabis online. Descubra nuestra selecci\u00f3n hoy mismo y experimente la diferencia que marca la calidad. <a href=\"https:\/\/en.wikipedia.org\/wiki\/Hashish\" rel=\"nofollow noopener\" target=\"_blank\"><strong>Pide tu hach\u00eds AK-48 online<\/strong><\/a> y disfrute de la comodidad y calidad de nuestro confiable servicio.<\/p>","protected":false},"excerpt":{"rendered":"<p>F\u00fcr den Gro\u00dfhandel kontaktieren Sie uns bitte unter<br \/>\nWickr-ID: @williamspro<br \/>\noder per Whatsapp<br \/>\n<img decoding=\"async\" class=\"size-full wp-image-10162 alignleft\" src=\"https:\/\/ograsmarknad.com\/wp-content\/uploads\/2021\/11\/trust.jpg\" alt=\"Trust German\" width=\"300\" height=\"129\" \/><\/p>","protected":false},"featured_media":8476,"comment_status":"open","ping_status":"closed","template":"","meta":{"_joinchat":[]},"product_cat":[322,321],"product_tag":[],"_links":{"self":[{"href":"https:\/\/unkrautmarkt.com\/es\/wp-json\/wp\/v2\/product\/8472"}],"collection":[{"href":"https:\/\/unkrautmarkt.com\/es\/wp-json\/wp\/v2\/product"}],"about":[{"href":"https:\/\/unkrautmarkt.com\/es\/wp-json\/wp\/v2\/types\/product"}],"replies":[{"embeddable":true,"href":"https:\/\/unkrautmarkt.com\/es\/wp-json\/wp\/v2\/comments?post=8472"}],"wp:featuredmedia":[{"embeddable":true,"href":"https:\/\/unkrautmarkt.com\/es\/wp-json\/wp\/v2\/media\/8476"}],"wp:attachment":[{"href":"https:\/\/unkrautmarkt.com\/es\/wp-json\/wp\/v2\/media?parent=8472"}],"wp:term":[{"taxonomy":"product_cat","embeddable":true,"href":"https:\/\/unkrautmarkt.com\/es\/wp-json\/wp\/v2\/product_cat?post=8472"},{"taxonomy":"product_tag","embeddable":true,"href":"https:\/\/unkrautmarkt.com\/es\/wp-json\/wp\/v2\/product_tag?post=8472"}],"curies":[{"name":"wp","href":"https:\/\/api.w.org\/{rel}","templated":true}]}}