{"id":8456,"date":"2022-08-03T12:18:03","date_gmt":"2022-08-03T12:18:03","guid":{"rendered":"https:\/\/unkrautmarkt.com\/?post_type=product&#038;p=8456"},"modified":"2026-03-12T06:27:00","modified_gmt":"2026-03-12T06:27:00","slug":"afghan-black-hash","status":"publish","type":"product","link":"https:\/\/unkrautmarkt.com\/es\/product\/afghan-black-hash\/","title":{"rendered":"Afghan Black Hash"},"content":{"rendered":"<article class=\"text-token-text-primary w-full focus:outline-none [--shadow-height:45px] has-data-writing-block:pointer-events-none has-data-writing-block:-mt-(--shadow-height) has-data-writing-block:pt-(--shadow-height) [&amp;:has([data-writing-block])&gt;*]:pointer-events-auto scroll-mt-(--header-height)\" dir=\"auto\" tabindex=\"-1\" data-turn-id=\"67e99a09-043b-461e-ac14-18a4a955a049\" data-testid=\"conversation-turn-7\" data-scroll-anchor=\"false\" data-turn=\"user\"><\/article>\n<article class=\"text-token-text-primary w-full focus:outline-none [--shadow-height:45px] has-data-writing-block:pointer-events-none has-data-writing-block:-mt-(--shadow-height) has-data-writing-block:pt-(--shadow-height) [&amp;:has([data-writing-block])&gt;*]:pointer-events-auto scroll-mt-[calc(var(--header-height)+min(200px,max(70px,20svh)))]\" dir=\"auto\" tabindex=\"-1\" data-turn-id=\"request-WEB:b3b71863-b3aa-4f21-8e13-39b16a858ae7-3\" data-testid=\"conversation-turn-8\" data-scroll-anchor=\"false\" data-turn=\"assistant\">\n<div class=\"text-base my-auto mx-auto [--thread-content-margin:--spacing(4)] @w-sm\/main:[--thread-content-margin:--spacing(6)] @w-lg\/main:[--thread-content-margin:--spacing(16)] px-(--thread-content-margin)\">\n<div class=\"[--thread-content-max-width:40rem] @w-lg\/main:[--thread-content-max-width:48rem] mx-auto max-w-(--thread-content-max-width) flex-1 group\/turn-messages focus-visible:outline-hidden relative flex w-full min-w-0 flex-col agent-turn\" tabindex=\"-1\">\n<div class=\"flex max-w-full flex-col grow\">\n<div class=\"min-h-8 text-message relative flex w-full flex-col items-end gap-2 text-start break-words whitespace-normal [.text-message+&amp;]:mt-1\" dir=\"auto\" data-message-author-role=\"assistant\" data-message-id=\"8c1d458f-0321-4003-b178-e1de01d2aa37\" data-message-model-slug=\"gpt-5-2\">\n<div class=\"flex w-full flex-col gap-1 empty:hidden first:pt-[1px]\">\n<div class=\"markdown prose dark:prose-invert w-full wrap-break-word dark markdown-new-styling\">\n<h2 data-start=\"0\" data-end=\"567\"><strong>Afghan <\/strong><strong>Black <\/strong><strong>Comprar hach\u00eds en l\u00ednea<\/strong><\/h2>\n<p data-start=\"0\" data-end=\"567\">Cuando se trata de <a href=\"https:\/\/unkrautmarkt.com\/es\/product\/afghan-black-hash\/\"><strong>Comprar hach\u00eds negro afgano en l\u00ednea<\/strong><\/a>Es fundamental elegir una tienda de confianza para garantizar una transacci\u00f3n segura y productos de la m\u00e1s alta calidad. Nuestra tienda se ha consolidado como una de las principales tiendas en l\u00ednea de hach\u00eds negro afgano, ofreciendo una combinaci\u00f3n inigualable de productos de alta calidad, compras seguras y un servicio centrado en el cliente. Si se pregunta d\u00f3nde comprar hach\u00eds negro afgano, estas son las razones principales por las que nuestra tienda es la mejor opci\u00f3n.<\/p>\n<h3 data-start=\"569\" data-end=\"620\"><strong data-start=\"569\" data-end=\"620\">Calidad incomparable de hach\u00eds negro afgano<\/strong><\/h3>\n<p data-start=\"622\" data-end=\"1295\">La calidad del hach\u00eds negro afgano lo distingue de otras variedades de hach\u00eds del mercado, y nuestra prioridad es ofrecer solo lo mejor. Nuestro hach\u00eds negro afgano se obtiene cuidadosamente de productores de confianza en Afganist\u00e1n, reconocidos por sus m\u00e9todos de cultivo de alta calidad y aut\u00e9nticos procesos de producci\u00f3n. Cada lote se somete a un riguroso control de calidad para garantizar que cumpla con los m\u00e1s altos est\u00e1ndares de potencia, textura y sabor. Al comprar hach\u00eds negro afgano con nosotros, puede estar seguro de obtener un producto premium, aut\u00e9ntico, potente y con una larga tradici\u00f3n.<\/p>\n<h3 data-start=\"2114\" data-end=\"2172\"><strong data-start=\"2114\" data-end=\"2172\">Precios asequibles y precios transparentes.<\/strong><\/h3>\n<p data-start=\"2174\" data-end=\"2902\">Una de las preguntas m\u00e1s frecuentes que hacen los clientes es: \u201c\u00bfCu\u00e1l es la <strong data-start=\"2240\" data-end=\"2271\">Precio del hach\u00eds negro afgano<\/strong>\u201cEn nuestra tienda, creemos que los productos de la m\u00e1s alta calidad deben ser accesibles a precios justos. Nuestra <strong data-start=\"2388\" data-end=\"2421\">Hach\u00eds negro afgano a la venta<\/strong> Nuestros precios son competitivos, lo que le garantiza una excelente relaci\u00f3n calidad-precio sin sobreprecios. Adem\u00e1s, priorizamos la transparencia de precios, evitando cargos ocultos al finalizar la compra. Ya sea que necesite pedidos peque\u00f1os o grandes, ofrecemos precios flexibles que se adaptan a su presupuesto. Puede estar seguro de obtener el mejor precio por la calidad que compra.<\/p>\n<h3 data-start=\"2904\" data-end=\"2938\"><strong data-start=\"2904\" data-end=\"2938\">Entrega segura y discreta<\/strong><\/h3>\n<p data-start=\"2940\" data-end=\"3645\">Cuando <a href=\"https:\/\/en.wikipedia.org\/wiki\/Hashish\" rel=\"nofollow noopener\" target=\"_blank\"><strong data-start=\"2949\" data-end=\"2984\">Comprar hach\u00eds negro afgano en l\u00ednea<\/strong><\/a>La discreci\u00f3n es primordial. Entendemos la importancia de proteger su privacidad y garantizar que su pedido llegue de forma segura y discreta. Nuestro proceso de env\u00edo se realiza con el m\u00e1ximo cuidado y utilizamos embalajes de alta calidad para garantizar que su pedido llegue en perfectas condiciones. Tambi\u00e9n ofrecemos diversas opciones de env\u00edo, permiti\u00e9ndole elegir el m\u00e9todo que mejor se adapte a sus necesidades, ya sea que prefiera una entrega r\u00e1pida o una opci\u00f3n m\u00e1s econ\u00f3mica. Nuestro confiable sistema de entrega garantiza que su pedido llegue de forma segura y sin retrasos significativos.<\/p>\n<h3 data-start=\"5542\" data-end=\"5582\"><strong data-start=\"5542\" data-end=\"5582\">Descuentos exclusivos y ofertas especiales<\/strong><\/h3>\n<p data-start=\"5584\" data-end=\"6160\">Nos esforzamos por ofrecer a nuestros clientes m\u00e1s que solo productos de calidad. Si busca oportunidades, <strong data-start=\"5696\" data-end=\"5729\">Hach\u00eds negro afgano a la venta<\/strong> Para conseguir nuestros productos a un precio a\u00fan mejor, nuestra tienda ofrece regularmente promociones y descuentos exclusivos. Estas ofertas por tiempo limitado te permiten comprar tus productos favoritos a precios reducidos, lo que facilita a\u00fan m\u00e1s la adquisici\u00f3n de productos de alta calidad. <a href=\"https:\/\/unkrautmarkt.com\/es\/\"><strong data-start=\"5996\" data-end=\"6017\">Afghan Black Hash<\/strong><\/a> Disfruta sin gastar una fortuna. Visita nuestra web con frecuencia para descubrir nuevas ofertas y promociones especiales.<\/p>\n<h3 data-start=\"6162\" data-end=\"6171\"><strong data-start=\"6162\" data-end=\"6171\">Conclusi\u00f3n<\/strong><\/h3>\n<p data-start=\"6173\" data-end=\"6945\" data-is-last-node=\"\" data-is-only-node=\"\">En un mercado abarrotado, puede ser dif\u00edcil encontrar la tienda adecuada. <strong data-start=\"6257\" data-end=\"6295\">Comprar hach\u00eds negro afgano en l\u00ednea<\/strong>Sin embargo, con nuestro compromiso con la calidad del producto, precios competitivos, entrega segura y discreta y excelente servicio al cliente, estamos seguros de que podemos satisfacer las demandas del mercado. <strong data-start=\"6468\" data-end=\"6525\">El mejor lugar para comprar hach\u00eds negro afgano en l\u00ednea es<\/strong>Ya sea que te est\u00e9s preguntando \"<strong data-start=\"6553\" data-end=\"6594\">\u00bfD\u00f3nde puedo comprar hach\u00eds negro afgano?<\/strong>\u00bfO est\u00e1 listo para hacer su pedido? Nuestra tienda es el lugar ideal para quienes buscan una experiencia aut\u00e9ntica y de alta calidad. Ofrecemos una forma sencilla y segura de... <strong data-start=\"6806\" data-end=\"6847\">Comprar hach\u00eds negro afgano en l\u00ednea<\/strong>, rendendo pi\u00f9 facile che mai godersi questo prezioso prodotto comodamente a casa propria.<\/p>\n<\/div>\n<\/div>\n<\/div>\n<\/div>\n<\/div>\n<\/div>\n<\/article>","protected":false},"excerpt":{"rendered":"<p>F\u00fcr den Gro\u00dfhandel kontaktieren Sie uns bitte unter<br \/>\nWickr-ID: @williamspro<br \/>\noder per Whatsapp<br \/>\n<img decoding=\"async\" class=\"size-full wp-image-10162 alignleft\" src=\"https:\/\/ograsmarknad.com\/wp-content\/uploads\/2021\/11\/trust.jpg\" alt=\"Trust German\" width=\"300\" height=\"129\" \/><\/p>","protected":false},"featured_media":8460,"comment_status":"open","ping_status":"closed","template":"","meta":{"_joinchat":[]},"product_cat":[322,321],"product_tag":[],"_links":{"self":[{"href":"https:\/\/unkrautmarkt.com\/es\/wp-json\/wp\/v2\/product\/8456"}],"collection":[{"href":"https:\/\/unkrautmarkt.com\/es\/wp-json\/wp\/v2\/product"}],"about":[{"href":"https:\/\/unkrautmarkt.com\/es\/wp-json\/wp\/v2\/types\/product"}],"replies":[{"embeddable":true,"href":"https:\/\/unkrautmarkt.com\/es\/wp-json\/wp\/v2\/comments?post=8456"}],"wp:featuredmedia":[{"embeddable":true,"href":"https:\/\/unkrautmarkt.com\/es\/wp-json\/wp\/v2\/media\/8460"}],"wp:attachment":[{"href":"https:\/\/unkrautmarkt.com\/es\/wp-json\/wp\/v2\/media?parent=8456"}],"wp:term":[{"taxonomy":"product_cat","embeddable":true,"href":"https:\/\/unkrautmarkt.com\/es\/wp-json\/wp\/v2\/product_cat?post=8456"},{"taxonomy":"product_tag","embeddable":true,"href":"https:\/\/unkrautmarkt.com\/es\/wp-json\/wp\/v2\/product_tag?post=8456"}],"curies":[{"name":"wp","href":"https:\/\/api.w.org\/{rel}","templated":true}]}}