{"id":7854,"date":"2021-10-28T13:08:51","date_gmt":"2021-10-28T13:08:51","guid":{"rendered":"https:\/\/unkrautmarkt.com\/?post_type=product&#038;p=7854"},"modified":"2026-03-16T05:04:59","modified_gmt":"2026-03-16T05:04:59","slug":"super-silver-haze","status":"publish","type":"product","link":"https:\/\/unkrautmarkt.com\/es\/product\/super-silver-haze\/","title":{"rendered":"Super Silver Haze"},"content":{"rendered":"<h2 style=\"text-align: justify;\">Compra Super Silver Haze en l\u00ednea<\/h2>\n<p style=\"text-align: justify;\"><a href=\"https:\/\/en.wikipedia.org\/wiki\/Cannabis_strain\" rel=\"nofollow noopener\" target=\"_blank\">Super Silver Haze<\/a> Super Silver Haze es un producto creado a partir de la combinaci\u00f3n de Haze, Northern Lights y Skunk. Compra Super Silver Haze en l\u00ednea. El resultado es simplemente incre\u00edble y te brinda la experiencia sativa \u00fanica que siempre has deseado. Con Super Silver Haze, obtienes el mejor subid\u00f3n energ\u00e9tico que durar\u00e1 bastante tiempo. Tambi\u00e9n tiene un efecto estimulante impresionante. Esto te permite lidiar con niveles de estr\u00e9s extremadamente altos. Si experimentas n\u00e1useas o p\u00e9rdida de apetito, Super Silver Haze te ayudar\u00e1 a recuperarlo todo. <a href=\"https:\/\/unkrautmarkt.com\/es\/product\/super-silver-haze\/\">Comprar Super Silver Haze en l\u00ednea<\/a> Deutschland, \u00d6sterreich &amp; Schweiz!<\/p>\n<p style=\"text-align: justify;\">La cepa Super Silver Haze es un h\u00edbrido de dominancia sativa ideal para un subid\u00f3n m\u00e1ximo durante todo el d\u00eda. Contiene aproximadamente un 18 % de THC y un 0,10 % de CBD. Esto no solo proporciona un efecto calmante y relajante, sino que tambi\u00e9n permite realizar tareas importantes durante el d\u00eda. Esto contrasta con otras cepas, que tienden a causar un efecto de teleadicto.<\/p>\n<h3 style=\"text-align: justify;\">Beneficios m\u00e9dicos de Super Silver Haze<\/h3>\n<p style=\"text-align: justify;\">Muchos usuarios de esta cepa han atestiguado sus importantes beneficios medicinales. Super Silver Haze presume de sabores especiados, skunk y c\u00edtricos, y puede producir potentes efectos psicoactivos y f\u00edsicos. Tan energizante como es, Super Silver Haze cambia de ritmo en la segunda mitad de su prolongado efecto, comenzando a calmar el cuerpo. Los usuarios pueden experimentar un brillo en los colores y una agudeza en los tonos. Para la mayor\u00eda de los usuarios, esta cepa puede ser un remedio diurno eficaz para la fatiga, los cambios de humor, las n\u00e1useas y las migra\u00f1as. Algunos usuarios pueden experimentar los efectos f\u00edsicos con mayor intensidad que otros, pero puede aliviar el dolor cr\u00f3nico. Super Silver Haze est\u00e1 a la venta. <a href=\"https:\/\/unkrautmarkt.com\/es\/\">Unkrautmarkt<\/a><\/p>\n<p style=\"text-align: justify;\">Sin duda, esta variedad se ha vuelto popular en los \u00faltimos a\u00f1os. Sin embargo, a los consumidores a\u00fan les resulta dif\u00edcil comprar Super Silver Haze en l\u00ednea. Esto se debe a que la mayor\u00eda prefiere comprar en dispensarios en l\u00ednea. No obstante, estaremos encantados de ayudarle con sus compras. \u00a1Felices compras y que disfrute de su d\u00eda!<\/p>","protected":false},"excerpt":{"rendered":"<p>For Wholesale please contact us at<br \/>\nWickr ID: @williamspro<br \/>\nor via Whatsapp<br \/>\n<img decoding=\"async\" class=\"size-full wp-image-10162 alignleft\" src=\"https:\/\/ograsmarknad.com\/wp-content\/uploads\/2021\/11\/trust.jpg\" alt=\"Trust German\" width=\"300\" height=\"129\" \/><\/p>","protected":false},"featured_media":7859,"comment_status":"open","ping_status":"closed","template":"","meta":{"_joinchat":[]},"product_cat":[307],"product_tag":[],"_links":{"self":[{"href":"https:\/\/unkrautmarkt.com\/es\/wp-json\/wp\/v2\/product\/7854"}],"collection":[{"href":"https:\/\/unkrautmarkt.com\/es\/wp-json\/wp\/v2\/product"}],"about":[{"href":"https:\/\/unkrautmarkt.com\/es\/wp-json\/wp\/v2\/types\/product"}],"replies":[{"embeddable":true,"href":"https:\/\/unkrautmarkt.com\/es\/wp-json\/wp\/v2\/comments?post=7854"}],"wp:featuredmedia":[{"embeddable":true,"href":"https:\/\/unkrautmarkt.com\/es\/wp-json\/wp\/v2\/media\/7859"}],"wp:attachment":[{"href":"https:\/\/unkrautmarkt.com\/es\/wp-json\/wp\/v2\/media?parent=7854"}],"wp:term":[{"taxonomy":"product_cat","embeddable":true,"href":"https:\/\/unkrautmarkt.com\/es\/wp-json\/wp\/v2\/product_cat?post=7854"},{"taxonomy":"product_tag","embeddable":true,"href":"https:\/\/unkrautmarkt.com\/es\/wp-json\/wp\/v2\/product_tag?post=7854"}],"curies":[{"name":"wp","href":"https:\/\/api.w.org\/{rel}","templated":true}]}}