{"id":7848,"date":"2021-10-28T13:03:14","date_gmt":"2021-10-28T13:03:14","guid":{"rendered":"https:\/\/unkrautmarkt.com\/?post_type=product&#038;p=7848"},"modified":"2026-03-16T05:05:41","modified_gmt":"2026-03-16T05:05:41","slug":"strawberry-haze","status":"publish","type":"product","link":"https:\/\/unkrautmarkt.com\/es\/product\/strawberry-haze\/","title":{"rendered":"Strawberry Haze"},"content":{"rendered":"<h2 style=\"text-align: justify;\">Strawberry Haze online<\/h2>\n<p style=\"text-align: justify;\"><a href=\"https:\/\/en.wikipedia.org\/wiki\/Cannabis_strain\" rel=\"nofollow noopener\" target=\"_blank\">Strawberry Haze<\/a> Los cogollos de Strawberry Haze huelen a fresa y ofrecen un sabor dulce que se intensifica al dejar que las ra\u00edces crezcan libremente en la tierra. Se caracteriza por ser una planta alta con ramas largas. Es f\u00e1cil de cultivar y mantener, ya que se desarrolla bien en condiciones de humedad. El tiempo de floraci\u00f3n es de aproximadamente 10 semanas, con un contenido de THC de hasta el 20 % y un contenido de CBD del 1,2 %.<\/p>\n<p style=\"text-align: justify;\"><a href=\"https:\/\/unkrautmarkt.com\/es\/product\/strawberry-haze\/\">Unkrautmarkt.com<\/a> Hemos sido reconocidos como una de las mejores farmacias de marihuana en l\u00ednea. Esto se debe a la calidad de nuestros productos, nuestro compromiso con la satisfacci\u00f3n del cliente y nuestra dedicaci\u00f3n para garantizar su completa satisfacci\u00f3n. Strawberry Haze, tambi\u00e9n conocida como \"Arjan's Strawberry Haze\", fue desarrollada por Arjan y lanzada al p\u00fablico en 2006. En 2005, Strawberry Haze gan\u00f3 el primer premio en el Green House Very Important Smokers Panel. Ahora puede comprar Strawberry Haze en l\u00ednea con nosotros a precios competitivos y con entrega discreta garantizada a nivel mundial.<\/p>\n<h3 style=\"text-align: justify;\">Strawberry Haze Efectos<\/h3>\n<p style=\"text-align: justify;\">Hicimos una muestra en algunas personas que compran Strawberry Haze todo el tiempo y esto es lo que descubrimos.<\/p>\n<p style=\"text-align: justify;\"><em><strong>113 personas nos han hablado de efectos:<\/strong><\/em><\/p>\n<p style=\"text-align: justify;\">\u2022 <a href=\"https:\/\/unkrautmarkt.com\/es\/\">Gef\u00fchle<\/a><br \/>\n- Negativo<br \/>\n- Ayuda a<\/p>\n<p style=\"text-align: justify;\">Energ\u00eda: el 53% de las personas dicen sentirse con energ\u00eda<br \/>\nFeliz: el 53% de las personas dicen sentirse felices<br \/>\nEl 53% de las personas dicen sentirse animadas<br \/>\nBoca seca: el 26% de las personas dicen tener la boca seca<br \/>\nSequedad ocular: el 21% de las personas declaran tener los ojos secos<br \/>\nParanoia: el 11% de las personas dicen sentirse paranoicas<br \/>\nDepresi\u00f3n: el 31% de las personas dicen que les ayuda con la depresi\u00f3n<br \/>\nEstr\u00e9s: el 28% de las personas dicen que les ayuda con el estr\u00e9s<br \/>\nAnsiedad: el 22% de las personas dicen que les ayuda con la ansiedad<\/p>","protected":false},"excerpt":{"rendered":"<p>For Wholesale please contact us at<br \/>\nWickr ID: @williamspro<br \/>\nor via Whatsapp<br \/>\n<img decoding=\"async\" class=\"size-full wp-image-10162 alignleft\" src=\"https:\/\/ograsmarknad.com\/wp-content\/uploads\/2021\/11\/trust.jpg\" alt=\"Trust German\" width=\"300\" height=\"129\" \/><\/p>","protected":false},"featured_media":7853,"comment_status":"open","ping_status":"closed","template":"","meta":{"_joinchat":[]},"product_cat":[307],"product_tag":[],"_links":{"self":[{"href":"https:\/\/unkrautmarkt.com\/es\/wp-json\/wp\/v2\/product\/7848"}],"collection":[{"href":"https:\/\/unkrautmarkt.com\/es\/wp-json\/wp\/v2\/product"}],"about":[{"href":"https:\/\/unkrautmarkt.com\/es\/wp-json\/wp\/v2\/types\/product"}],"replies":[{"embeddable":true,"href":"https:\/\/unkrautmarkt.com\/es\/wp-json\/wp\/v2\/comments?post=7848"}],"wp:featuredmedia":[{"embeddable":true,"href":"https:\/\/unkrautmarkt.com\/es\/wp-json\/wp\/v2\/media\/7853"}],"wp:attachment":[{"href":"https:\/\/unkrautmarkt.com\/es\/wp-json\/wp\/v2\/media?parent=7848"}],"wp:term":[{"taxonomy":"product_cat","embeddable":true,"href":"https:\/\/unkrautmarkt.com\/es\/wp-json\/wp\/v2\/product_cat?post=7848"},{"taxonomy":"product_tag","embeddable":true,"href":"https:\/\/unkrautmarkt.com\/es\/wp-json\/wp\/v2\/product_tag?post=7848"}],"curies":[{"name":"wp","href":"https:\/\/api.w.org\/{rel}","templated":true}]}}