{"id":7842,"date":"2021-10-28T12:47:53","date_gmt":"2021-10-28T12:47:53","guid":{"rendered":"https:\/\/unkrautmarkt.com\/?post_type=product&#038;p=7842"},"modified":"2026-03-16T05:07:22","modified_gmt":"2026-03-16T05:07:22","slug":"sour-diesel","status":"publish","type":"product","link":"https:\/\/unkrautmarkt.com\/es\/product\/sour-diesel\/","title":{"rendered":"Sour Diesel"},"content":{"rendered":"<h2 style=\"text-align: justify;\">Comprar Sour Diesel en l\u00ednea<\/h2>\n<p style=\"text-align: justify;\">Tambi\u00e9n conocido como Sour D, <a href=\"https:\/\/unkrautmarkt.com\/es\/product\/sour-diesel\/\">Sour Diesel<\/a> Una variedad sativa que desprende un aroma \u00e1cido, penetrante y a lim\u00f3n, con un sabor terroso y \u00e1cido. Sus hojas son de un verde intenso, con c\u00e1lices cubiertos de tricomas blancos y pelos finos cuando est\u00e1n listas para la cosecha. Sour Diesel a la venta, compra marihuana barata online, hierba a la venta online.<\/p>\n<p style=\"text-align: justify;\">El linaje de Sour Diesel se ha perdido, pero se cree que fue un cruce entre el h\u00edbrido Chemdawg, la \u00edndica Northern Lights y un fenotipo h\u00edbrido Skunk.<\/p>\n<p style=\"text-align: justify;\">Se sabe que los niveles de THC alcanzan hasta el 25%, pero el promedio ronda el 17%. Esta cepa sativa produce una gran actividad cerebral, y la mayor\u00eda de los usuarios reportan mayor creatividad y energ\u00eda. Es conocida por ayudar con la fatiga y aliviar la ansiedad, lo que la convierte en una excelente opci\u00f3n para despertarse. Compra marihuana barata en l\u00ednea en Alemania, Austria y Suiza.<\/p>\n<p style=\"text-align: justify;\">Al consumir Sour Diesel, es normal tener sequedad bucal y ocular. La paranoia tambi\u00e9n es un efecto secundario com\u00fan debido a la actividad cerebral que induce, que puede resultar abrumadora para algunas personas. Si bien el Sour Diesel estimula la mente y agudiza los sentidos, tambi\u00e9n puede distraerte con facilidad, dificultando mantener una conversaci\u00f3n o concentrarte en algo. <a href=\"https:\/\/en.wikipedia.org\/wiki\/Sour_Diesel\" rel=\"nofollow noopener\" target=\"_blank\">Sour Diesel en venta<\/a><\/p>\n<p style=\"text-align: justify;\"><strong>Esta variedade potente \u00e9 ideal para utilizadores \u00e1vidos de can\u00e1bis, n\u00e3o para principiantes.<\/strong><\/p>\n<h3 style=\"text-align: justify;\">Compre Sour Diesel online en Alemania, Austria y Suiza<\/h3>\n<h4 style=\"text-align: justify;\">Experiencia<\/h4>\n<p style=\"text-align: justify;\">Das Gute, <a href=\"https:\/\/unkrautmarkt.com\/es\/\">Pide Sour Diesel en l\u00ednea<\/a><\/p>\n<ul style=\"text-align: justify;\">\n<li>Energiek<\/li>\n<li>Cr\u00e9atif<\/li>\n<li>Heureux<\/li>\n<\/ul>\n<h4 style=\"text-align: justify;\">Lo malo<\/h4>\n<ul style=\"text-align: justify;\">\n<li>Droge ogen<\/li>\n<li>Bouche s\u00e8che<\/li>\n<\/ul>\n<h4 style=\"text-align: justify;\">Se adapta bien a la venta de marihuana en l\u00ednea.<\/h4>\n<ul style=\"text-align: justify;\">\n<li>Art et sculptures<\/li>\n<li>en lisant<\/li>\n<li>\u00c9tude<\/li>\n<\/ul>\n<h4 style=\"text-align: justify;\">Gusto y olfato<\/h4>\n<ul>\n<li style=\"text-align: justify;\">Fruchtig<\/li>\n<li style=\"text-align: justify;\">Aigre<\/li>\n<li style=\"text-align: justify;\">Doux<\/li>\n<\/ul>","protected":false},"excerpt":{"rendered":"<p>For Wholesale please contact us at<br \/>\nWickr ID: @williamspro<br \/>\nor via Whatsapp<br \/>\n<img decoding=\"async\" class=\"size-full wp-image-10162 alignleft\" src=\"https:\/\/ograsmarknad.com\/wp-content\/uploads\/2021\/11\/trust.jpg\" alt=\"Trust German\" width=\"300\" height=\"129\" \/><\/p>","protected":false},"featured_media":7847,"comment_status":"open","ping_status":"closed","template":"","meta":{"_joinchat":[]},"product_cat":[307],"product_tag":[],"_links":{"self":[{"href":"https:\/\/unkrautmarkt.com\/es\/wp-json\/wp\/v2\/product\/7842"}],"collection":[{"href":"https:\/\/unkrautmarkt.com\/es\/wp-json\/wp\/v2\/product"}],"about":[{"href":"https:\/\/unkrautmarkt.com\/es\/wp-json\/wp\/v2\/types\/product"}],"replies":[{"embeddable":true,"href":"https:\/\/unkrautmarkt.com\/es\/wp-json\/wp\/v2\/comments?post=7842"}],"wp:featuredmedia":[{"embeddable":true,"href":"https:\/\/unkrautmarkt.com\/es\/wp-json\/wp\/v2\/media\/7847"}],"wp:attachment":[{"href":"https:\/\/unkrautmarkt.com\/es\/wp-json\/wp\/v2\/media?parent=7842"}],"wp:term":[{"taxonomy":"product_cat","embeddable":true,"href":"https:\/\/unkrautmarkt.com\/es\/wp-json\/wp\/v2\/product_cat?post=7842"},{"taxonomy":"product_tag","embeddable":true,"href":"https:\/\/unkrautmarkt.com\/es\/wp-json\/wp\/v2\/product_tag?post=7842"}],"curies":[{"name":"wp","href":"https:\/\/api.w.org\/{rel}","templated":true}]}}