{"id":7836,"date":"2021-10-28T12:20:23","date_gmt":"2021-10-28T12:20:23","guid":{"rendered":"https:\/\/unkrautmarkt.com\/?post_type=product&#038;p=7836"},"modified":"2026-03-16T05:10:06","modified_gmt":"2026-03-16T05:10:06","slug":"pineapple-express","status":"publish","type":"product","link":"https:\/\/unkrautmarkt.com\/es\/product\/pineapple-express\/","title":{"rendered":"Pineapple Express"},"content":{"rendered":"<h2 style=\"text-align: justify;\">Pineapple Express online kaufen von der besten Online-Apotheke<\/h2>\n<p style=\"text-align: justify;\">Pineapple Express para la venta en Espa\u00f1a, Alemania, Austand Suiza se puede comprar en Unkrautmarkt.com a precios asequibles en el momento actual. Todo nuestro equipo de vendedores y proveedores est\u00e1 disponible 24\/7 para ayudarle a comprar Pineapple Express en l\u00ednea. Somos una farmacia online con experiencia que entiende a sus clientes. Aqu\u00ed puede comprar los mejores productos. \u00a1Pida Pineapple Express Alemania, Austria y Suiza ahora!<\/p>\n<h3 style=\"text-align: justify;\">\u00bfCu\u00e1les son las caracter\u00edsticas de Pineapple Express?<\/h3>\n<p style=\"text-align: justify;\"><a href=\"https:\/\/unkrautmarkt.com\/es\/product\/pineapple-express\/\"><strong>Pineapple Express<\/strong><\/a> Pineapple Express es una variedad tropical creada mediante el cruce de Trainwreck y Hawaiian. Produce un humo suave y dulce, ideal para colocarse. Esta potente variedad se ha vuelto muy popular en los mercados online de EE. UU., Reino Unido, Canad\u00e1, Alemania y Australia. Su contenido de THC suele superar el 24 %. Su aroma recuerda a un puesto de frutas. Los cogollos de Pineapple Express son de color oliva y tienen forma de roca. Su sabor recuerda a una rodaja de pi\u00f1a fresca. Con esta variedad, podr\u00e1s completar r\u00e1pidamente tu lista de tareas pendientes. Puedes cultivarla tanto en exterior como en interior. La floraci\u00f3n dura aproximadamente de 7 a 8 semanas.<\/p>\n<ul>\n<li style=\"text-align: justify;\">El sabor es s\u00faper fuerte.<\/li>\n<li style=\"text-align: justify;\">Su zumbido es poderoso.<\/li>\n<li style=\"text-align: justify;\">Te da la sensaci\u00f3n de flotar en el aire.<\/li>\n<li style=\"text-align: justify;\">Produce un ligero adormecimiento y un subid\u00f3n embriagador y feliz.<\/li>\n<li style=\"text-align: justify;\">Hace que los usuarios sean creativos y habladores.<\/li>\n<li style=\"text-align: justify;\">Ayuda a concentrarse y a ser productivo.<\/li>\n<li style=\"text-align: justify;\">Es \u00fatil para las personas que sufren ansiedad, fatiga, depresi\u00f3n, estr\u00e9s cr\u00f3nico e inquietud general. <a href=\"https:\/\/unkrautmarkt.com\/es\/\"><strong>Unkrautmarkt<\/strong><\/a><\/li>\n<li style=\"text-align: justify;\">Tambi\u00e9n tiene algunas propiedades calmantes menores.<\/li>\n<\/ul>\n<h3 style=\"text-align: justify;\">\u00bfC\u00f3mo puedo comprar Pineapple Express en l\u00ednea?<\/h3>\n<p style=\"text-align: justify;\">Cuando <a href=\"https:\/\/en.wikipedia.org\/wiki\/Pineapple_Express\" rel=\"nofollow noopener\" target=\"_blank\">Pineapple Express in Deutschland<\/a>Si desea realizar un pedido en l\u00ednea desde Austria o Suiza, elija Unkrautmarkt.com. Empaquetaremos su pedido de forma segura y lo enviaremos a la direcci\u00f3n que nos indique. No habr\u00e1 retrasos por nuestra parte. \u00a1Con\u00e9ctese ahora!<\/p>","protected":false},"excerpt":{"rendered":"<p>For Wholesale please contact us at<br \/>\nWickr ID: @williamspro<br \/>\nor via Whatsapp<br \/>\n<img decoding=\"async\" class=\"size-full wp-image-10162 alignleft\" src=\"https:\/\/ograsmarknad.com\/wp-content\/uploads\/2021\/11\/trust.jpg\" alt=\"Trust German\" width=\"300\" height=\"129\" \/><\/p>","protected":false},"featured_media":7841,"comment_status":"open","ping_status":"closed","template":"","meta":{"_joinchat":[]},"product_cat":[307],"product_tag":[],"_links":{"self":[{"href":"https:\/\/unkrautmarkt.com\/es\/wp-json\/wp\/v2\/product\/7836"}],"collection":[{"href":"https:\/\/unkrautmarkt.com\/es\/wp-json\/wp\/v2\/product"}],"about":[{"href":"https:\/\/unkrautmarkt.com\/es\/wp-json\/wp\/v2\/types\/product"}],"replies":[{"embeddable":true,"href":"https:\/\/unkrautmarkt.com\/es\/wp-json\/wp\/v2\/comments?post=7836"}],"wp:featuredmedia":[{"embeddable":true,"href":"https:\/\/unkrautmarkt.com\/es\/wp-json\/wp\/v2\/media\/7841"}],"wp:attachment":[{"href":"https:\/\/unkrautmarkt.com\/es\/wp-json\/wp\/v2\/media?parent=7836"}],"wp:term":[{"taxonomy":"product_cat","embeddable":true,"href":"https:\/\/unkrautmarkt.com\/es\/wp-json\/wp\/v2\/product_cat?post=7836"},{"taxonomy":"product_tag","embeddable":true,"href":"https:\/\/unkrautmarkt.com\/es\/wp-json\/wp\/v2\/product_tag?post=7836"}],"curies":[{"name":"wp","href":"https:\/\/api.w.org\/{rel}","templated":true}]}}