{"id":7818,"date":"2021-10-28T10:51:46","date_gmt":"2021-10-28T10:51:46","guid":{"rendered":"https:\/\/unkrautmarkt.com\/?post_type=product&#038;p=7818"},"modified":"2026-03-13T09:19:47","modified_gmt":"2026-03-13T09:19:47","slug":"hawaiian-snow","status":"publish","type":"product","link":"https:\/\/unkrautmarkt.com\/es\/product\/hawaiian-snow\/","title":{"rendered":"Nieve hawaiana"},"content":{"rendered":"<h2 style=\"text-align: justify;\">Hawaiian Snow online<\/h2>\n<p style=\"text-align: justify;\"><a href=\"https:\/\/unkrautmarkt.com\/es\/\">Nieve hawaiana<\/a> es una variedad sativa pura que ha ganado el primer puesto en muchas competiciones y es conocida por tener un contenido de THC de hasta el 24%. Esta cepa es una Haze debido a su efecto cerebral fuerte, brumoso y aturdido.<\/p>\n<p style=\"text-align: justify;\">El estado de \u00e1nimo elevado de Hawaiian Snow suele ir acompa\u00f1ado de energ\u00eda y creatividad. Estas olas de euforia comienzan en la mente y se irradian hacia fuera para calmar y aliviar el cuerpo. Algunos usuarios experimentan un fuerte antojo y otros encuentran los efectos cerebrales intensos y embriagadores. Esta cepa tiene aromas de pino y florales. Los efectos negativos pueden incluir algodones, ojos secos, mareos, paranoia o ansiedad. Pide Hawaiian Snow en Espa\u00f1a, Italia, Alemania, Austria y Suiza.<\/p>\n<p style=\"text-align: justify;\"><a href=\"https:\/\/en.wikipedia.org\/wiki\/Cannabis_strain\" rel=\"nofollow noopener\" target=\"_blank\">Nieve hawaiana<\/a> es ideal para el uso diurno y se recomienda sobre todo a las personas con estr\u00e9s, ansiedad y depresi\u00f3n. Sin embargo, los efectos f\u00edsicos tambi\u00e9n son \u00fatiles para aliviar el dolor cr\u00f3nico, como el de las articulaciones. La cepa tambi\u00e9n puede reducir la inflamaci\u00f3n. A veces los pacientes la utilizan para aliviar las n\u00e1useas y combatir los trastornos alimentarios. En menor medida, se utiliza para las migra\u00f1as, el glaucoma, las cefaleas y el insomnio.<\/p>\n<p style=\"text-align: justify;\">La Hawaiian Snow desciende completamente de las Haze, especialmente de la Haze pura, la Hawaiian Haze y la Neville's Haze. La cepa fue criada por Green House Seeds y puede ser cultivada tanto en interiores como en exteriores. En interior, estas plantas florecen hasta once semanas y pueden producir hasta 700 gramos por metro cuadrado. En el exterior, en el hemisferio sur, suelen estar listas en junio. En el hemisferio norte, maduran entre octubre y noviembre y pueden producir hasta 1200 gramos por planta. <a href=\"https:\/\/unkrautmarkt.com\/es\/\">Unkrautmarkt<\/a><\/p>","protected":false},"excerpt":{"rendered":"<p>For Wholesale please contact us at<br \/>\nWickr ID: @williamspro<br \/>\nor via Whatsapp<br \/>\n<img decoding=\"async\" class=\"size-full wp-image-10162 alignleft\" src=\"https:\/\/ograsmarknad.com\/wp-content\/uploads\/2021\/11\/trust.jpg\" alt=\"Trust German\" width=\"300\" height=\"129\" \/><\/p>","protected":false},"featured_media":7823,"comment_status":"open","ping_status":"closed","template":"","meta":{"_joinchat":[]},"product_cat":[307],"product_tag":[],"_links":{"self":[{"href":"https:\/\/unkrautmarkt.com\/es\/wp-json\/wp\/v2\/product\/7818"}],"collection":[{"href":"https:\/\/unkrautmarkt.com\/es\/wp-json\/wp\/v2\/product"}],"about":[{"href":"https:\/\/unkrautmarkt.com\/es\/wp-json\/wp\/v2\/types\/product"}],"replies":[{"embeddable":true,"href":"https:\/\/unkrautmarkt.com\/es\/wp-json\/wp\/v2\/comments?post=7818"}],"wp:featuredmedia":[{"embeddable":true,"href":"https:\/\/unkrautmarkt.com\/es\/wp-json\/wp\/v2\/media\/7823"}],"wp:attachment":[{"href":"https:\/\/unkrautmarkt.com\/es\/wp-json\/wp\/v2\/media?parent=7818"}],"wp:term":[{"taxonomy":"product_cat","embeddable":true,"href":"https:\/\/unkrautmarkt.com\/es\/wp-json\/wp\/v2\/product_cat?post=7818"},{"taxonomy":"product_tag","embeddable":true,"href":"https:\/\/unkrautmarkt.com\/es\/wp-json\/wp\/v2\/product_tag?post=7818"}],"curies":[{"name":"wp","href":"https:\/\/api.w.org\/{rel}","templated":true}]}}