{"id":7812,"date":"2021-10-28T10:34:02","date_gmt":"2021-10-28T10:34:02","guid":{"rendered":"https:\/\/unkrautmarkt.com\/?post_type=product&#038;p=7812"},"modified":"2026-03-12T06:24:02","modified_gmt":"2026-03-12T06:24:02","slug":"ghost-train-haze","status":"publish","type":"product","link":"https:\/\/unkrautmarkt.com\/es\/product\/ghost-train-haze\/","title":{"rendered":"Ghost Train Haze"},"content":{"rendered":"<h2 style=\"text-align: justify;\">Comprar Ghost Train Haze en l\u00ednea<\/h2>\n<p style=\"text-align: justify;\"><a href=\"https:\/\/unkrautmarkt.com\/es\/product\/ghost-train-haze\/\"><strong>Comprar Ghost Train Haze en Alemania<\/strong><\/a>Origin\u00e1ria da \u00c1ustria e da Su\u00ed\u00e7a, a Ghost Train Haze \u00e9 uma lend\u00e1ria variedade h\u00edbrida de cannabis com predomin\u00e2ncia sativa, criada pela Rare Dankness. \u00c9 um cruzamento entre Neville's Wreck e Ghost OG. Os buds verde-claros da Ghost Train Haze s\u00e3o densos e espessos, ricos em tricomas e cobertos por pistilos laranja-claros. Um cruzamento gen\u00e9tico magistral das variedades parentais. <strong>Ghost OG (H\u00edbrido)<\/strong> Y Nevil\u2019s Wreck (Sativa) es Ghost Train Haze, una maravilla de marihuana extremadamente potente, conocida por ser una de las fumadas m\u00e1s fuertes del mundo y tener un contenido promedio de THC de 28.<\/p>\n<p style=\"text-align: justify;\"><strong>Comprar Ghost Train Haze<\/strong>Es un h\u00edbrido de dominancia sativa f\u00e1cil de cultivar que produce grandes cantidades de cogollos azucarados y ricos en tricomas durante un periodo de floraci\u00f3n de 65 a 80 d\u00edas. Ghost Train Haze tiene un toque c\u00edtrico y \u00e1cido similar a su aroma. Su sabor inicial es ligeramente \u00e1cido, seguido de sabores terrosos y especiados que recuerdan a su gen\u00e9tica Haze. Ghost Train Haze es un legendario h\u00edbrido de cannabis de dominancia sativa creado por Rare Dankness. Su aroma es dulce y a pino, con toques c\u00edtricos, de lim\u00f3n y de especias. Incluso al abrir un cogollo se libera un fuerte aroma a neblina que impregna la habitaci\u00f3n. Esto se abre en una nueva ventana. Un cruce gen\u00e9tico magistral de las cepas parentales Ghost OG (h\u00edbrida) y Nevil's Wreck (sativa), Ghost Train Haze es una maravilla de la marihuana extremadamente potente, conocida por ser una de las variedades que m\u00e1s se fuman en el mundo y por su contenido medio de THC del 28 %. La marihuana Sour Diesel est\u00e1 catalogada como una variedad de marihuana sativa, exhibiendo muy pocos rasgos \u00edndica en su personalidad y mostrando una proporci\u00f3n de 90% sativa a 10% \u00edndica. <a href=\"https:\/\/unkrautmarkt.com\/es\/\"><strong>Unkrautmarkt<\/strong><\/a><\/p>\n<h3>Ghost Train Haze<\/h3>\n<p>\u00bfTe apetece un susto? \u00a1Esta variedad es perfecta para tu pel\u00edcula de terror favorita! Ghost Train Haze (GTH), desarrollada por Rare Dankness, es un h\u00edbrido sativa dominante de Neville's Wreck y Ghost OG. <strong><a href=\"https:\/\/en.wikipedia.org\/wiki\/Cannabis_strain\" rel=\"nofollow noopener\" target=\"_blank\">Ghost Train Haze est\u00e1 disponible<\/a>.<\/strong><\/p>\n<p><strong>Ghost Train Haze<\/strong> \u00e8 una vera leggenda della cannabis: ha vinto il primo premio nella categoria Sativa all'High Times Cannabis Cup nel 2014, \u00e8 arrivata seconda nella categoria \"Miglior Sativa Terapeutica\" nel 2013 e ha ricevuto pi\u00f9 volte il premio \"Ceppia pi\u00f9 Forte del Mondo\" da High Times. Con un contenuto medio di THC del 27%, non \u00e8 adatta ai deboli di cuore!<br \/>\nSu potente efecto \u2014combinado con aromas dulces y c\u00edtricos de lim\u00f3n, y pino fresco\u2014 garantiza un excelente estado de \u00e1nimo, energ\u00eda, risas y un puro entusiasmo por la vida. \u00bfSuena tentador? Entonces, \u00bfa qu\u00e9 esperas?<\/p>","protected":false},"excerpt":{"rendered":"<p>For Wholesale please contact us at<br \/>\nWickr ID: @williamspro<br \/>\nor via Whatsapp<br \/>\n<img decoding=\"async\" class=\"size-full wp-image-10162 alignleft\" src=\"https:\/\/ograsmarknad.com\/wp-content\/uploads\/2021\/11\/trust.jpg\" alt=\"Trust German\" width=\"300\" height=\"129\" \/><\/p>","protected":false},"featured_media":7817,"comment_status":"open","ping_status":"closed","template":"","meta":{"_joinchat":[]},"product_cat":[307],"product_tag":[],"_links":{"self":[{"href":"https:\/\/unkrautmarkt.com\/es\/wp-json\/wp\/v2\/product\/7812"}],"collection":[{"href":"https:\/\/unkrautmarkt.com\/es\/wp-json\/wp\/v2\/product"}],"about":[{"href":"https:\/\/unkrautmarkt.com\/es\/wp-json\/wp\/v2\/types\/product"}],"replies":[{"embeddable":true,"href":"https:\/\/unkrautmarkt.com\/es\/wp-json\/wp\/v2\/comments?post=7812"}],"wp:featuredmedia":[{"embeddable":true,"href":"https:\/\/unkrautmarkt.com\/es\/wp-json\/wp\/v2\/media\/7817"}],"wp:attachment":[{"href":"https:\/\/unkrautmarkt.com\/es\/wp-json\/wp\/v2\/media?parent=7812"}],"wp:term":[{"taxonomy":"product_cat","embeddable":true,"href":"https:\/\/unkrautmarkt.com\/es\/wp-json\/wp\/v2\/product_cat?post=7812"},{"taxonomy":"product_tag","embeddable":true,"href":"https:\/\/unkrautmarkt.com\/es\/wp-json\/wp\/v2\/product_tag?post=7812"}],"curies":[{"name":"wp","href":"https:\/\/api.w.org\/{rel}","templated":true}]}}