{"id":7806,"date":"2021-10-28T10:27:45","date_gmt":"2021-10-28T10:27:45","guid":{"rendered":"https:\/\/unkrautmarkt.com\/?post_type=product&#038;p=7806"},"modified":"2026-03-12T06:24:30","modified_gmt":"2026-03-12T06:24:30","slug":"cinex","status":"publish","type":"product","link":"https:\/\/unkrautmarkt.com\/es\/product\/cinex\/","title":{"rendered":"Cinex"},"content":{"rendered":"<h2 style=\"text-align: justify;\">Comprar Cinex en l\u00ednea<\/h2>\n<p style=\"text-align: justify;\"><strong>Cinex<\/strong>, un h\u00edbrido de las cepas progenitoras Cinderella 99 y Vortex, ofrece inicialmente una mezcla de sabores que van desde c\u00edtricos dulces hasta un toque terroso a skunk. Adem\u00e1s, sus efectos son l\u00facidos y estimulantes, perfectos para establecer una mentalidad positiva y estimular la energ\u00eda creativa. Los consumidores valoran la Cinex por su capacidad para suprimir el dolor y la depresi\u00f3n.<\/p>\n<h3 style=\"text-align: justify;\">Adem\u00e1s, efecto(s)<\/h3>\n<p style=\"text-align: justify;\">Primero, Cerebral<br \/>\nCr\u00e9atif<br \/>\nEnergiek<br \/>\neuphorie<br \/>\nConcentr\u00e9<br \/>\nHeureux<br \/>\nSchmerzlinderung<br \/>\nRelajado<br \/>\nSozial<br \/>\nGespr\u00e4chig<br \/>\n<a href=\"https:\/\/unkrautmarkt.com\/es\/product\/cinex\/\">Por \u00faltimo, pero no menos importante, alentador<\/a><\/p>\n<h3>Sabores<\/h3>\n<p>Agrumes<br \/>\nTerreux<br \/>\nSkunks<br \/>\nDoux<\/p>\n<h3 style=\"text-align: justify;\">Cannabis sativa<\/h3>\n<p style=\"text-align: justify;\">En resumen, las plantas de *Cannabis sativa* son lo opuesto a las variedades Indica: crecen altas y esbeltas, con hojas estrechas. Por lo general, las plantas Sativa tambi\u00e9n presentan un tono de verde m\u00e1s claro que su contraparte, la variedad Indica. Adem\u00e1s, las cepas Sativa tardan m\u00e1s tiempo en crecer y madurar, y requieren m\u00e1s luz. Los medicamentos derivados de las plantas de *Cannabis sativa* tienen un menor contenido de CBD y un mayor contenido de THC. <strong>Comprar la variedad Cinex en l\u00ednea<\/strong>, \u00a1Suiza, Austria!<\/p>\n<p style=\"text-align: justify;\">En resumen, las plantas de *Cannabis sativa* son lo opuesto a las variedades Indica: crecen altas y esbeltas, con hojas estrechas. Por lo general, las plantas Sativa tambi\u00e9n presentan un tono de verde m\u00e1s claro que su contraparte, la variedad Indica. Adem\u00e1s, las cepas Sativa tardan m\u00e1s tiempo en crecer y madurar, y requieren m\u00e1s luz. Los medicamentos derivados de las plantas de *Cannabis sativa* tienen un menor contenido de CBD y un mayor contenido de THC. <a href=\"https:\/\/en.wikipedia.org\/wiki\/Cannabis_strain\" rel=\"nofollow noopener\" target=\"_blank\"><strong>Comprar Cinex<\/strong><\/a><\/p>\n<p style=\"text-align: justify;\">Las cualidades m\u00e1s importantes de las cepas sativa medicinales incluyen: Comprar Cinex en Alemania, Suiza, Austria<\/p>\n<p style=\"text-align: justify;\">Eerst,<br \/>\nAnti-angoisse<br \/>\nAntid\u00e9presseur<br \/>\nTraite la douleur chronique<br \/>\nAumenta la concentraci\u00f3n y la creatividad.<br \/>\nAumenta la serotonina (un neurotransmisor involucrado en la regulaci\u00f3n del aprendizaje, el estado de \u00e1nimo, el sue\u00f1o, la ansiedad y el apetito).<br \/>\nPor \u00faltimo, para uso diario.<\/p>\n<h3 style=\"text-align: justify;\">Compre la variedad Cinex en l\u00ednea<\/h3>\n<p style=\"text-align: justify;\"><a href=\"https:\/\/unkrautmarkt.com\/es\/\"><strong>Plantas de cannabis sativa<\/strong><\/a> Tienen hojas m\u00e1s finas y ciclos de floraci\u00f3n m\u00e1s largos que sus contrapartes Indica. Tambi\u00e9n son m\u00e1s altas: algunas Sativas pueden crecer hasta 25 pies de altura, aunque la mayor\u00eda se mantiene por debajo de los 12 pies. <strong>Compra la variedad Cinex en l\u00ednea \u2014 \u00a1Espa\u00f1a, Suiza, Austria!<\/strong><\/p>","protected":false},"excerpt":{"rendered":"<p>For Wholesale please contact us at<br \/>\nWickr ID: @williamspro<br \/>\nor via Whatsapp<br \/>\n<img decoding=\"async\" class=\"size-full wp-image-10162 alignleft\" src=\"https:\/\/ograsmarknad.com\/wp-content\/uploads\/2021\/11\/trust.jpg\" alt=\"Trust German\" width=\"300\" height=\"129\" \/><\/p>","protected":false},"featured_media":7811,"comment_status":"open","ping_status":"closed","template":"","meta":{"_joinchat":[]},"product_cat":[307],"product_tag":[],"_links":{"self":[{"href":"https:\/\/unkrautmarkt.com\/es\/wp-json\/wp\/v2\/product\/7806"}],"collection":[{"href":"https:\/\/unkrautmarkt.com\/es\/wp-json\/wp\/v2\/product"}],"about":[{"href":"https:\/\/unkrautmarkt.com\/es\/wp-json\/wp\/v2\/types\/product"}],"replies":[{"embeddable":true,"href":"https:\/\/unkrautmarkt.com\/es\/wp-json\/wp\/v2\/comments?post=7806"}],"wp:featuredmedia":[{"embeddable":true,"href":"https:\/\/unkrautmarkt.com\/es\/wp-json\/wp\/v2\/media\/7811"}],"wp:attachment":[{"href":"https:\/\/unkrautmarkt.com\/es\/wp-json\/wp\/v2\/media?parent=7806"}],"wp:term":[{"taxonomy":"product_cat","embeddable":true,"href":"https:\/\/unkrautmarkt.com\/es\/wp-json\/wp\/v2\/product_cat?post=7806"},{"taxonomy":"product_tag","embeddable":true,"href":"https:\/\/unkrautmarkt.com\/es\/wp-json\/wp\/v2\/product_tag?post=7806"}],"curies":[{"name":"wp","href":"https:\/\/api.w.org\/{rel}","templated":true}]}}