{"id":7800,"date":"2021-10-28T09:11:17","date_gmt":"2021-10-28T09:11:17","guid":{"rendered":"https:\/\/unkrautmarkt.com\/?post_type=product&#038;p=7800"},"modified":"2026-03-12T06:24:51","modified_gmt":"2026-03-12T06:24:51","slug":"cherry-pie","status":"publish","type":"product","link":"https:\/\/unkrautmarkt.com\/es\/product\/cherry-pie\/","title":{"rendered":"Cherry Pie"},"content":{"rendered":"<h2 style=\"text-align: justify;\">Cherry Pie Strain<\/h2>\n<p style=\"text-align: justify;\">En primer lugar, es <a href=\"https:\/\/unkrautmarkt.com\/es\/product\/cherry-pie\/\"><strong>Comprar Cherry Pie en l\u00ednea (Espa\u00f1ol)<\/strong><\/a>En Austria y Suiza, esta es una variedad h\u00edbrida con un fuerte predominio Indica (hasta un 80%), un cruce entre Durban Poison y Granddaddy Purple. Con unos padres de tal categor\u00eda \u2014aut\u00e9nticas \u00abestrellas del rock\u00bb\u2014, cabr\u00eda esperar que esta variedad fuera de una calidad insuperable; y si la adquieres de la fuente adecuada, no te decepcionar\u00e1.<\/p>\n<p style=\"text-align: justify;\">Cherry Kush tiene pelos anaranjados tenues, un cogollo grueso y un aroma que es dif\u00edcil de estropear. Tiene un gran aspecto, con un centro verde oscuro rodeado de densos pelos marrones y cubierto de cristales. Cuando se rompe un brote, se pueden ver nuevos cristales que simplemente brillan a la luz. <a href=\"https:\/\/en.wikipedia.org\/wiki\/Cannabis_strain\" rel=\"nofollow noopener\" target=\"_blank\">Wikipedia<\/a><\/p>\n<h3 style=\"text-align: justify;\">Sorteninfo \u2013 Cherry Pie<\/h3>\n<p style=\"text-align: justify;\">En segundo lugar. Comprar Cherry Pie Online un h\u00edbrido de dominancia \u00edndica de Grand Daddy Purple y Durban Poison. Aunque es dif\u00edcil encontrar la versi\u00f3n aut\u00e9ntica de esta particular cepa de marihuana medicinal. Definitivamente no ser\u00e1 dif\u00edcil creer que esta es la mejor cepa. En su composici\u00f3n estructural, tiene cogollos densos con pelos anaranjados y muestra una ligera tonalidad p\u00farpura. Inspirado en el nombre de esta variedad de marihuana medicinal Comprar Cherry Pie en Alemania, Austria y Suiza, el aroma es el de la tarta de cereza. Lo utilizan sobre todo los pacientes que sufren s\u00edntomas evidentes de TEPT, ansiedad, trastorno bipolar, migra\u00f1as y otros s\u00edndromes orientados al estr\u00e9s.<\/p>\n<p style=\"text-align: justify;\">Aunque su uso por parte de los pacientes puede provocar sequedad ocular y bucal, sin duda contribuye a potenciar la euforia, relajar tanto el cuerpo como la mente, mejorar el estado de \u00e1nimo y agudizar la concentraci\u00f3n. Para aquellos pacientes que buscan espec\u00edficamente un remedio para aliviar la rigidez muscular y las molestias asociadas, esta variedad puede resultar, ciertamente, una aut\u00e9ntica salvaci\u00f3n. En resumen, esta representa el ejemplo por excelencia de una variedad de marihuana con beneficios m\u00e9dicos, una que los pacientes prefieren por encima de todas las dem\u00e1s; alivia los s\u00edntomas antes mencionados de la manera m\u00e1s relajante posible y, si bien sus efectos sedantes pueden causar ocasionalmente una leve irritaci\u00f3n, su valor terap\u00e9utico sigue siendo innegable. <a href=\"https:\/\/unkrautmarkt.com\/es\/p\/\"><strong>Cherry Pie<\/strong><\/a> \u00a1Compra en l\u00ednea en Alemania, Austria y Suiza!<\/p>","protected":false},"excerpt":{"rendered":"<p>For Wholesale please contact us at<br \/>\nWickr ID: @williamspro<br \/>\nor via Whatsapp<br \/>\n<img decoding=\"async\" class=\"size-full wp-image-10162 alignleft\" src=\"https:\/\/ograsmarknad.com\/wp-content\/uploads\/2021\/11\/trust.jpg\" alt=\"Trust German\" width=\"300\" height=\"129\" \/><\/p>","protected":false},"featured_media":7805,"comment_status":"open","ping_status":"closed","template":"","meta":{"_joinchat":[]},"product_cat":[307],"product_tag":[],"_links":{"self":[{"href":"https:\/\/unkrautmarkt.com\/es\/wp-json\/wp\/v2\/product\/7800"}],"collection":[{"href":"https:\/\/unkrautmarkt.com\/es\/wp-json\/wp\/v2\/product"}],"about":[{"href":"https:\/\/unkrautmarkt.com\/es\/wp-json\/wp\/v2\/types\/product"}],"replies":[{"embeddable":true,"href":"https:\/\/unkrautmarkt.com\/es\/wp-json\/wp\/v2\/comments?post=7800"}],"wp:featuredmedia":[{"embeddable":true,"href":"https:\/\/unkrautmarkt.com\/es\/wp-json\/wp\/v2\/media\/7805"}],"wp:attachment":[{"href":"https:\/\/unkrautmarkt.com\/es\/wp-json\/wp\/v2\/media?parent=7800"}],"wp:term":[{"taxonomy":"product_cat","embeddable":true,"href":"https:\/\/unkrautmarkt.com\/es\/wp-json\/wp\/v2\/product_cat?post=7800"},{"taxonomy":"product_tag","embeddable":true,"href":"https:\/\/unkrautmarkt.com\/es\/wp-json\/wp\/v2\/product_tag?post=7800"}],"curies":[{"name":"wp","href":"https:\/\/api.w.org\/{rel}","templated":true}]}}