{"id":7794,"date":"2021-10-28T08:55:56","date_gmt":"2021-10-28T08:55:56","guid":{"rendered":"https:\/\/unkrautmarkt.com\/?post_type=product&#038;p=7794"},"modified":"2026-03-12T06:24:59","modified_gmt":"2026-03-12T06:24:59","slug":"blueberry-kush","status":"publish","type":"product","link":"https:\/\/unkrautmarkt.com\/es\/product\/blueberry-kush\/","title":{"rendered":"Blueberry Kush"},"content":{"rendered":"<h2 style=\"text-align: justify;\">Blueberry Kush online<\/h2>\n<p style=\"text-align: justify;\"><a href=\"https:\/\/en.wikipedia.org\/wiki\/Cannabis_(drug)\" rel=\"nofollow noopener\" target=\"_blank\"><strong>Blueberry Kush:<\/strong><\/a> Esta mezcla de la Costa Oeste de Blueberry medicinal y la popular OG Kush ofrece efectos profundamente calmantes, impulsados por la \u00edndica, que pueden aliviar el insomnio m\u00e1s persistente y aliviar incluso el dolor m\u00e1s intenso. Con las semillas de cannabis Blueberry Kush de Growers Choice, puedes aliviar el dolor con una alternativa totalmente natural a los opioides farmac\u00e9uticos y a los somn\u00edferos que te han impedido dormir.<\/p>\n<h3 style=\"text-align: justify;\">Los padres del Blueberry<\/h3>\n<p style=\"text-align: justify;\">Afg \u2013 Indica afgana<\/p>\n<p style=\"text-align: justify;\">Tha \u2013 Tailandesa-Sativa<\/p>\n<p style=\"text-align: justify;\">Pth \u2013 Lila Thai Sativa<\/p>\n<h3 style=\"text-align: justify;\">\u00bfCuales son los efectos?<\/h3>\n<p style=\"text-align: justify;\">La Blueberry Kush te har\u00e1 sentir feliz, relajado y un poco euf\u00f3rico antes de quedarte dormido. Gracias a los efectos curativos del CBD y a la combinaci\u00f3n \u00fanica de otros cannabinoides \u00edndica, la Blueberry Kush puede aliviar la depresi\u00f3n y reducir el estr\u00e9s y la tensi\u00f3n. La euforia moderada de esta variedad no deber\u00eda disuadir a quienes busquen tratamiento m\u00e9dico, ya que el sue\u00f1o se recuperar\u00e1 r\u00e1pidamente.<\/p>\n<h3 style=\"text-align: justify;\">Aplicaciones m\u00e9dicas<\/h3>\n<p style=\"text-align: justify;\">Los pacientes han tenido un gran \u00e9xito utilizando las semillas de cannabis Blueberry Kush para tratar la ansiedad y las migra\u00f1as, las n\u00e1useas, los trastornos del estado de \u00e1nimo y las afecciones como el TDAH. Los s\u00edntomas de la quimioterapia pueden ser atacados por esta hierba afrutada, y algunos encuentran que los niveles moderados de CBD contrarrestan las convulsiones y los ataques.<\/p>\n<h3 style=\"text-align: justify;\">Comprar Blueberry Kush en Espa\u00f1a, Alemania, Austria, Suiza<\/h3>\n<p style=\"text-align: justify;\">Una vez que hayas germinado tus semillas de cannabis Blueberry Kush, deber\u00edas ver plantas de tama\u00f1o medio. Requieren un poco de conocimiento para su cultivo exitoso. Un per\u00edodo de floraci\u00f3n de seis a nueve semanas deber\u00eda dar lugar a una cosecha moderada de cogollos resinosos, de hasta 400 gramos por metro cuadrado cuando se cultiva en interior.<\/p>\n<p style=\"text-align: justify;\">A temperaturas ideales, obtendr\u00e1 hasta 600 gramos por planta en el exterior. Dependiendo de las condiciones, es posible que los rendimientos sean menores, pero esta cepa medicinal superior no se suele cultivar por su enorme cosecha; m\u00e1s bien, los pacientes que la cultivan en casa buscan sus potentes efectos.<\/p>\n<p style=\"text-align: justify;\">Bei <strong><a href=\"https:\/\/unkrautmarkt.com\/es\/product\/blueberry-kush\/\">Unkrautmarkt.com<\/a><\/strong> s\u00f3lo vendemos los mejores productos. Nuestras semillas de cannabis Blueberry Kush son un ejemplo m\u00e1s de nuestro compromiso con la calidad. Probadas en el laboratorio para la gen\u00e9tica y seleccionadas a mano antes de la entrega, nuestras semillas de cannabis Blueberry Kush est\u00e1n empaquetadas en viales de vidrio m\u00e9dico. Garantiza que sus semillas se mantengan frescas y viables durante el mayor tiempo posible.<\/p>\n<p style=\"text-align: justify;\">Respaldamos cada pedido con nuestra garant\u00eda de germinaci\u00f3n del 90%. Si tiene alguna pregunta sobre este producto de primera calidad, p\u00f3ngase en contacto con nuestro equipo de atenci\u00f3n al cliente, que le brindar\u00e1 asistencia personalizada y experta. <a href=\"https:\/\/unkrautmarkt.com\/es\/\"><strong>Bestellen Sie noch heute Blueberry Kush<\/strong><\/a> Hanfsamen.<\/p>\n<p style=\"text-align: justify;\">Si desea adquirir estos productos, haga un pedido. Nuestro equipo le atender\u00e1 a domicilio. Visite tambi\u00e9n nuestros otros productos.<\/p>","protected":false},"excerpt":{"rendered":"<p>For Wholesale please contact us at<br \/>\nWickr ID: @williamspro<br \/>\nor via Whatsapp<br \/>\n<img decoding=\"async\" class=\"size-full wp-image-10162 alignleft\" src=\"https:\/\/ograsmarknad.com\/wp-content\/uploads\/2021\/11\/trust.jpg\" alt=\"Trust German\" width=\"300\" height=\"129\" \/><\/p>","protected":false},"featured_media":7799,"comment_status":"open","ping_status":"closed","template":"","meta":{"_joinchat":[]},"product_cat":[307],"product_tag":[],"_links":{"self":[{"href":"https:\/\/unkrautmarkt.com\/es\/wp-json\/wp\/v2\/product\/7794"}],"collection":[{"href":"https:\/\/unkrautmarkt.com\/es\/wp-json\/wp\/v2\/product"}],"about":[{"href":"https:\/\/unkrautmarkt.com\/es\/wp-json\/wp\/v2\/types\/product"}],"replies":[{"embeddable":true,"href":"https:\/\/unkrautmarkt.com\/es\/wp-json\/wp\/v2\/comments?post=7794"}],"wp:featuredmedia":[{"embeddable":true,"href":"https:\/\/unkrautmarkt.com\/es\/wp-json\/wp\/v2\/media\/7799"}],"wp:attachment":[{"href":"https:\/\/unkrautmarkt.com\/es\/wp-json\/wp\/v2\/media?parent=7794"}],"wp:term":[{"taxonomy":"product_cat","embeddable":true,"href":"https:\/\/unkrautmarkt.com\/es\/wp-json\/wp\/v2\/product_cat?post=7794"},{"taxonomy":"product_tag","embeddable":true,"href":"https:\/\/unkrautmarkt.com\/es\/wp-json\/wp\/v2\/product_tag?post=7794"}],"curies":[{"name":"wp","href":"https:\/\/api.w.org\/{rel}","templated":true}]}}