{"id":5568,"date":"2018-11-05T22:21:36","date_gmt":"2018-11-05T22:21:36","guid":{"rendered":"https:\/\/unkrautmarkt.com\/?post_type=product&#038;p=5568"},"modified":"2026-03-12T06:25:17","modified_gmt":"2026-03-12T06:25:17","slug":"banana-kush","status":"publish","type":"product","link":"https:\/\/unkrautmarkt.com\/es\/product\/banana-kush\/","title":{"rendered":"Banana Kush"},"content":{"rendered":"<h2 style=\"text-align: justify;\">Banana Kush Strain online<\/h2>\n<p style=\"text-align: justify;\">La cepa Banana Kush es una nueva cepa que fue lanzada hace unos meses. Esta variedad es cada vez m\u00e1s popular y querida por muchos.<\/p>\n<p style=\"text-align: justify;\">La cepa es una cepa ligeramente dominada por la sativa (60% sativa\/40% indica). El nombre lo dice porque<\/p>\n<p style=\"text-align: justify;\">su aroma y sabor afrutados y de postre son un verdadero placer para los sentidos. La Banana Kush produce un cosquilleo en tus papilas gustativas mientras te lleva a la relajaci\u00f3n que te mereces. As\u00ed que compra Banana Kush Europa, hierba Banana Kush, contenido de THC de Banana Kush. . <a href=\"https:\/\/unkrautmarkt.com\/es\/product\/banana-kush\/\"><strong>Banana Kush Strain online<\/strong><\/a><\/p>\n<h3 style=\"text-align: justify;\">Apariencia<\/h3>\n<p style=\"text-align: justify;\">Esta variedad se mantiene fiel a su herencia y es famosa por su aroma afrutado y a postre. Aunque Banana Kush adquiere una estructura densa. Es representativo de su linaje parental, al tiempo que desprende un aroma propio. Por lo tanto, comprar Banana Weed online, comprar Banana Kush Alemania, pedir Banana Kush online Austria, comprar Banana Strain Suiza.<\/p>\n<h3 style=\"text-align: justify;\">Efectos de Banana Kush<\/h3>\n<p style=\"text-align: justify;\">Su seductor sabor se basa en las manzanas y en un toque de sabor afrutado, dulce y a caramelo. Seguramente te dar\u00e1 un fuerte subid\u00f3n que relajar\u00e1 cada parte de tus m\u00fasculos. As\u00ed que mejor consumir esta hierba<\/p>\n<p style=\"text-align: justify;\">en los d\u00edas de pereza y despu\u00e9s de un d\u00eda ajetreado. Incluso puede ponerte en un estado de bloqueo de sof\u00e1. Por lo tanto, puede buscar la hierba del pl\u00e1tano en venta en Alemania. Para saber m\u00e1s sobre esta cepa. Adem\u00e1s, la gente suele preguntar si la Banana Kush es Sativa o Indica.<\/p>\n<h3 style=\"text-align: justify;\">Ventajas m\u00e9dicas<\/h3>\n<p style=\"text-align: justify;\">M\u00e9dicamente, Banana Kush es conocida por ayudar a resolver problemas de sue\u00f1o intensos. La Banana Kush tambi\u00e9n es conocida por ser muy \u00fatil para tratar la depresi\u00f3n. La depresi\u00f3n es bastante com\u00fan sin que la mayor\u00eda de la gente sepa que la tiene. Por lo tanto, s\u00f3lo los profesionales m\u00e9dicos pueden detectar esta cepa Banana Kush. Adem\u00e1s, se sabe que Banana Kush es perfecta para tratar el c\u00e1ncer y muchas otras enfermedades. Comprar Banana Kush en Austria.<\/p>\n<p style=\"text-align: justify;\">Los t\u00e9rminos de b\u00fasqueda m\u00e1s comunes para esta variedad son Banana Strain Review, Buy Banana Kush for sale Europe, Banana weed for sale. Tambi\u00e9n puedes buscar Banana Kush venta Suiza, Banana Kush venta Alemania, Banana Kush venta Austria.<\/p>\n<h3>\u00bfPor qu\u00e9 deber\u00edas comprar Banana Kush online con nosotros?<\/h3>\n<p>Como minorista l\u00edder de cannabis en l\u00ednea, priorizamos la calidad inigualable, la discreci\u00f3n absoluta y un excelente servicio al cliente. Si usted... <a href=\"https:\/\/en.wikipedia.org\/wiki\/Kush_(cannabis)\" rel=\"nofollow noopener\" target=\"_blank\"><strong>P\u00eddenos Banana Kush en l\u00ednea<\/strong><\/a>Te garantizamos:<\/p>\n<p><strong>Calidad premium:<\/strong> Obtenemos nuestras cepas de productores reconocidos, por lo que solo recibe el mejor cannabis probado en laboratorio.<br \/>\n<strong>Env\u00edo discreto:<\/strong> Su pedido ser\u00e1 empaquetado y enviado con la m\u00e1xima discreci\u00f3n y seguridad, a todo el mundo.<br \/>\nAdem\u00e1s de Banana Kush, tambi\u00e9n encontrar\u00e1s una amplia selecci\u00f3n de variedades de cannabis, comestibles, concentrados y accesorios con nosotros.<br \/>\n<strong>Servicio al cliente:<\/strong> Nuestro personal competente estar\u00e1 encantado de responder a sus preguntas y guiarle a trav\u00e9s de todo el proceso de pedido.<\/p>\n<p><strong>* Comodidad:<\/strong> Pide cannabis de alta calidad desde la comodidad de tu casa y evita colas.<\/p>\n<p>No pierdas la oportunidad de experimentar los efectos vigorizantes y arom\u00e1ticos de Banana Kush. <strong>\u00bfQuieres comprar Banana Kush online?<\/strong>Aseg\u00farese de encontrar un proveedor confiable. Haga su pedido hoy mismo y compruebe por qu\u00e9. <a href=\"https:\/\/unkrautmarkt.com\/es\/\"><strong>unkrautmark.com<\/strong><\/a> Somos la mejor opci\u00f3n para cannabis premium. Ofrecemos a nuestros clientes de todo el mundo una forma segura, confiable y divertida de comprar cannabis en l\u00ednea.<\/p>","protected":false},"excerpt":{"rendered":"<p>For Wholesale please contact us at<br \/>\nWickr ID: @williamspro<br \/>\nor via Whatsapp<br \/>\n<img decoding=\"async\" class=\"size-full wp-image-10162 alignleft\" src=\"https:\/\/ograsmarknad.com\/wp-content\/uploads\/2021\/11\/trust.jpg\" alt=\"Trust German\" width=\"300\" height=\"129\" \/><\/p>","protected":false},"featured_media":7793,"comment_status":"open","ping_status":"closed","template":"","meta":{"_joinchat":[]},"product_cat":[307],"product_tag":[],"_links":{"self":[{"href":"https:\/\/unkrautmarkt.com\/es\/wp-json\/wp\/v2\/product\/5568"}],"collection":[{"href":"https:\/\/unkrautmarkt.com\/es\/wp-json\/wp\/v2\/product"}],"about":[{"href":"https:\/\/unkrautmarkt.com\/es\/wp-json\/wp\/v2\/types\/product"}],"replies":[{"embeddable":true,"href":"https:\/\/unkrautmarkt.com\/es\/wp-json\/wp\/v2\/comments?post=5568"}],"wp:featuredmedia":[{"embeddable":true,"href":"https:\/\/unkrautmarkt.com\/es\/wp-json\/wp\/v2\/media\/7793"}],"wp:attachment":[{"href":"https:\/\/unkrautmarkt.com\/es\/wp-json\/wp\/v2\/media?parent=5568"}],"wp:term":[{"taxonomy":"product_cat","embeddable":true,"href":"https:\/\/unkrautmarkt.com\/es\/wp-json\/wp\/v2\/product_cat?post=5568"},{"taxonomy":"product_tag","embeddable":true,"href":"https:\/\/unkrautmarkt.com\/es\/wp-json\/wp\/v2\/product_tag?post=5568"}],"curies":[{"name":"wp","href":"https:\/\/api.w.org\/{rel}","templated":true}]}}