{"id":7916,"date":"2021-10-30T10:29:14","date_gmt":"2021-10-30T10:29:14","guid":{"rendered":"https:\/\/unkrautmarkt.com\/?page_id=7916"},"modified":"2023-08-23T05:38:12","modified_gmt":"2023-08-23T05:38:12","slug":"kontaktiere-uns","status":"publish","type":"page","link":"https:\/\/unkrautmarkt.com\/es\/kontaktiere-uns\/","title":{"rendered":"Contacto con nosotros"},"content":{"rendered":"<section class=\"wpb-content-wrapper\"><section data-vc-full-width=\"true\" data-vc-full-width-init=\"false\" class=\"vc_section\"><div class=\"vc_row wpb_row vc_row-fluid\"><div class=\"wpb_column vc_column_container vc_col-sm-6\"><div class=\"vc_column-inner\"><div class=\"wpb_wrapper\"><div class=\"heading  theme-icon align-left color-black transform-default ltx-theme-header icon-type-hidden   vc_custom_1635484743720 heading-tag-h4\" id=\"like_sc_header_1743376920\"><h4 class=\"header ltx-sr-id-like_sc_header_1743376920881001526 ltx-sr ltx-sr-effect-fade_in ltx-sr-el-block ltx-sr-delay-0 ltx-sr-duration-1000 ltx-sr-sequences-0\">Datos de contacto<\/h4><\/div>\n\t<div class=\"wpb_text_column wpb_content_element\" >\n\t\t<div class=\"wpb_wrapper\">\n\t\t\t<p>Nos encantar\u00eda que nos respondiera a sus preguntas.<\/p>\n\n\t\t<\/div>\n\t<\/div>\n<div class=\"align-default\"><ul class=\"social-icons-list   vc_custom_1692769085943 bg-main  icon-weight-bold\" id=\"like_sc_header_1672750815\"><li class=\"\"><a href=\"https:\/\/wa.me\/+3197010210105\" rel=\"nofollow noopener\" target=\"_blank\"><span class=\"ltx-social-color fab fa-whatsapp\"><\/span><span class=\"head\">+3197010210105<\/span><\/a><\/li><li class=\"\"><span class=\"fas fa-envelope\"><\/span><span class=\"head\">kontakt@unkrautmarkt.com<\/span><\/li><li class=\"\"><span class=\"fas fa-map-marked-alt\"><\/span><span class=\"head\">Lange Strasse 50, M\u00fcnchen, Freistaat Bayern 81702<\/span><\/li><\/ul><\/div><\/div><\/div><\/div><div class=\"wpb_column vc_column_container vc_col-sm-6\"><div class=\"vc_column-inner\"><div class=\"wpb_wrapper\"><div class=\"es-resp\">\t<div class=\"visible-xl\" style=\"height: 0px;\"><\/div>\t<div class=\"hidden-xl hidden-md hidden-sm hidden-ms hidden-xs\" style=\"height: 0px;\"><\/div>\t<div class=\"visible-md\" style=\"height: 16px;\"><\/div>\t<div class=\"visible-sm\" style=\"height: 16px;\"><\/div>\t<div class=\"visible-ms\" style=\"height: 16px;\"><\/div>\t<div class=\"visible-xs\" style=\"height: 32px;\"><\/div><\/div><div class=\"ltx-contact-form-7 transform-default form-center form-gray form-bg-gray form-style-default form-btn-default form-btn-default form-padding-default    vc_custom_1526907539863\" id=\"like_sc_contact_form_7_1224366429\">\n<div class=\"wpcf7 no-js\" id=\"wpcf7-f1555-o1\" lang=\"en-US\" dir=\"ltr\">\n<div class=\"screen-reader-response\"><p role=\"status\" aria-live=\"polite\" aria-atomic=\"true\"><\/p> <ul><\/ul><\/div>\n<form action=\"\/es\/wp-json\/wp\/v2\/pages\/7916#wpcf7-f1555-o1\" method=\"post\" class=\"wpcf7-form init\" aria-label=\"Contact form\" novalidate=\"novalidate\" data-status=\"init\" data-trp-original-action=\"\/es\/wp-json\/wp\/v2\/pages\/7916#wpcf7-f1555-o1\">\n<div style=\"display: none;\">\n<input type=\"hidden\" name=\"_wpcf7\" value=\"1555\" \/>\n<input type=\"hidden\" name=\"_wpcf7_version\" value=\"5.9.6\" \/>\n<input type=\"hidden\" name=\"_wpcf7_locale\" value=\"en_US\" \/>\n<input type=\"hidden\" name=\"_wpcf7_unit_tag\" value=\"wpcf7-f1555-o1\" \/>\n<input type=\"hidden\" name=\"_wpcf7_container_post\" value=\"0\" \/>\n<input type=\"hidden\" name=\"_wpcf7_posted_data_hash\" value=\"\" \/>\n<\/div>\n<p><span class=\"wpcf7-form-control-wrap\" data-name=\"field-header\"><input size=\"40\" maxlength=\"80\" class=\"wpcf7-form-control wpcf7-text wpcf7-validates-as-required\" aria-required=\"true\" aria-invalid=\"false\" placeholder=\"Your name\" value=\"\" type=\"text\" name=\"field-header\" \/><\/span>\n<\/p>\n<p><span class=\"wpcf7-form-control-wrap\" data-name=\"field-header2\"><input size=\"40\" maxlength=\"80\" class=\"wpcf7-form-control wpcf7-text wpcf7-validates-as-required\" aria-required=\"true\" aria-invalid=\"false\" placeholder=\"Your email\" value=\"\" type=\"text\" name=\"field-header2\" \/><\/span>\n<\/p>\n<p><span class=\"wpcf7-form-control-wrap\" data-name=\"field-header-3\"><textarea cols=\"40\" rows=\"10\" maxlength=\"400\" class=\"wpcf7-form-control wpcf7-textarea\" aria-invalid=\"false\" placeholder=\"Message\" name=\"field-header-3\"><\/textarea><\/span>\n<\/p>\n<p><input class=\"wpcf7-form-control wpcf7-submit has-spinner\" type=\"submit\" value=\"Submit\" \/>\n<\/p><input type=\"hidden\" id=\"ct_checkjs_cf7_6c4b761a28b734fe93831e3fb400ce87\" name=\"ct_checkjs_cf7\" value=\"0\" \/><script >setTimeout(function(){var ct_input_name = \"ct_checkjs_cf7_6c4b761a28b734fe93831e3fb400ce87\";if (document.getElementById(ct_input_name) !== null) {var ct_input_value = document.getElementById(ct_input_name).value;document.getElementById(ct_input_name).value = document.getElementById(ct_input_name).value.replace(ct_input_value, '668794297a24a681cca0966302ceacdec5a94c93ac13baed7e6867d4d3745588');}}, 1000);<\/script><label class=\"apbct_special_field\" id=\"apbct_label_id29798\" for=\"apbct__email_id__wp_contact_form_7_29798\">29798<\/label><input\n            id=\"apbct__email_id__wp_contact_form_7_29798\"\n            class=\"apbct_special_field apbct__email_id__wp_contact_form_7\"\n            name=\"apbct__email_id__wp_contact_form_7_29798\"\n            type=\"text\" size=\"30\" maxlength=\"200\" autocomplete=\"off\"\n            value=\"29798\" apbct_event_id=\"29798\"\n            \/><input id=\"apbct_event_id_wp_contact_form_7_29798\"\n                class=\"apbct_special_field\" name=\"apbct_event_id\" type=\"hidden\" value=\"29798\" \/><p style=\"display: none !important;\" class=\"akismet-fields-container\" data-prefix=\"_wpcf7_ak_\"><label>&#916;<textarea name=\"_wpcf7_ak_hp_textarea\" cols=\"45\" rows=\"8\" maxlength=\"100\"><\/textarea><\/label><input type=\"hidden\" id=\"ak_js_1\" name=\"_wpcf7_ak_js\" value=\"4\"\/><script>document.getElementById( \"ak_js_1\" ).setAttribute( \"value\", ( new Date() ).getTime() );<\/script><\/p><div class=\"wpcf7-response-output\" aria-hidden=\"true\"><\/div>\n<input type=\"hidden\" name=\"trp-form-language\" value=\"es\"\/><\/form>\n<\/div>\n<\/div><\/div><\/div><\/div><\/div><\/section><div class=\"vc_row-full-width vc_clearfix\"><\/div>\n<\/section>","protected":false},"excerpt":{"rendered":"Kontaktdetails Wir w\u00fcrden uns freuen, von Ihnen f\u00fcr Ihre Fragen zu h\u00f6ren! +3197010210105kontakt@unkrautmarkt.comLange Strasse 50, M\u00fcnchen, Freistaat Bayern 81702 6151&#916;","protected":false},"author":1,"featured_media":0,"parent":0,"menu_order":0,"comment_status":"closed","ping_status":"closed","template":"page-templates\/full-width.php","meta":{"footnotes":"","_joinchat":[]},"_links":{"self":[{"href":"https:\/\/unkrautmarkt.com\/es\/wp-json\/wp\/v2\/pages\/7916"}],"collection":[{"href":"https:\/\/unkrautmarkt.com\/es\/wp-json\/wp\/v2\/pages"}],"about":[{"href":"https:\/\/unkrautmarkt.com\/es\/wp-json\/wp\/v2\/types\/page"}],"author":[{"embeddable":true,"href":"https:\/\/unkrautmarkt.com\/es\/wp-json\/wp\/v2\/users\/1"}],"replies":[{"embeddable":true,"href":"https:\/\/unkrautmarkt.com\/es\/wp-json\/wp\/v2\/comments?post=7916"}],"version-history":[{"count":4,"href":"https:\/\/unkrautmarkt.com\/es\/wp-json\/wp\/v2\/pages\/7916\/revisions"}],"predecessor-version":[{"id":9112,"href":"https:\/\/unkrautmarkt.com\/es\/wp-json\/wp\/v2\/pages\/7916\/revisions\/9112"}],"wp:attachment":[{"href":"https:\/\/unkrautmarkt.com\/es\/wp-json\/wp\/v2\/media?parent=7916"}],"curies":[{"name":"wp","href":"https:\/\/api.w.org\/{rel}","templated":true}]}}