{"id":8537,"date":"2022-08-03T14:06:10","date_gmt":"2022-08-03T14:06:10","guid":{"rendered":"https:\/\/unkrautmarkt.com\/?post_type=product&#038;p=8537"},"modified":"2026-03-16T05:04:07","modified_gmt":"2026-03-16T05:04:07","slug":"tangie-og-wax","status":"publish","type":"product","link":"https:\/\/unkrautmarkt.com\/cs\/product\/tangie-og-wax\/","title":{"rendered":"Tangie OG vosk"},"content":{"rendered":"<h2>Tangie OG vosk<\/h2>\n<p>Ha\u0161i\u0161ov\u00fd olej se b\u011bhem cel\u00e9ho procesu \u010di\u0161t\u011bn\u00ed \u0161leh\u00e1 do <a href=\"https:\/\/unkrautmarkt.com\/cs\/\"><strong>V\u00fdroba vosku Tangie OG<\/strong><\/a>.<\/p>\n<p>Laboratorn\u00ed v\u00fdsledky z <a href=\"https:\/\/en.wikipedia.org\/wiki\/List_of_names_for_cannabis\" rel=\"nofollow noopener\" target=\"_blank\">Tangie OG vosk<\/a>:<br \/>\nTHC: 81,84 %<br \/>\nCBD: 1,29 %<\/p>\n<p>Vosk je nepr\u016fhledn\u00e1, pevn\u00e1 l\u00e1tka, kter\u00e1 se vyr\u00e1b\u00ed podobn\u011b jako shatter. Vizu\u00e1ln\u011b m\u00e1 vosk m\u00e1slov\u00fd vzhled a nen\u00ed tak pr\u016fsvitn\u00fd jako shatter. Existuj\u00ed r\u016fzn\u00e9 druhy vosk\u016f, v\u010detn\u011b:<\/p>\n<p>Budder: Tekut\u011bj\u0161\u00ed a lepkav\u011bj\u0161\u00ed <a href=\"https:\/\/unkrautmarkt.com\/cs\/product\/tangie-og-wax\/\">Wax-Form<\/a> s vy\u0161\u0161\u00edm obsahem vlhkosti ne\u017e jin\u00e9 koncentrace.<\/p>\n<p>s vy\u0161\u0161\u00edm obsahem vlhkosti ne\u017e jin\u00e9 koncentrace.<\/p>\n<p>Nejkr\u00e9mov\u011bj\u0161\u00ed a nejhlad\u0161\u00ed vosk je Budder.<br \/>\nVosk s vo\u0161tinovou strukturou a drobiv\u00fdm povrchem: M\u011bkk\u00fd, ale k\u0159ehk\u00fd vosk.<\/p>\n<p>Cukrov\u00e1 drobenka: Cukrov\u00e1 drobenka, zn\u00e1m\u00e1 pro svou drobivou texturu a krystalick\u00fd povrch, se d\u00edky sv\u00e9 n\u00edzk\u00e9 lepivosti snadno pracuje.<\/p>\n<p>Voskov\u00fd crumble: Varianta cukrov\u00e9ho crumble s hlad\u0161\u00edm povrchem. Ve srovn\u00e1n\u00ed s cukrov\u00fdm crumble je voskov\u00fd crumble kr\u00e9mov\u011bj\u0161\u00ed a m\u00e9n\u011b lepkav\u00fd.<\/p>","protected":false},"excerpt":{"rendered":"<p>F\u00fcr den Gro\u00dfhandel kontaktieren Sie uns bitte unter<br \/>\nWickr-ID: @williamspro<br \/>\noder per Whatsapp<br \/>\n<img decoding=\"async\" class=\"size-full wp-image-10162 alignleft\" src=\"https:\/\/ograsmarknad.com\/wp-content\/uploads\/2021\/11\/trust.jpg\" alt=\"Trust German\" width=\"300\" height=\"129\" \/><\/p>","protected":false},"featured_media":8541,"comment_status":"open","ping_status":"closed","template":"","meta":{"_joinchat":[]},"product_cat":[325],"product_tag":[],"_links":{"self":[{"href":"https:\/\/unkrautmarkt.com\/cs\/wp-json\/wp\/v2\/product\/8537"}],"collection":[{"href":"https:\/\/unkrautmarkt.com\/cs\/wp-json\/wp\/v2\/product"}],"about":[{"href":"https:\/\/unkrautmarkt.com\/cs\/wp-json\/wp\/v2\/types\/product"}],"replies":[{"embeddable":true,"href":"https:\/\/unkrautmarkt.com\/cs\/wp-json\/wp\/v2\/comments?post=8537"}],"wp:featuredmedia":[{"embeddable":true,"href":"https:\/\/unkrautmarkt.com\/cs\/wp-json\/wp\/v2\/media\/8541"}],"wp:attachment":[{"href":"https:\/\/unkrautmarkt.com\/cs\/wp-json\/wp\/v2\/media?parent=8537"}],"wp:term":[{"taxonomy":"product_cat","embeddable":true,"href":"https:\/\/unkrautmarkt.com\/cs\/wp-json\/wp\/v2\/product_cat?post=8537"},{"taxonomy":"product_tag","embeddable":true,"href":"https:\/\/unkrautmarkt.com\/cs\/wp-json\/wp\/v2\/product_tag?post=8537"}],"curies":[{"name":"wp","href":"https:\/\/api.w.org\/{rel}","templated":true}]}}