{"id":8531,"date":"2022-08-03T14:01:36","date_gmt":"2022-08-03T14:01:36","guid":{"rendered":"https:\/\/unkrautmarkt.com\/?post_type=product&#038;p=8531"},"modified":"2026-03-16T05:07:45","modified_gmt":"2026-03-16T05:07:45","slug":"skywalker-og-wax","status":"publish","type":"product","link":"https:\/\/unkrautmarkt.com\/cs\/product\/skywalker-og-wax\/","title":{"rendered":"Skywalker OG Wax"},"content":{"rendered":"<h2>Skywalker OG: Pono\u0159te se do \u010dist\u00e9 radosti s v\u00fdkonn\u00fdm hybridem Indica.<\/h2>\n<p><a href=\"https:\/\/unkrautmarkt.com\/cs\/\">Skywalker OG Wax<\/a>Skywalker OG, siln\u00e1 hybridn\u00ed odr\u016fda s p\u0159evahou indiky, kter\u00e1 vznikla z lahodn\u00e9ho k\u0159\u00ed\u017een\u00ed odr\u016fd Skywalker a OG Kush, v\u00e1m pom\u016f\u017ee relaxovat a c\u00edtit se povznesen\u011b. Tato odr\u016fda je ide\u00e1ln\u00ed pro relaxa\u010dn\u00ed ve\u010dery nebo odbour\u00e1n\u00ed stresu po dni, proto\u017ee kombinuje rychl\u00fd v\u00fdbuch euforick\u00e9 kreativity s hlubokou fyzickou relaxac\u00ed. S obsahem THC 95 % je Skywalker OG perfektn\u00ed volbou pro vyv\u00e1\u017een\u00fd a relaxa\u010dn\u00ed pocit, kter\u00fd uklid\u0148uje t\u011blo i mysl.<\/p>\n<h3>Aroma a chu\u0165ov\u00fd profil<\/h3>\n<p>Po otev\u0159en\u00ed Skywalker OG Wax se na v\u00e1s uvoln\u00ed intenzivn\u00ed aroma p\u0159ipom\u00ednaj\u00edc\u00ed jeho d\u011bdictv\u00ed Kush OG. Je to sladk\u00e1 sm\u011bs ovocn\u00fdch a zemit\u00fdch t\u00f3n\u016f s n\u00e1dechem pikantn\u00edch o\u0159\u00ed\u0161k\u016f. Tato odr\u016fda nab\u00edz\u00ed p\u0159\u00edjemn\u00fd a chutn\u00fd z\u00e1\u017eitek z kou\u0159en\u00ed nebo vapov\u00e1n\u00ed d\u00edky bohat\u00e9mu obsahu terpen\u016f.<\/p>\n<h3>\u00da\u010dinky a p\u0159\u00ednosy<\/h3>\n<p>S obsahem THC 95 % nab\u00edz\u00ed Skywalker OG Wax hlubokou a uklid\u0148uj\u00edc\u00ed relaxaci, po kter\u00e9 milovn\u00edci indiky tou\u017e\u00ed. \u00da\u010dinek Skywalker OG je siln\u00fd a relaxa\u010dn\u00ed, co\u017e vede k v\u00fdrazn\u00e9 letargii a choulostiv\u00e9mu p\u0159ej\u00edd\u00e1n\u00ed. To je doprov\u00e1zeno euforick\u00fdm a optimistick\u00fdm pocitem, kter\u00fd jemn\u011b p\u0159ech\u00e1z\u00ed do hlubok\u00e9ho a klidn\u00e9ho sp\u00e1nku. Uklid\u0148uj\u00edc\u00ed \u00fa\u010dinky t\u00e9to odr\u016fdy ji \u010din\u00ed ide\u00e1ln\u00ed pro pacienty, kte\u0159\u00ed hledaj\u00ed l\u00e9\u010debn\u00e9 konop\u00ed ke zm\u00edrn\u011bn\u00ed chronick\u00e9ho stresu, migr\u00e9n, v\u00fdkyv\u016f n\u00e1lad, nevolnosti, ztr\u00e1ty chuti k j\u00eddlu, chronick\u00e9 bolesti, svalov\u00fdch k\u0159e\u010d\u00ed a nespavosti. Poskytuje v\u00edtan\u00fd odpo\u010dinek pro t\u011blo i mysl.<\/p>\n<p>Hled\u00e1te obchod s konop\u00edm, kter\u00fd nab\u00edz\u00ed kvalitu a skv\u011blou atmosf\u00e9ru? <a href=\"https:\/\/en.wikipedia.org\/wiki\/Cannabis\" rel=\"nofollow noopener\" target=\"_blank\">Unkrautmarkt<\/a> Tato l\u00e9k\u00e1rna pat\u0159\u00ed k nejlep\u0161\u00edm v Grand Rapids a nab\u00edz\u00ed vysoce kvalitn\u00ed produkty v uvoln\u011bn\u00e9 a p\u0159\u00e1telsk\u00e9 atmosf\u00e9\u0159e. Najdete zde v\u0161e od aromatick\u00fdch kv\u011btin a siln\u00fdch koncentr\u00e1t\u016f a\u017e po neodolateln\u00e9 jedl\u00e9 produkty a jemn\u00e9 vaporiz\u00e9ry. <a href=\"https:\/\/unkrautmarkt.com\/cs\/product\/skywalker-og-wax\/\">Skywalker OG Wax<\/a> a profesion\u00e1ln\u011b balen\u00e9 jointy \u2013 u n\u00e1s najdete v\u0161e, co pot\u0159ebujete pro individu\u00e1ln\u00ed po\u017eitek z konop\u00ed.<\/p>\n<p>A\u0165 u\u017e jste pravideln\u00fdm z\u00e1kazn\u00edkem, nebo hled\u00e1te ty nejlep\u0161\u00ed l\u00e9k\u00e1rny, n\u00e1\u0161 t\u00fdm odborn\u00edk\u016f v\u00e1m r\u00e1d pom\u016f\u017ee naj\u00edt ten spr\u00e1vn\u00fd produkt. D\u00edky neust\u00e1le se m\u011bn\u00edc\u00edm nab\u00eddk\u00e1m a nab\u00eddce pln\u00e9 \u010derstv\u00fdch produkt\u016f stoj\u00ed Unkrautmarkt v\u017edy za n\u00e1v\u0161t\u011bvu.<\/p>","protected":false},"excerpt":{"rendered":"<p>F\u00fcr den Gro\u00dfhandel kontaktieren Sie uns bitte unter<br \/>\nWickr-ID: @williamspro<br \/>\noder per Whatsapp<br \/>\n<img decoding=\"async\" class=\"size-full wp-image-10162 alignleft\" src=\"https:\/\/ograsmarknad.com\/wp-content\/uploads\/2021\/11\/trust.jpg\" alt=\"Trust German\" width=\"300\" height=\"129\" \/><\/p>","protected":false},"featured_media":8535,"comment_status":"open","ping_status":"closed","template":"","meta":{"_joinchat":[]},"product_cat":[325],"product_tag":[],"_links":{"self":[{"href":"https:\/\/unkrautmarkt.com\/cs\/wp-json\/wp\/v2\/product\/8531"}],"collection":[{"href":"https:\/\/unkrautmarkt.com\/cs\/wp-json\/wp\/v2\/product"}],"about":[{"href":"https:\/\/unkrautmarkt.com\/cs\/wp-json\/wp\/v2\/types\/product"}],"replies":[{"embeddable":true,"href":"https:\/\/unkrautmarkt.com\/cs\/wp-json\/wp\/v2\/comments?post=8531"}],"wp:featuredmedia":[{"embeddable":true,"href":"https:\/\/unkrautmarkt.com\/cs\/wp-json\/wp\/v2\/media\/8535"}],"wp:attachment":[{"href":"https:\/\/unkrautmarkt.com\/cs\/wp-json\/wp\/v2\/media?parent=8531"}],"wp:term":[{"taxonomy":"product_cat","embeddable":true,"href":"https:\/\/unkrautmarkt.com\/cs\/wp-json\/wp\/v2\/product_cat?post=8531"},{"taxonomy":"product_tag","embeddable":true,"href":"https:\/\/unkrautmarkt.com\/cs\/wp-json\/wp\/v2\/product_tag?post=8531"}],"curies":[{"name":"wp","href":"https:\/\/api.w.org\/{rel}","templated":true}]}}