{"id":8520,"date":"2022-08-03T13:52:20","date_gmt":"2022-08-03T13:52:20","guid":{"rendered":"https:\/\/unkrautmarkt.com\/?post_type=product&#038;p=8520"},"modified":"2026-03-13T09:19:36","modified_gmt":"2026-03-13T09:19:36","slug":"holy-grail-og-wax","status":"publish","type":"product","link":"https:\/\/unkrautmarkt.com\/cs\/product\/holy-grail-og-wax\/","title":{"rendered":"Vosk Holy Grail OG"},"content":{"rendered":"<h2>Kupte si vosk Holy Grail OG \u2013 objednejte si pr\u00e9miovou relaxaci online<\/h2>\n<p>Hled\u00e1te siln\u00fd a vysoce kvalitn\u00ed konopn\u00fd koncentr\u00e1t pro intenzivn\u00ed relaxa\u010dn\u00ed z\u00e1\u017eitek? <a href=\"https:\/\/unkrautmarkt.com\/cs\/\"><strong>Vosk Holy Grail OG<\/strong><\/a> D\u00edky bohat\u00e9mu terpenov\u00e9mu profilu a siln\u00fdm \u00fa\u010dink\u016fm nab\u00edz\u00ed Holy Grail OG Wax v\u00fdjime\u010dn\u00fd pocit euforie. Tento vosk, z\u00edskan\u00fd z pr\u00e9miov\u00fdch odr\u016fd konop\u00ed, je ide\u00e1ln\u00ed pro ty, kte\u0159\u00ed hledaj\u00ed hlubokou relaxaci, \u00falevu od stresu a euforick\u00fd pocit. A\u0165 u\u017e m\u00e1te s koncentr\u00e1ty zku\u0161enosti, nebo jste ve sv\u011bt\u011b konopn\u00fdch koncentr\u00e1t\u016f nov\u00e1\u010dkem, Holy Grail OG Wax poskytuje hladk\u00fd a chutn\u00fd z\u00e1\u017eitek nejvy\u0161\u0161\u00ed kvality.<\/p>\n<h3>Co je vosk Holy Grail OG?<\/h3>\n<p><strong>Vosk Holy Grail OG<\/strong> Jedn\u00e1 se o vysoce kvalitn\u00ed konopn\u00fd koncentr\u00e1t, kter\u00fd se vyzna\u010duje lepkavou, voskovou konzistenc\u00ed a vysok\u00fdm obsahem THC. Extrahuje se modern\u00edmi metodami, aby se zachovala jeho \u010distota a chu\u0165. Vosk poskytuje siln\u00fd a stres uvol\u0148uj\u00edc\u00ed pocit euforie.<\/p>\n<h3>Kl\u00ed\u010dov\u00e9 vlastnosti a v\u00fdhody<\/h3>\n<p>\u2013 Vysok\u00e1 \u00fa\u010dinnost: S obsahem THC \u010dasto p\u0159esahuj\u00edc\u00edm 70\u201380 % poskytuje vosk Holy Grail OG siln\u00fd a dlouhotrvaj\u00edc\u00ed \u00fa\u010dinek, ide\u00e1ln\u00ed pro relaxaci a \u00falevu od bolesti.<\/p>\n<p>\u2013 Bohat\u00fd chu\u0165ov\u00fd profil: Hladk\u00e1, zemit\u00e1 chu\u0165 s n\u00e1znaky borovice a citrusov\u00fdch plod\u016f zaji\u0161\u0165uje lahodn\u00fd z\u00e1\u017eitek.<\/p>\n<p>\u2013 Rychl\u00fd \u00fa\u010dinek: Jako koncentr\u00e1t p\u016fsob\u00ed rychleji ne\u017e b\u011b\u017en\u00e9 kv\u011btiny, a proto je ide\u00e1ln\u00ed pro rychlou \u00falevu.<\/p>\n<p>\u2013 V\u0161estrann\u00e9 pou\u017eit\u00ed: Vhodn\u00e9 pro dab rigy, vaporiz\u00e9ry nebo jako topping pro extra \u0161mrnc.<\/p>\n<h3>Jak pou\u017e\u00edvat vosk Holy Grail OG<\/h3>\n<p>Pro optim\u00e1ln\u00ed z\u00e1\u017eitek z konop\u00ed doporu\u010dujeme pou\u017e\u00edvat dab rig nebo vaporiz\u00e9r s koncentr\u00e1tem. Za\u010d\u00e1te\u010dn\u00edci by m\u011bli za\u010d\u00edt s malou d\u00e1vkou (o velikosti zrnka r\u00fd\u017ee) a postupn\u011b ji dle pot\u0159eby zvy\u0161ovat. V\u017edy pou\u017e\u00edvejte v\u00ed\u010dko na sacharidy, abyste ochr\u00e1nili terpeny a zajistili plynul\u00fd vapov\u00e1n\u00ed.<\/p>\n<h3>Pro\u010d koupit vosk Holy Grail OG online od n\u00e1s?<\/h3>\n<p>Jsme renomovan\u00fd internetov\u00fd obchod s konopn\u00fdmi produkty a diskr\u00e9tn\u011b zas\u00edl\u00e1me pr\u00e9miov\u00e9 produkty do USA, Kanady, Evropy (Velk\u00e1 Brit\u00e1nie, N\u011bmecko, Francie, \u0160pan\u011blsko) a dal\u0161\u00edch zem\u00ed. Na\u0161e produkty proch\u00e1zej\u00ed p\u0159\u00edsn\u00fdmi laboratorn\u00edmi testy, abychom zaru\u010dili jejich \u010distotu, \u00fa\u010dinnost a bezpe\u010dnost. D\u00edky rychl\u00e9mu doru\u010den\u00ed a bezpe\u010dn\u00fdm platebn\u00edm metod\u00e1m... <strong><a href=\"https:\/\/unkrautmarkt.com\/cs\/product\/holy-grail-og-wax\/\">Online n\u00e1kup vosku Holy Grail OG<\/a> <\/strong>Nikdy to nebylo tak snadn\u00e9.<\/p>\n<h3>Objednejte si sv\u016fj vosk Holy Grail OG je\u0161t\u011b dnes!<\/h3>\n<p>Nenechte si uj\u00edt tento v\u00fdjime\u010dn\u00fd relaxa\u010dn\u00ed z\u00e1\u017eitek. Kupte si Holy Grail OG Wax nyn\u00ed a u\u017eijte si diskr\u00e9tn\u00ed a rychl\u00e9 doru\u010den\u00ed p\u0159\u00edmo k va\u0161im dve\u0159\u00edm. A\u0165 u\u017e jste v USA, Kanad\u011b nebo Evrop\u011b \u2013 dod\u00e1v\u00e1me pr\u00e9miov\u00e9 konopn\u00e9 koncentr\u00e1ty.<\/p>\n<p><strong>Objednejte si nyn\u00ed a optimalizujte si sezen\u00ed s voskem Holy Grail OG! <a href=\"https:\/\/en.wikipedia.org\/wiki\/Hashish\" rel=\"nofollow noopener\" target=\"_blank\">Unkrautmarkt<\/a><\/strong><\/p>","protected":false},"excerpt":{"rendered":"<p>F\u00fcr den Gro\u00dfhandel kontaktieren Sie uns bitte unter<br \/>\nWickr-ID: @williamspro<br \/>\noder per Whatsapp<br \/>\n<img decoding=\"async\" class=\"size-full wp-image-10162 alignleft\" src=\"https:\/\/ograsmarknad.com\/wp-content\/uploads\/2021\/11\/trust.jpg\" alt=\"Trust German\" width=\"300\" height=\"129\" \/><\/p>","protected":false},"featured_media":8525,"comment_status":"open","ping_status":"closed","template":"","meta":{"_joinchat":[]},"product_cat":[325],"product_tag":[],"_links":{"self":[{"href":"https:\/\/unkrautmarkt.com\/cs\/wp-json\/wp\/v2\/product\/8520"}],"collection":[{"href":"https:\/\/unkrautmarkt.com\/cs\/wp-json\/wp\/v2\/product"}],"about":[{"href":"https:\/\/unkrautmarkt.com\/cs\/wp-json\/wp\/v2\/types\/product"}],"replies":[{"embeddable":true,"href":"https:\/\/unkrautmarkt.com\/cs\/wp-json\/wp\/v2\/comments?post=8520"}],"wp:featuredmedia":[{"embeddable":true,"href":"https:\/\/unkrautmarkt.com\/cs\/wp-json\/wp\/v2\/media\/8525"}],"wp:attachment":[{"href":"https:\/\/unkrautmarkt.com\/cs\/wp-json\/wp\/v2\/media?parent=8520"}],"wp:term":[{"taxonomy":"product_cat","embeddable":true,"href":"https:\/\/unkrautmarkt.com\/cs\/wp-json\/wp\/v2\/product_cat?post=8520"},{"taxonomy":"product_tag","embeddable":true,"href":"https:\/\/unkrautmarkt.com\/cs\/wp-json\/wp\/v2\/product_tag?post=8520"}],"curies":[{"name":"wp","href":"https:\/\/api.w.org\/{rel}","templated":true}]}}