{"id":8506,"date":"2022-08-03T13:39:55","date_gmt":"2022-08-03T13:39:55","guid":{"rendered":"https:\/\/unkrautmarkt.com\/?post_type=product&#038;p=8506"},"modified":"2026-03-12T06:33:50","modified_gmt":"2026-03-12T06:33:50","slug":"blue-dream-hash-oil","status":"publish","type":"product","link":"https:\/\/unkrautmarkt.com\/cs\/product\/blue-dream-hash-oil\/","title":{"rendered":"Blue Dream Hash Oil"},"content":{"rendered":"<h2><strong>Kupte si ha\u0161i\u0161ov\u00fd olej Blue Dream online<br \/>\n<\/strong><\/h2>\n<p>&nbsp;<\/p>\n<p>Hled\u00e1te vysoce kvalitn\u00ed konopn\u00fd koncentr\u00e1t, kter\u00fd nab\u00edz\u00ed ide\u00e1ln\u00ed rovnov\u00e1hu mezi jemnou fyzickou relaxac\u00ed a psychickou stimulac\u00ed? Pak jste na spr\u00e1vn\u00e9m m\u00edst\u011b. Pro n\u00e1ro\u010dn\u00e9 znalce, kte\u0159\u00ed hledaj\u00ed v\u00fdjime\u010dn\u00fd z\u00e1\u017eitek z vapov\u00e1n\u00ed nebo dabbingu, je tu n\u00e1\u0161... <a href=\"https:\/\/unkrautmarkt.com\/cs\/product\/blue-dream-hash-oil\/\">Blue Dream Hash Oil<\/a> Vyvinuto s maxim\u00e1ln\u00ed p\u00e9\u010d\u00ed. Tento pozoruhodn\u00fd produkt si m\u016f\u017eete objednat online a spolehnout se na nejvy\u0161\u0161\u00ed kvalitu. Diskr\u00e9tn\u011b a spolehliv\u011b dod\u00e1v\u00e1me siln\u00e9, \u010dist\u00e9 a vysoce kvalitn\u00ed konopn\u00e9 koncentr\u00e1ty p\u0159\u00edmo k v\u00e1m dom\u016f \u2013 v USA, Kanad\u011b, Evrop\u011b i po cel\u00e9m sv\u011bt\u011b.<\/p>\n<p>N\u00e1\u0161 ha\u0161i\u0161ov\u00fd olej dokonale zachycuje podstatu Blue Dream, klasick\u00e9 odr\u016fdy cen\u011bn\u00e9 pro svou harmonickou rovnov\u00e1hu vlastnost\u00ed indiky a sativ. N\u00e1kup ha\u0161i\u0161ov\u00e9ho oleje Blue Dream online je v\u00edce ne\u017e jen konopn\u00fd produkt \u2013 je to investice do z\u00e1\u017eitku. Tato odr\u016fda je ide\u00e1ln\u00ed pro rekrea\u010dn\u00ed u\u017eivatele a ty, kte\u0159\u00ed hledaj\u00ed terapeutickou \u00falevu, proto\u017ee se obvykle py\u0161n\u00ed obsahem THC mezi 17 a 24 % a n\u00edzkou hladinou CBD. P\u016fsobiv\u00fd je tak\u00e9 jej\u00ed terpenov\u00fd profil, \u010dasto obsahuje myrcen, pinen a karyofylen, kter\u00e9 p\u0159isp\u00edvaj\u00ed k jej\u00edm jemn\u00fdm chu\u0165ov\u00fdm t\u00f3n\u016fm a sladk\u00e9mu bobulov\u00e9mu aroma.<br \/>\n<strong><br \/>\nSortentyp:<\/strong> Hybrid<\/p>\n<p><strong>Gesamt-THC:<\/strong> (THC + THCa): 51,45 %<\/p>\n<p><strong>Gesamt-CBD:<\/strong> (CBD + CBDa): 0,18 %<\/p>\n<p><strong>Die gesamten Cannabinoide:<\/strong> 57,59 %<\/p>\n<p><strong>Hmotnost<\/strong> 3 ml, 5 ml, 10 ml<\/p>\n<h3>Warum Blue Dream Hash olej?<\/h3>\n<p>Jednou z nejcenn\u011bj\u0161\u00edch vlastnost\u00ed oleje Blue Dream Hash je jeho v\u0161estrannost. Z\u00e1kazn\u00edci \u010dasto uv\u00e1d\u011bj\u00ed p\u0159\u00edjemn\u00fd, stimuluj\u00edc\u00ed pocit euforie, kter\u00fd podporuje kreativitu a pozved\u00e1 n\u00e1ladu, ani\u017e by zahlcoval smysly. Proto je vynikaj\u00edc\u00ed pro denn\u00ed pou\u017eit\u00ed, co\u017e v\u00e1m umo\u017en\u00ed soust\u0159edit se a b\u00fdt produktivn\u00ed a z\u00e1rove\u0148 za\u017e\u00edvat hlubok\u00fd pocit \u0161t\u011bst\u00ed. Sou\u010dasn\u011b nastupuje m\u00edrn\u00fd, uklid\u0148uj\u00edc\u00ed fyzick\u00fd pocit, kter\u00fd sni\u017euje stres a zlep\u0161uje celkovou pohodu.<\/p>","protected":false},"excerpt":{"rendered":"<p>F\u00fcr den Gro\u00dfhandel kontaktieren Sie uns bitte unter<br \/>\nWickr-ID: @williamspro<br \/>\noder per Whatsapp<br \/>\n<img decoding=\"async\" class=\"size-full wp-image-10162 alignleft\" src=\"https:\/\/ograsmarknad.com\/wp-content\/uploads\/2021\/11\/trust.jpg\" alt=\"Trust German\" width=\"300\" height=\"129\" \/><\/p>","protected":false},"featured_media":8512,"comment_status":"open","ping_status":"closed","template":"","meta":{"_joinchat":[]},"product_cat":[324],"product_tag":[],"_links":{"self":[{"href":"https:\/\/unkrautmarkt.com\/cs\/wp-json\/wp\/v2\/product\/8506"}],"collection":[{"href":"https:\/\/unkrautmarkt.com\/cs\/wp-json\/wp\/v2\/product"}],"about":[{"href":"https:\/\/unkrautmarkt.com\/cs\/wp-json\/wp\/v2\/types\/product"}],"replies":[{"embeddable":true,"href":"https:\/\/unkrautmarkt.com\/cs\/wp-json\/wp\/v2\/comments?post=8506"}],"wp:featuredmedia":[{"embeddable":true,"href":"https:\/\/unkrautmarkt.com\/cs\/wp-json\/wp\/v2\/media\/8512"}],"wp:attachment":[{"href":"https:\/\/unkrautmarkt.com\/cs\/wp-json\/wp\/v2\/media?parent=8506"}],"wp:term":[{"taxonomy":"product_cat","embeddable":true,"href":"https:\/\/unkrautmarkt.com\/cs\/wp-json\/wp\/v2\/product_cat?post=8506"},{"taxonomy":"product_tag","embeddable":true,"href":"https:\/\/unkrautmarkt.com\/cs\/wp-json\/wp\/v2\/product_tag?post=8506"}],"curies":[{"name":"wp","href":"https:\/\/api.w.org\/{rel}","templated":true}]}}