{"id":8501,"date":"2022-08-03T13:29:39","date_gmt":"2022-08-03T13:29:39","guid":{"rendered":"https:\/\/unkrautmarkt.com\/?post_type=product&#038;p=8501"},"modified":"2026-03-16T05:04:34","modified_gmt":"2026-03-16T05:04:34","slug":"tahoe-og-cannabis-oil","status":"publish","type":"product","link":"https:\/\/unkrautmarkt.com\/cs\/product\/tahoe-og-cannabis-oil\/","title":{"rendered":"Tahoe OG Cannabis Oil"},"content":{"rendered":"<h2>Kupte si konopn\u00fd olej Tahoe OG online<\/h2>\n<p><a href=\"https:\/\/en.wikipedia.org\/wiki\/Cannabidiol\" rel=\"nofollow noopener\" target=\"_blank\"><strong>Tahoe OG konopn\u00fd olej online<\/strong><\/a>S pom\u011brem sativa\/indica 90:10 nab\u00edz\u00ed tato odr\u016fda konop\u00ed silnou sm\u011bs euforick\u00e9 sativy a indiky zam\u011b\u0159en\u00e9 na t\u011blo. D\u00edky obsahu THC a\u017e 20 % je obzvl\u00e1\u0161t\u011b vhodn\u00e1 pro ty, kte\u0159\u00ed cht\u011bj\u00ed zlep\u0161it svou n\u00e1ladu a sn\u00ed\u017eit stres. Sativa poskytuje siln\u00fd euforick\u00fd a povzn\u00e1\u0161ej\u00edc\u00ed pocit, zat\u00edmco \u00fa\u010dinky oleje jsou prim\u00e1rn\u011b relaxa\u010dn\u00ed \u2013 fyzick\u00e9 i psychick\u00e9. Tato odr\u016fda konop\u00ed se \u010dasto pou\u017e\u00edv\u00e1 k l\u00e9\u010db\u011b migr\u00e9n, deprese, \u00fazkosti a chronick\u00e9 bolesti.<\/p>\n<h3>V\u00edce informac\u00ed o Tahoe, OG<\/h3>\n<p>Relaxace, radost, euforie, ospalost a povzbuzen\u00ed chuti k j\u00eddlu jsou n\u011bkter\u00e9 z dokumentovan\u00fdch \u00fa\u010dink\u016f Tahoe OG.<\/p>\n<p>Anwender berichten, dass Tahoe OG ihnen bei Stress, Schmerzen, Schlaflosigkeit, Depressionen und Appetitlosigkeit hilft.<\/p>\n<p><a href=\"https:\/\/unkrautmarkt.com\/cs\/product\/tahoe-og-cannabis-oil\/\"><strong>Tahoe OG<\/strong><\/a> Tahoe OG je ide\u00e1ln\u00ed odr\u016fda pro de\u0161tiv\u00e9 dny. Je siln\u00e1 a rychle p\u016fsob\u00edc\u00ed, proto by se nem\u011bla konzumovat t\u011bsn\u011b p\u0159ed odchodem z domu. Mezi odr\u016fdami indiky je Tahoe OG zn\u00e1m\u00e1 pro svou \u00fa\u010dinnost p\u0159i l\u00e9\u010db\u011b bolesti, nespavosti a ztr\u00e1ty chuti k j\u00eddlu. Je vynikaj\u00edc\u00ed pro ve\u010dern\u00ed u\u017e\u00edv\u00e1n\u00ed, proto\u017ee navozuje pocit letargie a t\u00edhy. D\u00edky vynikaj\u00edc\u00edmu \u0161lecht\u011bn\u00ed nab\u00edz\u00ed Tahoe OG krom\u011b typick\u00fdch v\u00fdhod indiky i euforick\u00fd \u00fa\u010dinek podobn\u00fd sativ\u011b. Tato odr\u016fda je fenotypem OG Kush a m\u00e1 zemitou a citronovou chu\u0165. <a href=\"https:\/\/unkrautmarkt.com\/cs\/\">Unkrautmarkt<\/a><\/p>\n<h4><strong>N\u011bkter\u00e9 z \u00fa\u010dink\u016f, kter\u00e9 byly zaznamen\u00e1ny u konopn\u00e9ho oleje OG Kush, jsou:<\/strong><\/h4>\n<p>Uvoln\u011bn\u00fd<\/p>\n<p>Vrolijk<\/p>\n<p>Euforick\u00fd<\/p>\n<p>Sleepy<\/p>\n<p>Hladov\u00fd<\/p>\n<p><strong>Pacienti uv\u00e1d\u011bj\u00ed, \u017ee jim konopn\u00fd olej OG Kush pom\u00e1h\u00e1 zvl\u00e1dat probl\u00e9my:<\/strong><\/p>\n<p>Strach<\/p>\n<p>Bolest<\/p>\n<p>Nespavost<\/p>\n<p>Deprese<\/p>\n<p>Ztr\u00e1ta chuti k j\u00eddlu<\/p>\n<p><strong>Hmotnost<\/strong><\/p>\n<p>5 ml, 10 ml, 15 ml<\/p>","protected":false},"excerpt":{"rendered":"<p>F\u00fcr den Gro\u00dfhandel kontaktieren Sie uns bitte unter<br \/>\nWickr-ID: @williamspro<br \/>\noder per Whatsapp<br \/>\n<img decoding=\"async\" class=\"size-full wp-image-10162 alignleft\" src=\"https:\/\/ograsmarknad.com\/wp-content\/uploads\/2021\/11\/trust.jpg\" alt=\"Trust German\" width=\"300\" height=\"129\" \/><\/p>","protected":false},"featured_media":8505,"comment_status":"open","ping_status":"closed","template":"","meta":{"_joinchat":[]},"product_cat":[323],"product_tag":[],"_links":{"self":[{"href":"https:\/\/unkrautmarkt.com\/cs\/wp-json\/wp\/v2\/product\/8501"}],"collection":[{"href":"https:\/\/unkrautmarkt.com\/cs\/wp-json\/wp\/v2\/product"}],"about":[{"href":"https:\/\/unkrautmarkt.com\/cs\/wp-json\/wp\/v2\/types\/product"}],"replies":[{"embeddable":true,"href":"https:\/\/unkrautmarkt.com\/cs\/wp-json\/wp\/v2\/comments?post=8501"}],"wp:featuredmedia":[{"embeddable":true,"href":"https:\/\/unkrautmarkt.com\/cs\/wp-json\/wp\/v2\/media\/8505"}],"wp:attachment":[{"href":"https:\/\/unkrautmarkt.com\/cs\/wp-json\/wp\/v2\/media?parent=8501"}],"wp:term":[{"taxonomy":"product_cat","embeddable":true,"href":"https:\/\/unkrautmarkt.com\/cs\/wp-json\/wp\/v2\/product_cat?post=8501"},{"taxonomy":"product_tag","embeddable":true,"href":"https:\/\/unkrautmarkt.com\/cs\/wp-json\/wp\/v2\/product_tag?post=8501"}],"curies":[{"name":"wp","href":"https:\/\/api.w.org\/{rel}","templated":true}]}}