{"id":8489,"date":"2022-08-03T13:22:56","date_gmt":"2022-08-03T13:22:56","guid":{"rendered":"https:\/\/unkrautmarkt.com\/?post_type=product&#038;p=8489"},"modified":"2026-03-16T05:08:43","modified_gmt":"2026-03-16T05:08:43","slug":"skywalker-og-cannabis-oil","status":"publish","type":"product","link":"https:\/\/unkrautmarkt.com\/cs\/product\/skywalker-og-cannabis-oil\/","title":{"rendered":"Skywalker OG Cannabis Oil"},"content":{"rendered":"<h2>Skywalker OG Cannabis Oil zum Verkauf: Bei Unkrautmarkt<\/h2>\n<p>Skywalker OG Cannabis Oil z\u00e4hlt zu den bekanntesten Cannabissorten der modernen Cannabiskultur und ist ber\u00fchmt f\u00fcr ihr unverwechselbares Aroma, ihr komplexes Terpenprofil und ihre starke genetische Veranlagung. Da das Interesse an Cannabis-Konzentraten und pflanzlichen \u00d6len stetig w\u00e4chst, untersuchen viele Enthusiasten und Forscher, wie bekannte Sorten wie Skywalker OG zur Entwicklung von Cannabis\u00f6len und -extrakten beitragen. Auf <a href=\"https:\/\/unkrautmarkt.com\/cs\/product\/skywalker-og-cannabis-oil\/\"><strong>unkrautmarkt.com<\/strong><\/a> Na\u0161\u00edm c\u00edlem je poskytovat jasn\u00e9 a spolehliv\u00e9 informace o odr\u016fd\u00e1ch konop\u00ed, koncentr\u00e1tech a v\u011bdeck\u00e9m z\u00e1kladu jejich v\u00fdroby.<\/p>\n<p>Skywalker OG je \u010dasto spojov\u00e1n s bohatou prysky\u0159i\u010dnou strukturou, co\u017e z n\u011bj \u010din\u00ed obzvl\u00e1\u0161t\u011b zaj\u00edmavou rostlinu pro v\u00fdrobu konopn\u00e9ho oleje. Rostlina konop\u00ed p\u0159irozen\u011b produkuje prysky\u0159i\u010dn\u00e9 \u017el\u00e1zy zvan\u00e9 trichomy, kter\u00e9 obsahuj\u00ed kanabinoidy a aromatick\u00e9 slou\u010deniny zvan\u00e9 terpeny. Tyto slou\u010deniny jsou zodpov\u011bdn\u00e9 za aroma, chu\u0165ov\u00fd profil a chemick\u00e9 slo\u017een\u00ed rostliny. P\u0159i extrakci konopn\u00e9ho oleje z prysky\u0159i\u010dn\u00fdch odr\u016fd, jako je Skywalker OG, je vysok\u00fd obsah prysky\u0159ice kl\u00ed\u010dov\u00fdm faktorem pro v\u00fdrobu vysoce kvalitn\u00edho konopn\u00e9ho oleje. <a href=\"https:\/\/unkrautmarkt.com\/cs\/product\/skywalker-og-cannabis-oil\/\">Skywalker OG Cannabis Oil<\/a> Po extrakci v\u00fdsledn\u00fd olej odr\u00e1\u017e\u00ed mnoho aromatick\u00fdch a chemick\u00fdch vlastnost\u00ed p\u016fvodn\u00ed rostliny.<\/p>\n<p>Terpenov\u00fd profil odr\u016fdy Skywalker OG je \u010dasto popisov\u00e1n jako zemit\u00fd, bylinn\u00fd a m\u00edrn\u011b ko\u0159en\u011bn\u00fd s jemn\u00fdmi citrusov\u00fdmi t\u00f3ny. Tyto p\u0159\u00edrodn\u00ed slou\u010deniny nejen ovliv\u0148uj\u00ed aroma rostliny, ale tak\u00e9 hraj\u00ed roli p\u0159i identifikaci a kategorizaci r\u016fzn\u00fdch odr\u016fd. V\u00fdzkumn\u00edci studuj\u00edc\u00ed konopn\u00e9 oleje \u010dasto analyzuj\u00ed obsah terpen\u016f spolu s obsahem kanabinoid\u016f, aby l\u00e9pe porozum\u011bli slo\u017eit\u00e9 chemick\u00e9 struktu\u0159e rostliny.<\/p>\n<p>Pokroky v technologii extrakce umo\u017e\u0148uj\u00ed p\u0159esn\u011bj\u0161\u00ed anal\u00fdzu konopn\u00fdch olej\u016f ne\u017e kdykoli p\u0159edt\u00edm. Modern\u00ed laborato\u0159e pou\u017e\u00edvaj\u00ed specializovan\u00e9 vybaven\u00ed k hodnocen\u00ed \u010distoty a slo\u017een\u00ed olej\u016f z\u00edskan\u00fdch z konop\u00ed. Tyto postupy pom\u00e1haj\u00ed stanovit koncentrace kanabinoid\u016f a zajistit, aby extrakty spl\u0148ovaly standardy kvality a konzistence v regulovan\u00e9m prost\u0159ed\u00ed. Tento typ anal\u00fdzy je nezbytn\u00fd pro v\u00fdzkumn\u00edky, v\u011bdce a profesion\u00e1ly v konopn\u00e9m pr\u016fmyslu. <a href=\"https:\/\/en.wikipedia.org\/wiki\/Kush_(cannabis)\" rel=\"nofollow noopener\" target=\"_blank\">Konopn\u00e1 chemie<\/a>.<\/p>\n<p>&nbsp;<\/p>\n<p>N\u011bkter\u00e9 z \u00fa\u010dink\u016f, kter\u00e9 byly zaznamen\u00e1ny u konopn\u00e9ho oleje OG Kush, jsou:<\/p>\n<p>Uvoln\u011bn\u00fd<\/p>\n<p>Vrolijk<\/p>\n<p>Euforick\u00fd<\/p>\n<p>Sleepy<\/p>\n<p>Hladov\u00fd<\/p>\n<p><strong>Pacienti uv\u00e1d\u011bj\u00ed, \u017ee jim konopn\u00fd olej OG Kush pom\u00e1h\u00e1 zvl\u00e1dat probl\u00e9my:<\/strong><\/p>\n<p>Strach<\/p>\n<p>Bolest<\/p>\n<p>Nespavost<\/p>\n<p>Deprese<\/p>\n<p>Ztr\u00e1ta chuti k j\u00eddlu<\/p>\n<p><strong>Hmotnost<\/strong><\/p>\n<p>5 ml, 10 ml, 15 ml<\/p>","protected":false},"excerpt":{"rendered":"<p>F\u00fcr den Gro\u00dfhandel kontaktieren Sie uns bitte unter<br \/>\nWickr-ID: @williamspro<br \/>\noder per Whatsapp<br \/>\n<img decoding=\"async\" class=\"size-full wp-image-10162 alignleft\" src=\"https:\/\/ograsmarknad.com\/wp-content\/uploads\/2021\/11\/trust.jpg\" alt=\"Trust German\" width=\"300\" height=\"129\" \/><\/p>","protected":false},"featured_media":8493,"comment_status":"open","ping_status":"closed","template":"","meta":{"_joinchat":[]},"product_cat":[323],"product_tag":[],"_links":{"self":[{"href":"https:\/\/unkrautmarkt.com\/cs\/wp-json\/wp\/v2\/product\/8489"}],"collection":[{"href":"https:\/\/unkrautmarkt.com\/cs\/wp-json\/wp\/v2\/product"}],"about":[{"href":"https:\/\/unkrautmarkt.com\/cs\/wp-json\/wp\/v2\/types\/product"}],"replies":[{"embeddable":true,"href":"https:\/\/unkrautmarkt.com\/cs\/wp-json\/wp\/v2\/comments?post=8489"}],"wp:featuredmedia":[{"embeddable":true,"href":"https:\/\/unkrautmarkt.com\/cs\/wp-json\/wp\/v2\/media\/8493"}],"wp:attachment":[{"href":"https:\/\/unkrautmarkt.com\/cs\/wp-json\/wp\/v2\/media?parent=8489"}],"wp:term":[{"taxonomy":"product_cat","embeddable":true,"href":"https:\/\/unkrautmarkt.com\/cs\/wp-json\/wp\/v2\/product_cat?post=8489"},{"taxonomy":"product_tag","embeddable":true,"href":"https:\/\/unkrautmarkt.com\/cs\/wp-json\/wp\/v2\/product_tag?post=8489"}],"curies":[{"name":"wp","href":"https:\/\/api.w.org\/{rel}","templated":true}]}}