{"id":8483,"date":"2022-08-03T13:15:08","date_gmt":"2022-08-03T13:15:08","guid":{"rendered":"https:\/\/unkrautmarkt.com\/?post_type=product&#038;p=8483"},"modified":"2026-03-13T09:26:08","modified_gmt":"2026-03-13T09:26:08","slug":"og-kush-cannabis-oil","status":"publish","type":"product","link":"https:\/\/unkrautmarkt.com\/cs\/product\/og-kush-cannabis-oil\/","title":{"rendered":"OG Kush Cannabis Oil"},"content":{"rendered":"<h2>Original Kush Cannabis\u00f6l online kaufen<\/h2>\n<p>Bei <a href=\"https:\/\/unkrautmarkt.com\/cs\/\">Unkrautmarkt.com<\/a> bieten wir unseren Kunden erstklassige Cannabis\u00f6le an, die sich durch ihre St\u00e4rke, Reinheit und gleichbleibende Qualit\u00e4t auszeichnen. Eines unserer meistverkauften Produkte ist das OG Kush Cannabis\u00f6l \u2013 ein hochkonzentriertes Extrakt, das vor allem f\u00fcr seinen nat\u00fcrlichen Geschmack und seine starke Wirkung bekannt ist. Sie k\u00f6nnen <a href=\"https:\/\/unkrautmarkt.com\/cs\/product\/og-kush-cannabis-oil\/\">OG Kush Cannabis\u00f6l bequem online bei<\/a> Unkrautmarkt.com erwerben; wir garantieren Ihnen bei jeder Bestellung einen diskreten, sicheren und zuverl\u00e4ssigen Service.<\/p>\n<p><strong>N\u011bkter\u00e9 z \u00fa\u010dink\u016f, kter\u00e9 byly zaznamen\u00e1ny u konopn\u00e9ho oleje OG Kush, jsou:<\/strong><\/p>\n<p>Uvoln\u011bn\u00fd<\/p>\n<p>Vrolijk<\/p>\n<p>Euforick\u00fd<\/p>\n<p>Sleepy<\/p>\n<p>Hladov\u00fd<\/p>\n<p><strong>Pacienti uv\u00e1d\u011bj\u00ed, \u017ee jim konopn\u00fd olej OG Kush pom\u00e1h\u00e1 zvl\u00e1dat probl\u00e9my:<\/strong><\/p>\n<p>Strach<\/p>\n<p>Bolest<\/p>\n<p>Nespavost<\/p>\n<p>Deprese<\/p>\n<p>Ztr\u00e1ta chuti k j\u00eddlu<\/p>\n<p><strong>Hmotnost<\/strong><\/p>\n<p>5 ml, 10 ml, 15 ml<\/p>\n<h3>Warum OG Kush Cannabis\u00f6l w\u00e4hlen?<\/h3>\n<p>OG Kush Cannabis\u00f6l ist bekannt f\u00fcr seine ausgewogene Wirkung, die sowohl die geistige Klarheit als auch die k\u00f6rperliche Entspannung f\u00f6rdert. Da OG Kush Cannabis\u00f6l ein beruhigendes und zugleich stimmungsaufhellendes Erlebnis bietet, wird es von Anwendern h\u00e4ufig online erworben und eignet sich somit gleicherma\u00dfen f\u00fcr den Freizeitgebrauch wie f\u00fcr Wellness-Zwecke. Bei diesem Produkt handelt es sich um ein Cannabis\u00f6l, das sorgf\u00e4ltig aus den reinsten OG-Kush-Sorten extrahiert wurde, um eine h\u00f6chstm\u00f6gliche Konzentration an Terpenen und Cannabinoiden zu bewahren und stets ein reichhaltiges, aromatisches und wirkungsvolles Produkt zu gew\u00e4hrleisten.<\/p>\n<h3>Vorteile von OG Kush Cannabis\u00f6l<\/h3>\n<p><strong>Entspannung und Stressabbau<\/strong> \u2013 Entspannt den K\u00f6rper, indem es Gef\u00fchle von Anspannung, Angst und Alltagsstress l\u00f6st und somit f\u00fcr ein wohltuendes Erlebnis sorgt.<br \/>\n<strong>Mildes Aroma<\/strong> \u2013 Das Produkt bietet eine Kombination aus erdigen, kiefernartigen und pflanzlichen Noten, die den Konsumenten nicht \u00fcberfordern.<br \/>\n<strong>Hohe Wirksamkeit<\/strong> \u2013 Laborergebnisse best\u00e4tigen die Reinheit und <strong>St\u00e4rke des Produkts<\/strong> \u2013 die entscheidenden Kriterien f\u00fcr das Erzielen der gew\u00fcnschten Ergebnisse sowie f\u00fcr eine maximale Wirksamkeit.<br \/>\n<strong>Vielseitige Anwendung<\/strong> \u2013 Geeignet f\u00fcr die orale Einnahme, das Verdampfen (Vaping) oder einfach zur Integration in Ihre t\u00e4gliche Gesundheitsroutine.<br \/>\nVertrauensw\u00fcrdige Qualit\u00e4t \u2013 Sicher dank Einhaltung aller notwendigen Schutzma\u00dfnahmen, zuverl\u00e4ssig und hergestellt aus hochwertigstem Cannabis\u00f6l unter Beachtung strenger Qualit\u00e4tsstandards.<\/p>\n<h3>Wo man Kush-Cannabis\u00f6l online kaufen kann<\/h3>\n<p>Die Antwort auf die Frage \u201eWo kann man OG Kush-Cannabis\u00f6l online kaufen?\u201c ist denkbar einfach: Unkrautmarkt.com. Wir bieten laborgepr\u00fcfte Cannabis\u00f6le an, die nicht nur von bester Qualit\u00e4t, sondern auch zu den g\u00fcnstigsten Preisen erh\u00e4ltlich sind. Wenn Sie OG Kush-Cannabis\u00f6l bei uns erwerben, erhalten Sie ein erstklassiges Produkt, einen hervorragenden Kundenservice und selbstverst\u00e4ndlich h\u00f6chste Sorgfalt in Bezug auf Ihre Sicherheit w\u00e4hrend des Versandprozesses. Sowohl f\u00fcr Einsteiger als auch f\u00fcr erfahrene Konsumenten, die auf der Suche nach zuverl\u00e4ssigen und wirksamen Produkten sind, ist Unkrautmarkt.com die ideale Plattform f\u00fcr Cannabis\u00f6le von h\u00f6chster Qualit\u00e4t.<\/p>","protected":false},"excerpt":{"rendered":"<p>F\u00fcr den Gro\u00dfhandel kontaktieren Sie uns bitte unter<br \/>\nWickr-ID: @williamspro<br \/>\noder per Whatsapp<br \/>\n<img decoding=\"async\" class=\"size-full wp-image-10162 alignleft\" src=\"https:\/\/ograsmarknad.com\/wp-content\/uploads\/2021\/11\/trust.jpg\" alt=\"Trust German\" width=\"300\" height=\"129\" \/><\/p>","protected":false},"featured_media":8487,"comment_status":"open","ping_status":"closed","template":"","meta":{"_joinchat":[]},"product_cat":[323],"product_tag":[],"_links":{"self":[{"href":"https:\/\/unkrautmarkt.com\/cs\/wp-json\/wp\/v2\/product\/8483"}],"collection":[{"href":"https:\/\/unkrautmarkt.com\/cs\/wp-json\/wp\/v2\/product"}],"about":[{"href":"https:\/\/unkrautmarkt.com\/cs\/wp-json\/wp\/v2\/types\/product"}],"replies":[{"embeddable":true,"href":"https:\/\/unkrautmarkt.com\/cs\/wp-json\/wp\/v2\/comments?post=8483"}],"wp:featuredmedia":[{"embeddable":true,"href":"https:\/\/unkrautmarkt.com\/cs\/wp-json\/wp\/v2\/media\/8487"}],"wp:attachment":[{"href":"https:\/\/unkrautmarkt.com\/cs\/wp-json\/wp\/v2\/media?parent=8483"}],"wp:term":[{"taxonomy":"product_cat","embeddable":true,"href":"https:\/\/unkrautmarkt.com\/cs\/wp-json\/wp\/v2\/product_cat?post=8483"},{"taxonomy":"product_tag","embeddable":true,"href":"https:\/\/unkrautmarkt.com\/cs\/wp-json\/wp\/v2\/product_tag?post=8483"}],"curies":[{"name":"wp","href":"https:\/\/api.w.org\/{rel}","templated":true}]}}