{"id":8472,"date":"2022-08-03T12:56:42","date_gmt":"2022-08-03T12:56:42","guid":{"rendered":"https:\/\/unkrautmarkt.com\/?post_type=product&#038;p=8472"},"modified":"2026-03-12T06:26:33","modified_gmt":"2026-03-12T06:26:33","slug":"ak-48-hashish","status":"publish","type":"product","link":"https:\/\/unkrautmarkt.com\/cs\/product\/ak-48-hashish\/","title":{"rendered":"Ak-48-Hashish"},"content":{"rendered":"<h2>Kupte si ha\u0161i\u0161 AK-48 rychle online: Pr\u00e9miov\u00e1 kvalita s diskr\u00e9tn\u00edm doru\u010den\u00edm<\/h2>\n<p>Hled\u00e1\u0161 zp\u016fsob, jak <a href=\"https:\/\/unkrautmarkt.com\/cs\/product\/ak-48-hashish\/\"><strong>Objednejte si ha\u0161i\u0161 AK-48 rychle online<\/strong><\/a>Pak jste na spr\u00e1vn\u00e9m m\u00edst\u011b v na\u0161\u00ed d\u016fv\u011bryhodn\u00e9 online l\u00e9k\u00e1rn\u011b! Vysoce kvalitn\u00ed konop\u00ed a pr\u00e9miov\u00fd ha\u0161i\u0161 jsou jen jedno kliknut\u00ed daleko. Nad\u0161enc\u016fm do konop\u00ed v USA, Kanad\u011b, Evrop\u011b a po cel\u00e9m sv\u011bt\u011b nab\u00edz\u00edme hladk\u00fd a diskr\u00e9tn\u00ed z\u00e1\u017eitek z nakupov\u00e1n\u00ed. Spokojenost z\u00e1kazn\u00edk\u016f je na\u0161\u00ed nejvy\u0161\u0161\u00ed prioritou: Obdr\u017e\u00edte siln\u00fd ha\u0161i\u0161 AK-48, odborn\u011b zpracovan\u00fd a zabalen\u00fd pro va\u0161e pot\u011b\u0161en\u00ed.<\/p>\n<p><strong>AK-48<\/strong> AK-48 je obl\u00edben\u00e1 hybridn\u00ed odr\u016fda zn\u00e1m\u00e1 sv\u00fdmi vyv\u00e1\u017een\u00fdmi \u00fa\u010dinky a podmanivou v\u016fn\u00ed. Koncentrovan\u00e1 jako ha\u0161i\u0161 nab\u00edz\u00ed intenzivn\u011bj\u0161\u00ed a d\u00e9letrvaj\u00edc\u00ed z\u00e1\u017eitek. N\u00e1\u0161 ha\u0161i\u0161 AK-48 je pe\u010dliv\u011b vyr\u00e1b\u011bn tak, aby si zachoval sv\u00e9 p\u0159irozen\u00e9 terpeny a kanabinoidy. V\u00fdsledkem je bohat\u00fd, aromatick\u00fd a neuv\u011b\u0159iteln\u011b siln\u00fd produkt. A\u0165 u\u017e jste zku\u0161en\u00fd znalec, nebo poprv\u00e9 objevujete sv\u011bt koncentr\u00e1t\u016f, n\u00e1\u0161 ha\u0161i\u0161 AK-48 zaru\u010duje v\u00fdjime\u010dnou kvalitu.<\/p>\n<h3>Objevte v\u00fdhody na\u0161eho ha\u0161i\u0161e z AK-48<\/h3>\n<p>Kdy\u017e si online koup\u00edte ha\u0161i\u0161 AK-48, investujete do produktu s \u0159adou potenci\u00e1ln\u00edch v\u00fdhod. Spot\u0159ebitel\u00e9 \u010dasto uv\u00e1d\u011bj\u00ed v\u00fdrazn\u00e9 zlep\u0161en\u00ed n\u00e1lady, doprov\u00e1zen\u00e9 jemn\u00fdm, uklid\u0148uj\u00edc\u00edm pocitem, kter\u00fd sni\u017euje stres a nap\u011bt\u00ed. <a href=\"https:\/\/unkrautmarkt.com\/cs\/\">Unkrautmarkt<\/a><\/p>\n<h3>Spolehliv\u00fd internetov\u00fd obchod s ha\u0161i\u0161em AK-48 a dal\u0161\u00edmi<\/h3>\n<p><strong>P\u0159i n\u00e1kupu konop\u00ed online<\/strong> D\u016fv\u011bra je z\u00e1sadn\u00ed. Jsme hrd\u00ed na to, \u017ee jsme d\u016fv\u011bryhodn\u00fdm online prodejcem vysoce kvalitn\u00edch konopn\u00fdch produkt\u016f. N\u00e1\u0161 v\u00fdb\u011br zahrnuje \u0161irokou \u0161k\u00e1lu odr\u016fd, jedl\u00fdch produkt\u016f, koncentr\u00e1t\u016f a p\u0159\u00edslu\u0161enstv\u00ed, tak\u017ee m\u00e1te zaru\u010deno, \u017ee najdete to, co hled\u00e1te. Diskr\u00e9tnost je pro n\u00e1s d\u016fle\u017eit\u00e1. Va\u0161e objedn\u00e1vky jsou bezpe\u010dn\u011b zabaleny a odesl\u00e1ny v oby\u010dejn\u00fdch ob\u00e1lk\u00e1ch nebo krabic\u00edch, abychom chr\u00e1nili va\u0161e soukrom\u00ed. Nab\u00edz\u00edme rychl\u00e9 a spolehliv\u00e9 doru\u010den\u00ed, tak\u017ee si m\u016f\u017eete objednat ha\u0161i\u0161 AK-48 online a rychle ho obdr\u017eet.<\/p>\n<h3>Stru\u010dn\u011b \u0159e\u010deno:<\/h3>\n<p>Kdy\u017e <strong>Kupte si ha\u0161i\u0161 AK-48 rychle online<\/strong> Pokud chcete vybrat dodavatele, kter\u00fd si cen\u00ed kvality, efektivity a va\u0161\u00ed naprost\u00e9 spokojenosti, pak si ho vyberte. N\u00e1\u0161 ha\u0161i\u0161 AK-48 v\u00e1m nab\u00edz\u00ed vysoce kvalitn\u00ed konopn\u00fd koncentr\u00e1t s typick\u00fdmi stimula\u010dn\u00edmi a uklid\u0148uj\u00edc\u00edmi vlastnostmi AK-48 v koncentrovan\u00e9 form\u011b. Od pe\u010dliv\u00e9 v\u00fdroby a\u017e po diskr\u00e9tn\u00ed celosv\u011btovou p\u0159epravu se sna\u017e\u00edme b\u00fdt va\u0161\u00ed prvn\u00ed volbou pro online prodej konop\u00ed. Objevte na\u0161i nab\u00eddku je\u0161t\u011b dnes a za\u017eijte rozd\u00edl, kter\u00fd kvalita d\u011bl\u00e1. <a href=\"https:\/\/en.wikipedia.org\/wiki\/Hashish\" rel=\"nofollow noopener\" target=\"_blank\"><strong>Objednejte si ha\u0161i\u0161 AK-48 online<\/strong><\/a> a u\u017eijte si pohodl\u00ed a kvalitu na\u0161ich spolehliv\u00fdch slu\u017eeb.<\/p>","protected":false},"excerpt":{"rendered":"<p>F\u00fcr den Gro\u00dfhandel kontaktieren Sie uns bitte unter<br \/>\nWickr-ID: @williamspro<br \/>\noder per Whatsapp<br \/>\n<img decoding=\"async\" class=\"size-full wp-image-10162 alignleft\" src=\"https:\/\/ograsmarknad.com\/wp-content\/uploads\/2021\/11\/trust.jpg\" alt=\"Trust German\" width=\"300\" height=\"129\" \/><\/p>","protected":false},"featured_media":8476,"comment_status":"open","ping_status":"closed","template":"","meta":{"_joinchat":[]},"product_cat":[322,321],"product_tag":[],"_links":{"self":[{"href":"https:\/\/unkrautmarkt.com\/cs\/wp-json\/wp\/v2\/product\/8472"}],"collection":[{"href":"https:\/\/unkrautmarkt.com\/cs\/wp-json\/wp\/v2\/product"}],"about":[{"href":"https:\/\/unkrautmarkt.com\/cs\/wp-json\/wp\/v2\/types\/product"}],"replies":[{"embeddable":true,"href":"https:\/\/unkrautmarkt.com\/cs\/wp-json\/wp\/v2\/comments?post=8472"}],"wp:featuredmedia":[{"embeddable":true,"href":"https:\/\/unkrautmarkt.com\/cs\/wp-json\/wp\/v2\/media\/8476"}],"wp:attachment":[{"href":"https:\/\/unkrautmarkt.com\/cs\/wp-json\/wp\/v2\/media?parent=8472"}],"wp:term":[{"taxonomy":"product_cat","embeddable":true,"href":"https:\/\/unkrautmarkt.com\/cs\/wp-json\/wp\/v2\/product_cat?post=8472"},{"taxonomy":"product_tag","embeddable":true,"href":"https:\/\/unkrautmarkt.com\/cs\/wp-json\/wp\/v2\/product_tag?post=8472"}],"curies":[{"name":"wp","href":"https:\/\/api.w.org\/{rel}","templated":true}]}}