{"id":8461,"date":"2022-08-03T12:48:30","date_gmt":"2022-08-03T12:48:30","guid":{"rendered":"https:\/\/unkrautmarkt.com\/?post_type=product&#038;p=8461"},"modified":"2026-03-12T06:26:44","modified_gmt":"2026-03-12T06:26:44","slug":"afghani-red-wrap-hash","status":"publish","type":"product","link":"https:\/\/unkrautmarkt.com\/cs\/product\/afghani-red-wrap-hash\/","title":{"rendered":"Afghani Red Wrap Hash"},"content":{"rendered":"<h2 data-start=\"88\" data-end=\"515\"><strong data-start=\"108\" data-end=\"140\">Afghani Red Wrap Hash online<\/strong><\/h2>\n<p data-start=\"88\" data-end=\"515\">Kdy\u017e jde o <a href=\"https:\/\/en.wikipedia.org\/wiki\/Hashish\" rel=\"nofollow noopener\" target=\"_blank\"><strong data-start=\"108\" data-end=\"140\">Afghani Red Wrap Hash online<\/strong><\/a> P\u0159i n\u00e1kupu bylinek je v\u00fdb\u011br spr\u00e1vn\u00e9ho obchodu kl\u00ed\u010dov\u00fd pro zaji\u0161t\u011bn\u00ed kvality i spolehlivosti. Na unkrautmarkt.com nab\u00edz\u00edme v\u00fdjime\u010dn\u00fd z\u00e1\u017eitek z nakupov\u00e1n\u00ed, kter\u00fd se odli\u0161uje od ostatn\u00edch. Zde jsou hlavn\u00ed d\u016fvody, pro\u010d byste si m\u011bli p\u0159i n\u00e1kupu bylinek vybrat pr\u00e1v\u011b n\u00e1s. <strong data-start=\"453\" data-end=\"506\">Kupte si afgh\u00e1nsk\u00fd \u010derven\u00fd ha\u0161i\u0161 z Wrapu na unkrautmarkt.com<\/strong> m\u00f6chten.<\/p>\n<h3 data-start=\"517\" data-end=\"538\">Vysoce kvalitn\u00ed hash<\/h3>\n<p data-start=\"540\" data-end=\"1003\">Kvalita produktu je nejd\u016fle\u017eit\u011bj\u0161\u00edm faktorem p\u0159i rozhodov\u00e1n\u00ed o online n\u00e1kupu afgh\u00e1nsk\u00e9ho \u010derven\u00e9ho ha\u0161i\u0161e. N\u00e1\u0161 ha\u0161i\u0161 poch\u00e1z\u00ed p\u0159\u00edmo od d\u016fv\u011bryhodn\u00fdch v\u00fdrobc\u016f v Afgh\u00e1nist\u00e1nu, co\u017e zaji\u0161\u0165uje, \u017ee ka\u017ed\u00e1 v\u00e1rka m\u00e1 bohatou \u00fa\u010dinnost, chu\u0165 a hladkou texturu. Afgh\u00e1nsk\u00fd \u010derven\u00fd ha\u0161i\u0161, kter\u00fd je k dispozici na unkrautmarkt.com, spl\u0148uje nejvy\u0161\u0161\u00ed standardy kvality a nab\u00edz\u00ed v\u0161em na\u0161im z\u00e1kazn\u00edk\u016fm trvale vysoce kvalitn\u00ed z\u00e1\u017eitek.<\/p>\n<h3 data-start=\"1005\" data-end=\"1032\">Pohodln\u00e9 online nakupov\u00e1n\u00ed<\/h3>\n<p data-start=\"1034\" data-end=\"1554\"><a href=\"https:\/\/unkrautmarkt.com\/cs\/\"><strong>Bei unkrautmarkt.com<\/strong><\/a> Optimalizovali jsme proces n\u00e1kupu, aby bylo objedn\u00e1v\u00e1n\u00ed afgh\u00e1nsk\u00e9ho \u010derven\u00e9ho ha\u0161i\u0161ov\u00e9ho protlaku online jednoduch\u00e9 a pohodln\u00e9. Na\u0161e webov\u00e9 str\u00e1nky jsou u\u017eivatelsky p\u0159\u00edv\u011btiv\u00e9 a navr\u017eeny tak, abyste rychle na\u0161li p\u0159esn\u011b to, co hled\u00e1te. A\u0165 u\u017e kupujete mal\u00e9 mno\u017estv\u00ed nebo zad\u00e1v\u00e1te v\u011bt\u0161\u00ed objedn\u00e1vku, proces je p\u0159\u00edmo\u010dar\u00fd a bez stresu. U\u017e \u017e\u00e1dn\u00e9 hled\u00e1n\u00ed v obchodech ani pot\u00fdk\u00e1n\u00ed se slo\u017eit\u00fdmi objedn\u00e1vkov\u00fdmi syst\u00e9my \u2013 kupte si afgh\u00e1nsk\u00fd \u010derven\u00fd ha\u0161i\u0161ov\u00fd protlak z pohodl\u00ed domova.<\/p>\n<h3 data-start=\"1556\" data-end=\"1584\">Konkurenceschopn\u00e9 ceny<\/h3>\n<p data-start=\"1586\" data-end=\"2123\">Cena afgh\u00e1nsk\u00e9ho \u010derven\u00e9ho ha\u0161i\u0161e je v\u017edy d\u016fle\u017eit\u00fdm faktorem p\u0159i online n\u00e1kupu. Sna\u017e\u00edme se nab\u00edzet jedny z nejkonkurenceschopn\u011bj\u0161\u00edch cen na trhu a z\u00e1rove\u0148 zachovat kvalitu produkt\u016f. A\u0165 u\u017e kupujete mal\u00e9 mno\u017estv\u00ed pro osobn\u00ed pot\u0159ebu nebo v\u011bt\u0161\u00ed mno\u017estv\u00ed, na\u0161e ceny nab\u00edzej\u00ed vynikaj\u00edc\u00ed hodnotu. Pravideln\u011b aktualizujeme na\u0161e ceny, abyste z\u00edskali nejlep\u0161\u00ed nab\u00eddku. <a href=\"https:\/\/unkrautmarkt.com\/cs\/product\/afghani-red-wrap-hash\/\"><strong>Afghani Red Wrap Hash online kaufen<\/strong><\/a>.<\/p>\n<h3 data-start=\"2125\" data-end=\"2159\">Rychl\u00e9 a bezpe\u010dn\u00e9 doru\u010den\u00ed<\/h3>\n<p data-start=\"2161\" data-end=\"2668\">Kdy\u017e <strong data-start=\"2170\" data-end=\"2223\">Kupte si afgh\u00e1nsk\u00fd \u010derven\u00fd ha\u0161i\u0161 z Wrapu na unkrautmarkt.com<\/strong>M\u016f\u017eete o\u010dek\u00e1vat rychl\u00e9 a spolehliv\u00e9 doru\u010den\u00ed. Ch\u00e1peme, \u017ee diskr\u00e9tnost a bezpe\u010dnost jsou p\u0159i n\u00e1kupu takov\u00fdch produkt\u016f prvo\u0159ad\u00e9, proto zaji\u0161\u0165ujeme, aby v\u0161echny objedn\u00e1vky byly odesl\u00e1ny v diskr\u00e9tn\u00edm balen\u00ed. Na\u0161e zp\u016fsoby dopravy jsou spolehliv\u00e9 a garantujeme, \u017ee va\u0161e objedn\u00e1vka doraz\u00ed v\u010das a v perfektn\u00edm stavu, co\u017e v\u00e1m poskytne klid v pr\u016fb\u011bhu cel\u00e9ho procesu.<\/p>\n<h3 data-start=\"2670\" data-end=\"2696\">D\u016fv\u011bryhodn\u00e1 pov\u011bst<\/h3>\n<p data-start=\"2698\" data-end=\"3238\">V pr\u016fb\u011bhu let jsme si z\u00edskali d\u016fv\u011bru mnoha z\u00e1kazn\u00edk\u016f nab\u00eddkou vysoce kvalitn\u00edch produkt\u016f a v\u00fdjime\u010dn\u00fdm z\u00e1kaznick\u00fdm servisem. Na\u0161e firma je zn\u00e1m\u00e1 t\u00edm, \u017ee d\u016fsledn\u011b dod\u00e1v\u00e1 origin\u00e1ln\u00ed produkty. <strong data-start=\"2940\" data-end=\"2965\">Afghani Red Wrap Hash<\/strong>a my i nad\u00e1le z\u016fst\u00e1v\u00e1me <strong data-start=\"2994\" data-end=\"3050\">beste Ort, um Afghani Red Wrap Hash online zu kaufen<\/strong>Suntem m\u00e2ndri de feedback-ul pozitiv \u0219i de baza de clien\u021bi fideli pe care am construit-o, ceea ce este o dovad\u0103 a fiabilit\u0103\u021bii \u0219i onestit\u0103\u021bii serviciilor noastre.<\/p>\n<h3 data-start=\"3240\" data-end=\"3257\">Slu\u017eby z\u00e1kazn\u00edk\u016fm<\/h3>\n<p data-start=\"3259\" data-end=\"3718\">Pokud m\u00e1te k tomuto jak\u00e9koli dotazy, <strong data-start=\"3287\" data-end=\"3326\">Kde koupit afgh\u00e1nsk\u00fd \u010derven\u00fd ha\u0161i\u0161 Wrap<\/strong> Pokud m\u00e1te jak\u00e9koli dotazy nebo pot\u0159ebujete pomoc s objedn\u00e1vkou, n\u00e1\u0161 t\u00fdm z\u00e1kaznick\u00fdch slu\u017eeb je v\u00e1m v\u017edy k dispozici. Nab\u00edz\u00edme profesion\u00e1ln\u00ed a p\u0159\u00e1telskou podporu, abychom zajistili co nejplynulej\u0161\u00ed n\u00e1kupn\u00ed proces. A\u0165 u\u017e pot\u0159ebujete pomoc s v\u00fdb\u011brem spr\u00e1vn\u00e9ho produktu nebo se sledov\u00e1n\u00edm z\u00e1silky, jsme tu, abychom v\u00e1m pomohli v ka\u017ed\u00e9m kroku.<\/p>\n<h3 data-start=\"3720\" data-end=\"3729\">Z\u00e1v\u011br<\/h3>\n<p data-start=\"3731\" data-end=\"4134\" data-is-last-node=\"\" data-is-only-node=\"\">Pokud hled\u00e1te <strong data-start=\"3745\" data-end=\"3782\">Prodej afgh\u00e1nsk\u00e9ho \u010derven\u00e9ho ha\u0161i\u0161ov\u00e9ho protlaku<\/strong> Pokud hled\u00e1te ha\u0161i\u0161, unkrautmarkt.com je pro v\u00e1s ide\u00e1ln\u00edm m\u00edstem. Nab\u00edz\u00edme vysoce kvalitn\u00ed ha\u0161i\u0161 za konkurenceschopn\u00e9 ceny, bezprobl\u00e9mov\u00fd n\u00e1kupn\u00ed z\u00e1\u017eitek a rychl\u00e9 a bezpe\u010dn\u00e9 doru\u010den\u00ed. Pokud v\u00e1s zaj\u00edm\u00e1, <strong data-start=\"3982\" data-end=\"4021\">Kde koupit afgh\u00e1nsk\u00fd \u010derven\u00fd ha\u0161i\u0161 Wrap<\/strong> oder den <strong data-start=\"4031\" data-end=\"4095\">Najd\u011bte nejlep\u0161\u00ed m\u00edsto pro n\u00e1kup afgh\u00e1nsk\u00e9ho \u010derven\u00e9ho ha\u0161i\u0161e online<\/strong>, ist unkrautmarkt.com Ihre erste Wahl.<\/p>","protected":false},"excerpt":{"rendered":"<p>F\u00fcr den Gro\u00dfhandel kontaktieren Sie uns bitte unter<br \/>\nWickr-ID: @williamspro<br \/>\noder per Whatsapp<br \/>\n<img decoding=\"async\" class=\"size-full wp-image-10162 alignleft\" src=\"https:\/\/ograsmarknad.com\/wp-content\/uploads\/2021\/11\/trust.jpg\" alt=\"Trust German\" width=\"300\" height=\"129\" \/><\/p>","protected":false},"featured_media":8470,"comment_status":"open","ping_status":"closed","template":"","meta":{"_joinchat":[]},"product_cat":[322,321],"product_tag":[],"_links":{"self":[{"href":"https:\/\/unkrautmarkt.com\/cs\/wp-json\/wp\/v2\/product\/8461"}],"collection":[{"href":"https:\/\/unkrautmarkt.com\/cs\/wp-json\/wp\/v2\/product"}],"about":[{"href":"https:\/\/unkrautmarkt.com\/cs\/wp-json\/wp\/v2\/types\/product"}],"replies":[{"embeddable":true,"href":"https:\/\/unkrautmarkt.com\/cs\/wp-json\/wp\/v2\/comments?post=8461"}],"wp:featuredmedia":[{"embeddable":true,"href":"https:\/\/unkrautmarkt.com\/cs\/wp-json\/wp\/v2\/media\/8470"}],"wp:attachment":[{"href":"https:\/\/unkrautmarkt.com\/cs\/wp-json\/wp\/v2\/media?parent=8461"}],"wp:term":[{"taxonomy":"product_cat","embeddable":true,"href":"https:\/\/unkrautmarkt.com\/cs\/wp-json\/wp\/v2\/product_cat?post=8461"},{"taxonomy":"product_tag","embeddable":true,"href":"https:\/\/unkrautmarkt.com\/cs\/wp-json\/wp\/v2\/product_tag?post=8461"}],"curies":[{"name":"wp","href":"https:\/\/api.w.org\/{rel}","templated":true}]}}