{"id":8456,"date":"2022-08-03T12:18:03","date_gmt":"2022-08-03T12:18:03","guid":{"rendered":"https:\/\/unkrautmarkt.com\/?post_type=product&#038;p=8456"},"modified":"2026-03-12T06:27:00","modified_gmt":"2026-03-12T06:27:00","slug":"afghan-black-hash","status":"publish","type":"product","link":"https:\/\/unkrautmarkt.com\/cs\/product\/afghan-black-hash\/","title":{"rendered":"Afghan Black Hash"},"content":{"rendered":"<article class=\"text-token-text-primary w-full focus:outline-none [--shadow-height:45px] has-data-writing-block:pointer-events-none has-data-writing-block:-mt-(--shadow-height) has-data-writing-block:pt-(--shadow-height) [&amp;:has([data-writing-block])&gt;*]:pointer-events-auto scroll-mt-(--header-height)\" dir=\"auto\" tabindex=\"-1\" data-turn-id=\"67e99a09-043b-461e-ac14-18a4a955a049\" data-testid=\"conversation-turn-7\" data-scroll-anchor=\"false\" data-turn=\"user\"><\/article>\n<article class=\"text-token-text-primary w-full focus:outline-none [--shadow-height:45px] has-data-writing-block:pointer-events-none has-data-writing-block:-mt-(--shadow-height) has-data-writing-block:pt-(--shadow-height) [&amp;:has([data-writing-block])&gt;*]:pointer-events-auto scroll-mt-[calc(var(--header-height)+min(200px,max(70px,20svh)))]\" dir=\"auto\" tabindex=\"-1\" data-turn-id=\"request-WEB:b3b71863-b3aa-4f21-8e13-39b16a858ae7-3\" data-testid=\"conversation-turn-8\" data-scroll-anchor=\"false\" data-turn=\"assistant\">\n<div class=\"text-base my-auto mx-auto [--thread-content-margin:--spacing(4)] @w-sm\/main:[--thread-content-margin:--spacing(6)] @w-lg\/main:[--thread-content-margin:--spacing(16)] px-(--thread-content-margin)\">\n<div class=\"[--thread-content-max-width:40rem] @w-lg\/main:[--thread-content-max-width:48rem] mx-auto max-w-(--thread-content-max-width) flex-1 group\/turn-messages focus-visible:outline-hidden relative flex w-full min-w-0 flex-col agent-turn\" tabindex=\"-1\">\n<div class=\"flex max-w-full flex-col grow\">\n<div class=\"min-h-8 text-message relative flex w-full flex-col items-end gap-2 text-start break-words whitespace-normal [.text-message+&amp;]:mt-1\" dir=\"auto\" data-message-author-role=\"assistant\" data-message-id=\"8c1d458f-0321-4003-b178-e1de01d2aa37\" data-message-model-slug=\"gpt-5-2\">\n<div class=\"flex w-full flex-col gap-1 empty:hidden first:pt-[1px]\">\n<div class=\"markdown prose dark:prose-invert w-full wrap-break-word dark markdown-new-styling\">\n<h2 data-start=\"0\" data-end=\"567\"><strong>Afghan <\/strong><strong>Black <\/strong><strong>Kupte si ha\u0161i\u0161 online<\/strong><\/h2>\n<p data-start=\"0\" data-end=\"567\">Kdy\u017e jde o <a href=\"https:\/\/unkrautmarkt.com\/cs\/product\/afghan-black-hash\/\"><strong>Kupte si afgh\u00e1nsk\u00fd \u010dern\u00fd ha\u0161i\u0161 online<\/strong><\/a>Je z\u00e1sadn\u00ed vybrat si d\u016fv\u011bryhodn\u00fd obchod, abyste zajistili bezpe\u010dnou transakci a \u0161pi\u010dkovou kvalitu produkt\u016f. N\u00e1\u0161 obchod se etabloval jako jeden z p\u0159edn\u00edch online prodejc\u016f afgh\u00e1nsk\u00e9ho \u010dern\u00e9ho ha\u0161i\u0161e a nab\u00edz\u00ed bezkonkuren\u010dn\u00ed kombinaci vysoce kvalitn\u00edch produkt\u016f, bezpe\u010dn\u00e9ho nakupov\u00e1n\u00ed a z\u00e1kaznicky orientovan\u00e9ho servisu. Pokud v\u00e1s zaj\u00edm\u00e1, kde koupit afgh\u00e1nsk\u00fd \u010dern\u00fd ha\u0161i\u0161, zde jsou kl\u00ed\u010dov\u00e9 d\u016fvody, pro\u010d je n\u00e1\u0161 obchod tou nejlep\u0161\u00ed volbou.<\/p>\n<h3 data-start=\"569\" data-end=\"620\"><strong data-start=\"569\" data-end=\"620\">Bezkonkuren\u010dn\u00ed kvalita afgh\u00e1nsk\u00e9ho \u010dern\u00e9ho ha\u0161i\u0161e<\/strong><\/h3>\n<p data-start=\"622\" data-end=\"1295\">Kvalita afgh\u00e1nsk\u00e9ho \u010dern\u00e9ho ha\u0161i\u0161e ho odli\u0161uje od ostatn\u00edch druh\u016f ha\u0161i\u0161e na trhu a na\u0161\u00ed nejvy\u0161\u0161\u00ed prioritou je nab\u00edzet jen to nejlep\u0161\u00ed. N\u00e1\u0161 afgh\u00e1nsk\u00fd \u010dern\u00fd ha\u0161i\u0161 pe\u010dliv\u011b z\u00edsk\u00e1v\u00e1me od d\u016fv\u011bryhodn\u00fdch producent\u016f v Afgh\u00e1nist\u00e1nu, kte\u0159\u00ed jsou proslul\u00ed sv\u00fdmi vysoce kvalitn\u00edmi p\u011bstitelsk\u00fdmi metodami a autentick\u00fdmi v\u00fdrobn\u00edmi procesy. Ka\u017ed\u00e1 v\u00e1rka proch\u00e1z\u00ed p\u0159\u00edsnou kontrolou kvality, abychom zajistili, \u017ee spl\u0148uje nejvy\u0161\u0161\u00ed standardy \u00fa\u010dinnosti, textury a chuti. Kdy\u017e si u n\u00e1s koup\u00edte afgh\u00e1nsk\u00fd \u010dern\u00fd ha\u0161i\u0161, m\u016f\u017eete si b\u00fdt jisti, \u017ee z\u00edsk\u00e1v\u00e1te pr\u00e9miov\u00fd produkt, kter\u00fd je autentick\u00fd, siln\u00fd a m\u00e1 tradici.<\/p>\n<h3 data-start=\"2114\" data-end=\"2172\"><strong data-start=\"2114\" data-end=\"2172\">Dostupn\u00e9 ceny a transparentn\u00ed ceny<\/strong><\/h3>\n<p data-start=\"2174\" data-end=\"2902\">Jednou z nej\u010dast\u011bj\u0161\u00edch ot\u00e1zek, kter\u00e9 z\u00e1kazn\u00edci kladou, je: \u201eCo je to\u2026\u201c <strong data-start=\"2240\" data-end=\"2271\">Cena afgh\u00e1nsk\u00e9ho \u010dern\u00e9ho ha\u0161i\u0161e<\/strong>\u201eV na\u0161em obchod\u011b v\u011b\u0159\u00edme, \u017ee produkty nejvy\u0161\u0161\u00ed kvality by m\u011bly b\u00fdt dostupn\u00e9 za f\u00e9rov\u00e9 \u200b\u200bceny. Na\u0161e <strong data-start=\"2388\" data-end=\"2421\">Afgh\u00e1nsk\u00fd \u010dern\u00fd ha\u0161i\u0161 na prodej<\/strong> Na\u0161e ceny jsou konkurenceschopn\u00e9, co\u017e v\u00e1m zaru\u010duje vynikaj\u00edc\u00ed hodnotu za va\u0161e pen\u00edze bez nav\u00fd\u0161en\u00fdch n\u00e1klad\u016f. Db\u00e1me tak\u00e9 na transparentnost cen, tak\u017ee p\u0159i placen\u00ed nevznikaj\u00ed \u017e\u00e1dn\u00e9 skryt\u00e9 poplatky ani neo\u010dek\u00e1van\u00e9 poplatky. A\u0165 u\u017e hled\u00e1te mal\u00e9 nebo velk\u00e9 objedn\u00e1vky, nab\u00edz\u00edme flexibiln\u00ed ceny, kter\u00e9 se p\u0159izp\u016fsob\u00ed va\u0161emu rozpo\u010dtu. M\u016f\u017eete si b\u00fdt jisti, \u017ee za kvalitu, kterou kupujete, z\u00edsk\u00e1te nejlep\u0161\u00ed cenu.<\/p>\n<h3 data-start=\"2904\" data-end=\"2938\"><strong data-start=\"2904\" data-end=\"2938\">Bezpe\u010dn\u00e9 a diskr\u00e9tn\u00ed doru\u010den\u00ed<\/strong><\/h3>\n<p data-start=\"2940\" data-end=\"3645\">Kdy\u017e <a href=\"https:\/\/en.wikipedia.org\/wiki\/Hashish\" rel=\"nofollow noopener\" target=\"_blank\"><strong data-start=\"2949\" data-end=\"2984\">Kupte si afgh\u00e1nsk\u00fd \u010dern\u00fd ha\u0161i\u0161 online<\/strong><\/a>Diskr\u00e9tnost je prvo\u0159ad\u00e1. Ch\u00e1peme d\u016fle\u017eitost ochrany va\u0161eho soukrom\u00ed a zaji\u0161t\u011bn\u00ed bezpe\u010dn\u00e9ho a diskr\u00e9tn\u00edho doru\u010den\u00ed va\u0161\u00ed objedn\u00e1vky. N\u00e1\u0161 proces p\u0159epravy prov\u00e1d\u00edme s maxim\u00e1ln\u00ed p\u00e9\u010d\u00ed a pou\u017e\u00edv\u00e1me vysoce kvalitn\u00ed balen\u00ed, abychom zaru\u010dili, \u017ee va\u0161e objedn\u00e1vka doraz\u00ed v perfektn\u00edm stavu. Nab\u00edz\u00edme tak\u00e9 r\u016fzn\u00e9 mo\u017enosti dopravy, kter\u00e9 v\u00e1m umo\u017en\u00ed vybrat si zp\u016fsob, kter\u00fd nejl\u00e9pe vyhovuje va\u0161im pot\u0159eb\u00e1m \u2013 a\u0165 u\u017e d\u00e1v\u00e1te p\u0159ednost rychl\u00e9mu doru\u010den\u00ed nebo ekonomi\u010dt\u011bj\u0161\u00ed variant\u011b. N\u00e1\u0161 spolehliv\u00fd doru\u010dovac\u00ed syst\u00e9m zaji\u0161\u0165uje, \u017ee va\u0161e objedn\u00e1vka doraz\u00ed bezpe\u010dn\u011b a bez v\u00fdrazn\u00e9ho zpo\u017ed\u011bn\u00ed.<\/p>\n<h3 data-start=\"5542\" data-end=\"5582\"><strong data-start=\"5542\" data-end=\"5582\">Exkluzivn\u00ed slevy a speci\u00e1ln\u00ed nab\u00eddky<\/strong><\/h3>\n<p data-start=\"5584\" data-end=\"6160\">Sna\u017e\u00edme se na\u0161im z\u00e1kazn\u00edk\u016fm nab\u00eddnout v\u00edce ne\u017e jen kvalitn\u00ed produkty. Pokud hled\u00e1te p\u0159\u00edle\u017eitosti, <strong data-start=\"5696\" data-end=\"5729\">Afgh\u00e1nsk\u00fd \u010dern\u00fd ha\u0161i\u0161 na prodej<\/strong> Abychom z\u00edskali na\u0161e produkty za je\u0161t\u011b lep\u0161\u00ed cenu, n\u00e1\u0161 obchod pravideln\u011b nab\u00edz\u00ed exkluzivn\u00ed akce a slevy. Tyto \u010dasov\u011b omezen\u00e9 nab\u00eddky v\u00e1m umo\u017e\u0148uj\u00ed zakoupit si va\u0161e obl\u00edben\u00e9 produkty za sn\u00ed\u017een\u00e9 ceny, co\u017e v\u00e1m je\u0161t\u011b v\u00edce usnad\u0148uje z\u00edsk\u00e1n\u00ed kvalitn\u00edho zbo\u017e\u00ed. <a href=\"https:\/\/unkrautmarkt.com\/cs\/\"><strong data-start=\"5996\" data-end=\"6017\">Afghan Black Hash<\/strong><\/a> U\u017eijte si to, ani\u017e byste museli utratit majlant. Pravideln\u011b nav\u0161t\u011bvujte na\u0161e webov\u00e9 str\u00e1nky, kde najdete nov\u00e9 nab\u00eddky a speci\u00e1ln\u00ed akce.<\/p>\n<h3 data-start=\"6162\" data-end=\"6171\"><strong data-start=\"6162\" data-end=\"6171\">Z\u00e1v\u011br<\/strong><\/h3>\n<p data-start=\"6173\" data-end=\"6945\" data-is-last-node=\"\" data-is-only-node=\"\">Na p\u0159epln\u011bn\u00e9m trhu m\u016f\u017ee b\u00fdt obt\u00ed\u017en\u00e9 naj\u00edt ten spr\u00e1vn\u00fd obchod <strong data-start=\"6257\" data-end=\"6295\">Kupte si afgh\u00e1nsk\u00fd \u010dern\u00fd ha\u0161i\u0161 online<\/strong>Nicm\u00e9n\u011b s na\u0161\u00edm z\u00e1vazkem ke kvalit\u011b produkt\u016f, konkurenceschopn\u00fdm cen\u00e1m, bezpe\u010dn\u00e9mu a diskr\u00e9tn\u00edmu dod\u00e1n\u00ed a vynikaj\u00edc\u00edmu z\u00e1kaznick\u00e9mu servisu jsme si jisti, \u017ee dok\u00e1\u017eeme uspokojit po\u017eadavky trhu. <strong data-start=\"6468\" data-end=\"6525\">Nejlep\u0161\u00ed m\u00edsto pro n\u00e1kup afgh\u00e1nsk\u00e9ho \u010dern\u00e9ho ha\u0161i\u0161e online je<\/strong>. Egal, ob Sie sich fragen \u201e<strong data-start=\"6553\" data-end=\"6594\">Kde si mohu koupit afgh\u00e1nsk\u00fd \u010dern\u00fd ha\u0161i\u0161?<\/strong>\u201enebo jste p\u0159ipraveni zadat objedn\u00e1vku \u2013 n\u00e1\u0161 obchod je ide\u00e1ln\u00edm m\u00edstem pro ka\u017ed\u00e9ho, kdo hled\u00e1 autentick\u00fd a vysoce kvalitn\u00ed z\u00e1\u017eitek. Nab\u00edz\u00edme bezprobl\u00e9mov\u00fd a bezpe\u010dn\u00fd zp\u016fsob, jak...\u201c <strong data-start=\"6806\" data-end=\"6847\">Objednejte si afgh\u00e1nsk\u00fd \u010dern\u00fd ha\u0161i\u0161 online<\/strong>, d\u00edky \u010demu\u017e si m\u016f\u017eete tento cen\u011bn\u00fd produkt vychutnat z pohodl\u00ed domova je\u0161t\u011b snadn\u011bji ne\u017e kdy d\u0159\u00edve.<\/p>\n<\/div>\n<\/div>\n<\/div>\n<\/div>\n<\/div>\n<\/div>\n<\/article>","protected":false},"excerpt":{"rendered":"<p>F\u00fcr den Gro\u00dfhandel kontaktieren Sie uns bitte unter<br \/>\nWickr-ID: @williamspro<br \/>\noder per Whatsapp<br \/>\n<img decoding=\"async\" class=\"size-full wp-image-10162 alignleft\" src=\"https:\/\/ograsmarknad.com\/wp-content\/uploads\/2021\/11\/trust.jpg\" alt=\"Trust German\" width=\"300\" height=\"129\" \/><\/p>","protected":false},"featured_media":8460,"comment_status":"open","ping_status":"closed","template":"","meta":{"_joinchat":[]},"product_cat":[322,321],"product_tag":[],"_links":{"self":[{"href":"https:\/\/unkrautmarkt.com\/cs\/wp-json\/wp\/v2\/product\/8456"}],"collection":[{"href":"https:\/\/unkrautmarkt.com\/cs\/wp-json\/wp\/v2\/product"}],"about":[{"href":"https:\/\/unkrautmarkt.com\/cs\/wp-json\/wp\/v2\/types\/product"}],"replies":[{"embeddable":true,"href":"https:\/\/unkrautmarkt.com\/cs\/wp-json\/wp\/v2\/comments?post=8456"}],"wp:featuredmedia":[{"embeddable":true,"href":"https:\/\/unkrautmarkt.com\/cs\/wp-json\/wp\/v2\/media\/8460"}],"wp:attachment":[{"href":"https:\/\/unkrautmarkt.com\/cs\/wp-json\/wp\/v2\/media?parent=8456"}],"wp:term":[{"taxonomy":"product_cat","embeddable":true,"href":"https:\/\/unkrautmarkt.com\/cs\/wp-json\/wp\/v2\/product_cat?post=8456"},{"taxonomy":"product_tag","embeddable":true,"href":"https:\/\/unkrautmarkt.com\/cs\/wp-json\/wp\/v2\/product_tag?post=8456"}],"curies":[{"name":"wp","href":"https:\/\/api.w.org\/{rel}","templated":true}]}}