{"id":8062,"date":"2021-12-18T08:51:42","date_gmt":"2021-12-18T08:51:42","guid":{"rendered":"https:\/\/unkrautmarkt.com\/?post_type=product&#038;p=8062"},"modified":"2023-04-02T22:20:59","modified_gmt":"2023-04-02T22:20:59","slug":"angebotspaket-alle-5-strains-45g","status":"publish","type":"product","link":"https:\/\/unkrautmarkt.com\/cs\/product\/angebotspaket-alle-5-strains-45g\/","title":{"rendered":"Angebotspaket (alle 5 Strains &#8211; 45G)"},"content":{"rendered":"<h2>Speci\u00e1ln\u00ed nab\u00eddka bal\u00ed\u010dku pro kmeny<\/h2>\n<p>Pokud chcete vyzkou\u0161et r\u016fzn\u00e9 druhy odr\u016fd konop\u00ed, kter\u00e9 by lid\u00e9 mohli o\u010dek\u00e1vat od n\u011bkter\u00fdch nejobl\u00edben\u011bj\u0161\u00edch odr\u016fd marihuany, ale nev\u00edte, kde naj\u00edt v\u00fdhodn\u00fd bal\u00ed\u010dek. Na Unkrautmarkt.com  poprv\u00e9 nab\u00edz\u00edme v\u0161em z\u00e1kazn\u00edk\u016fm a na\u0161im velkoobchodn\u00edm odb\u011bratel\u016fm bal\u00ed\u010dek, kter\u00fd zahrnuje na\u0161ich 5 pr\u00e9miov\u00fdch odr\u016fd s vysok\u00fdm obsahem THC. Pro tuto skv\u011blou nab\u00eddku nemus\u00edte nikam chodit, sta\u010d\u00ed si objednat 5 p\u0159\u00edchut\u00ed po 45 gramech a z\u00edsk\u00e1te skv\u011blou slevu.<\/p>","protected":false},"excerpt":{"rendered":"<p>For Wholesale please contact us at<br \/>\nWickr ID: @williamspro<br \/>\nor via Whatsapp<br \/>\n<img decoding=\"async\" class=\"size-full wp-image-10162 alignleft\" src=\"https:\/\/ograsmarknad.com\/wp-content\/uploads\/2021\/11\/trust.jpg\" alt=\"Trust German\" width=\"300\" height=\"129\" \/><\/p>","protected":false},"featured_media":8067,"comment_status":"open","ping_status":"closed","template":"","meta":{"_joinchat":[]},"product_cat":[307],"product_tag":[],"_links":{"self":[{"href":"https:\/\/unkrautmarkt.com\/cs\/wp-json\/wp\/v2\/product\/8062"}],"collection":[{"href":"https:\/\/unkrautmarkt.com\/cs\/wp-json\/wp\/v2\/product"}],"about":[{"href":"https:\/\/unkrautmarkt.com\/cs\/wp-json\/wp\/v2\/types\/product"}],"replies":[{"embeddable":true,"href":"https:\/\/unkrautmarkt.com\/cs\/wp-json\/wp\/v2\/comments?post=8062"}],"wp:featuredmedia":[{"embeddable":true,"href":"https:\/\/unkrautmarkt.com\/cs\/wp-json\/wp\/v2\/media\/8067"}],"wp:attachment":[{"href":"https:\/\/unkrautmarkt.com\/cs\/wp-json\/wp\/v2\/media?parent=8062"}],"wp:term":[{"taxonomy":"product_cat","embeddable":true,"href":"https:\/\/unkrautmarkt.com\/cs\/wp-json\/wp\/v2\/product_cat?post=8062"},{"taxonomy":"product_tag","embeddable":true,"href":"https:\/\/unkrautmarkt.com\/cs\/wp-json\/wp\/v2\/product_tag?post=8062"}],"curies":[{"name":"wp","href":"https:\/\/api.w.org\/{rel}","templated":true}]}}