{"id":7854,"date":"2021-10-28T13:08:51","date_gmt":"2021-10-28T13:08:51","guid":{"rendered":"https:\/\/unkrautmarkt.com\/?post_type=product&#038;p=7854"},"modified":"2026-03-16T05:04:59","modified_gmt":"2026-03-16T05:04:59","slug":"super-silver-haze","status":"publish","type":"product","link":"https:\/\/unkrautmarkt.com\/cs\/product\/super-silver-haze\/","title":{"rendered":"Super Silver Haze"},"content":{"rendered":"<h2 style=\"text-align: justify;\">Kupte si Super Silver Haze online<\/h2>\n<p style=\"text-align: justify;\"><a href=\"https:\/\/en.wikipedia.org\/wiki\/Cannabis_strain\" rel=\"nofollow noopener\" target=\"_blank\">Super Silver Haze<\/a> Super Silver Haze je produkt vytvo\u0159en\u00fd kombinac\u00ed odr\u016fd Haze, Northern Lights a Skunk. Kupte si Super Silver Haze online. V\u00fdsledek je prost\u011b neuv\u011b\u0159iteln\u00fd a poskytne v\u00e1m jedine\u010dn\u00fd z\u00e1\u017eitek ze Sativy, po kter\u00e9m jste v\u017edy tou\u017eili. Se Super Silver Haze z\u00edsk\u00e1te nejlep\u0161\u00ed energick\u00fd pocit, kter\u00fd vydr\u017e\u00ed pom\u011brn\u011b dlouho. M\u00e1 tak\u00e9 velmi p\u016fsobiv\u00fd, povzn\u00e1\u0161ej\u00edc\u00ed \u00fa\u010dinek. A to v\u00e1m d\u00e1v\u00e1 skv\u011bl\u00fd zp\u016fsob, jak se vypo\u0159\u00e1dat s extr\u00e9mn\u011b vysokou \u00farovn\u00ed stresu. Pokud poci\u0165ujete nevolnost nebo ztr\u00e1tu chuti k j\u00eddlu, Super Silver Haze v\u00e1m pom\u016f\u017ee to v\u0161echno znovu z\u00edskat. <a href=\"https:\/\/unkrautmarkt.com\/cs\/product\/super-silver-haze\/\">Kupte si Super Silver Haze online<\/a> Deutschland, \u00d6sterreich &amp; Schweiz!<\/p>\n<p style=\"text-align: justify;\">Odr\u016fda Super Silver Haze je hybrid s p\u0159evahou sativy vhodn\u00fd pro maxim\u00e1ln\u00ed celodenn\u00ed euforii. Obsahuje p\u0159ibli\u017en\u011b 18 % THC a 0,10 % CBD. To nejen poskytuje uklid\u0148uj\u00edc\u00ed a relaxa\u010dn\u00ed \u00fa\u010dinek, ale tak\u00e9 v\u00e1m umo\u017e\u0148uje plnit d\u016fle\u017eit\u00e9 \u00fakoly b\u011bhem dne. To je v kontrastu s n\u011bkter\u00fdmi jin\u00fdmi odr\u016fdami, kter\u00e9 maj\u00ed tendenci vyvol\u00e1vat efekt gau\u010dov\u00e9ho bramboru.<\/p>\n<h3 style=\"text-align: justify;\">L\u00e9ka\u0159sk\u00e9 v\u00fdhody Super Silver Haze<\/h3>\n<p style=\"text-align: justify;\">Mnoho u\u017eivatel\u016f t\u00e9to odr\u016fdy potvrdilo jej\u00ed v\u00fdznamn\u00e9 l\u00e9\u010div\u00e9 \u00fa\u010dinky. Super Silver Haze se py\u0161n\u00ed chut\u00ed ko\u0159en\u00ed, skunku a citrus\u016f a m\u016f\u017ee m\u00edt siln\u00e9 psychoaktivn\u00ed a fyzick\u00e9 \u00fa\u010dinky. Super Silver Haze je energizuj\u00edc\u00ed, jak jen m\u016f\u017ee b\u00fdt, ale v druh\u00e9 polovin\u011b sv\u00e9ho dlouhotrvaj\u00edc\u00edho efektu p\u0159ep\u00edn\u00e1 na jinou rychlost a za\u010d\u00edn\u00e1 t\u011blo uklid\u0148ovat. U\u017eivatel\u00e9 mohou poci\u0165ovat rozjasn\u011bn\u00ed barev a zost\u0159en\u00ed t\u00f3n\u016f. Pro v\u011bt\u0161inu u\u017eivatel\u016f m\u016f\u017ee b\u00fdt tato odr\u016fda \u00fa\u010dinn\u00fdm denn\u00edm l\u00e9kem na \u00fanavu, zm\u011bny n\u00e1lad, nevolnost a migr\u00e9ny. Jin\u00ed u\u017eivatel\u00e9 mohou poci\u0165ovat fyzick\u00e9 \u00fa\u010dinky intenzivn\u011bji ne\u017e jin\u00ed, ale m\u016f\u017ee zm\u00edrnit chronickou bolest. Super Silver Haze je na prodej. <a href=\"https:\/\/unkrautmarkt.com\/cs\/\">Unkrautmarkt<\/a><\/p>\n<p style=\"text-align: justify;\">Tato odr\u016fda se v posledn\u00edch letech nepochybn\u011b stala popul\u00e1rn\u00ed. U\u017eivatel\u00e9 t\u00e9to odr\u016fdy v\u0161ak st\u00e1le maj\u00ed pot\u00ed\u017ee s n\u00e1kupem Super Silver Haze online. Je to proto, \u017ee v\u011bt\u0161ina z nich d\u00e1v\u00e1 p\u0159ednost online nakupov\u00e1n\u00ed v online prodejn\u00e1ch. P\u0159esto v\u00e1m v\u017edy r\u00e1di pom\u016f\u017eeme s va\u0161imi n\u00e1kupn\u00edmi pot\u0159ebami. P\u0159ejeme v\u00e1m p\u0159\u00edjemn\u00e9 nakupov\u00e1n\u00ed a u\u017eijte si den.<\/p>","protected":false},"excerpt":{"rendered":"<p>For Wholesale please contact us at<br \/>\nWickr ID: @williamspro<br \/>\nor via Whatsapp<br \/>\n<img decoding=\"async\" class=\"size-full wp-image-10162 alignleft\" src=\"https:\/\/ograsmarknad.com\/wp-content\/uploads\/2021\/11\/trust.jpg\" alt=\"Trust German\" width=\"300\" height=\"129\" \/><\/p>","protected":false},"featured_media":7859,"comment_status":"open","ping_status":"closed","template":"","meta":{"_joinchat":[]},"product_cat":[307],"product_tag":[],"_links":{"self":[{"href":"https:\/\/unkrautmarkt.com\/cs\/wp-json\/wp\/v2\/product\/7854"}],"collection":[{"href":"https:\/\/unkrautmarkt.com\/cs\/wp-json\/wp\/v2\/product"}],"about":[{"href":"https:\/\/unkrautmarkt.com\/cs\/wp-json\/wp\/v2\/types\/product"}],"replies":[{"embeddable":true,"href":"https:\/\/unkrautmarkt.com\/cs\/wp-json\/wp\/v2\/comments?post=7854"}],"wp:featuredmedia":[{"embeddable":true,"href":"https:\/\/unkrautmarkt.com\/cs\/wp-json\/wp\/v2\/media\/7859"}],"wp:attachment":[{"href":"https:\/\/unkrautmarkt.com\/cs\/wp-json\/wp\/v2\/media?parent=7854"}],"wp:term":[{"taxonomy":"product_cat","embeddable":true,"href":"https:\/\/unkrautmarkt.com\/cs\/wp-json\/wp\/v2\/product_cat?post=7854"},{"taxonomy":"product_tag","embeddable":true,"href":"https:\/\/unkrautmarkt.com\/cs\/wp-json\/wp\/v2\/product_tag?post=7854"}],"curies":[{"name":"wp","href":"https:\/\/api.w.org\/{rel}","templated":true}]}}