{"id":7848,"date":"2021-10-28T13:03:14","date_gmt":"2021-10-28T13:03:14","guid":{"rendered":"https:\/\/unkrautmarkt.com\/?post_type=product&#038;p=7848"},"modified":"2026-03-16T05:05:41","modified_gmt":"2026-03-16T05:05:41","slug":"strawberry-haze","status":"publish","type":"product","link":"https:\/\/unkrautmarkt.com\/cs\/product\/strawberry-haze\/","title":{"rendered":"Strawberry Haze"},"content":{"rendered":"<h2 style=\"text-align: justify;\">Strawberry Haze online<\/h2>\n<p style=\"text-align: justify;\"><a href=\"https:\/\/en.wikipedia.org\/wiki\/Cannabis_strain\" rel=\"nofollow noopener\" target=\"_blank\">Strawberry Haze<\/a> Pupeny Strawberry Haze von\u00ed po jahod\u00e1ch a poskytuj\u00ed sladkou chu\u0165, kter\u00e1 se je\u0161t\u011b umocn\u00ed, kdy\u017e se ko\u0159en\u016fm nech\u00e1 voln\u011b r\u016fst v p\u016fd\u011b. Vyzna\u010duje se vysokou rostlinou s dlouh\u00fdmi v\u011btvemi. Je to nen\u00e1ro\u010dn\u00e1 rostlina na p\u011bstov\u00e1n\u00ed a p\u00e9\u010di, proto\u017ee je zn\u00e1mo, \u017ee se j\u00ed da\u0159\u00ed ve vlhk\u00fdch podm\u00ednk\u00e1ch. Doba kv\u011btu je p\u0159ibli\u017en\u011b 10 t\u00fddn\u016f, s obsahem THC a\u017e 20 % a obsahem CBD 1,2 %.<\/p>\n<p style=\"text-align: justify;\"><a href=\"https:\/\/unkrautmarkt.com\/cs\/product\/strawberry-haze\/\">Unkrautmarkt.com<\/a> Byli jsme uzn\u00e1v\u00e1ni jako jedna z nejlep\u0161\u00edch online l\u00e9k\u00e1ren s marihuanou. To je d\u00e1no kvalitou na\u0161ich produkt\u016f, na\u0161\u00edm z\u00e1vazkem ke spokojenosti z\u00e1kazn\u00edk\u016f a na\u0161\u00edm \u00fasil\u00edm zajistit va\u0161i naprostou spokojenost. Strawberry Haze, zn\u00e1m\u00fd tak\u00e9 jako \u201eArjan's Strawberry Haze\u201c, byl vyvinut Arjanem a uveden na trh v roce 2006. V roce 2005 Strawberry Haze z\u00edskal prvn\u00ed cenu na panelu Green House Very Important Smokers. Nyn\u00ed si u n\u00e1s m\u016f\u017eete Strawberry Haze koupit online za konkurenceschopn\u00e9 ceny s garantovan\u00fdm diskr\u00e9tn\u00edm doru\u010den\u00edm po cel\u00e9m sv\u011bt\u011b.<\/p>\n<h3 style=\"text-align: justify;\">Strawberry Haze \u00da\u010dinky<\/h3>\n<p style=\"text-align: justify;\">Ud\u011blali jsme vzorek na n\u011bkolika lidech, kte\u0159\u00ed si neust\u00e1le kupuj\u00ed Strawberry Haze, a zjistili jsme toto.<\/p>\n<p style=\"text-align: justify;\"><em><strong>O \u00fa\u010dinc\u00edch n\u00e1m \u0159eklo 113 lid\u00ed:<\/strong><\/em><\/p>\n<p style=\"text-align: justify;\">\u2022 <a href=\"https:\/\/unkrautmarkt.com\/cs\/\">Gef\u00fchle<\/a><br \/>\n- Negativn\u00ed<br \/>\n- Pom\u00e1h\u00e1 s<\/p>\n<p style=\"text-align: justify;\">Energi\u010dnost: 53 % lid\u00ed uv\u00e1d\u00ed, \u017ee se c\u00edt\u00ed energi\u010dt\u00ed.<br \/>\n\u0160\u0165astn\u00ed: 53 % lid\u00ed \u0159\u00edk\u00e1, \u017ee se c\u00edt\u00ed \u0161\u0165astn\u00ed.<br \/>\n53 % lid\u00ed uv\u00e1d\u00ed, \u017ee se c\u00edt\u00ed povznesen\u011b.<br \/>\nSucho v \u00fastech: 26 % lid\u00ed uv\u00e1d\u00ed, \u017ee maj\u00ed sucho v \u00fastech.<br \/>\nSuch\u00e9 o\u010di: 21 % lid\u00ed hl\u00e1s\u00ed such\u00e9 o\u010di<br \/>\nParanoidn\u00ed: 11 % lid\u00ed uv\u00e1d\u00ed, \u017ee se c\u00edt\u00ed paranoidn\u011b.<br \/>\nDeprese: 31 % lid\u00ed tvrd\u00ed, \u017ee pom\u00e1h\u00e1 p\u0159i depresi<br \/>\nStres: 28 % lid\u00ed tvrd\u00ed, \u017ee pom\u00e1h\u00e1 p\u0159i stresu.<br \/>\n\u00dazkost: 22 % lid\u00ed tvrd\u00ed, \u017ee pom\u00e1h\u00e1 p\u0159i \u00fazkosti.<\/p>","protected":false},"excerpt":{"rendered":"<p>For Wholesale please contact us at<br \/>\nWickr ID: @williamspro<br \/>\nor via Whatsapp<br \/>\n<img decoding=\"async\" class=\"size-full wp-image-10162 alignleft\" src=\"https:\/\/ograsmarknad.com\/wp-content\/uploads\/2021\/11\/trust.jpg\" alt=\"Trust German\" width=\"300\" height=\"129\" \/><\/p>","protected":false},"featured_media":7853,"comment_status":"open","ping_status":"closed","template":"","meta":{"_joinchat":[]},"product_cat":[307],"product_tag":[],"_links":{"self":[{"href":"https:\/\/unkrautmarkt.com\/cs\/wp-json\/wp\/v2\/product\/7848"}],"collection":[{"href":"https:\/\/unkrautmarkt.com\/cs\/wp-json\/wp\/v2\/product"}],"about":[{"href":"https:\/\/unkrautmarkt.com\/cs\/wp-json\/wp\/v2\/types\/product"}],"replies":[{"embeddable":true,"href":"https:\/\/unkrautmarkt.com\/cs\/wp-json\/wp\/v2\/comments?post=7848"}],"wp:featuredmedia":[{"embeddable":true,"href":"https:\/\/unkrautmarkt.com\/cs\/wp-json\/wp\/v2\/media\/7853"}],"wp:attachment":[{"href":"https:\/\/unkrautmarkt.com\/cs\/wp-json\/wp\/v2\/media?parent=7848"}],"wp:term":[{"taxonomy":"product_cat","embeddable":true,"href":"https:\/\/unkrautmarkt.com\/cs\/wp-json\/wp\/v2\/product_cat?post=7848"},{"taxonomy":"product_tag","embeddable":true,"href":"https:\/\/unkrautmarkt.com\/cs\/wp-json\/wp\/v2\/product_tag?post=7848"}],"curies":[{"name":"wp","href":"https:\/\/api.w.org\/{rel}","templated":true}]}}