{"id":7836,"date":"2021-10-28T12:20:23","date_gmt":"2021-10-28T12:20:23","guid":{"rendered":"https:\/\/unkrautmarkt.com\/?post_type=product&#038;p=7836"},"modified":"2026-03-16T05:10:06","modified_gmt":"2026-03-16T05:10:06","slug":"pineapple-express","status":"publish","type":"product","link":"https:\/\/unkrautmarkt.com\/cs\/product\/pineapple-express\/","title":{"rendered":"Pineapple Express"},"content":{"rendered":"<h2 style=\"text-align: justify;\">Pineapple Express online kaufen von der besten Online-Apotheke<\/h2>\n<p style=\"text-align: justify;\">Pineapple Express na prodej v \u010cesk\u00e9 republice, N\u011bmecku, Rakousku a \u0160v\u00fdcarsku m\u016f\u017eete v sou\u010dasn\u00e9 dob\u011b zakoupit na Unkrautmarkt.com za p\u0159ijateln\u00e9 ceny. Cel\u00fd n\u00e1\u0161 t\u00fdm prodejc\u016f a dodavatel\u016f je v\u00e1m k dispozici 24 hodin denn\u011b, 7 dn\u00ed v t\u00fddnu, aby v\u00e1m pomohl koupit Pineapple Express online. Jsme zku\u0161en\u00e1 online l\u00e9k\u00e1rna, kter\u00e1 rozum\u00ed sv\u00fdm z\u00e1kazn\u00edk\u016fm. Zde si m\u016f\u017eete koupit ty nejlep\u0161\u00ed produkty. Objednejte si Pineapple Express N\u011bmecko, Rakousko a \u0160v\u00fdcarsko nyn\u00ed!<\/p>\n<h3 style=\"text-align: justify;\">Jak\u00e9 jsou funkce aplikace Pineapple Express?<\/h3>\n<p style=\"text-align: justify;\"><a href=\"https:\/\/unkrautmarkt.com\/cs\/product\/pineapple-express\/\"><strong>Pineapple Express<\/strong><\/a> Pineapple Express je tropick\u00e1 odr\u016fda vznikl\u00e1 k\u0159\u00ed\u017een\u00edm odr\u016fd Trainwreck a Hawaiian. Produkuje hladk\u00fd a sladk\u00fd kou\u0159, kter\u00fd ku\u0159\u00e1k\u016fm posta\u010d\u00ed k zhulen\u00ed. Tato siln\u00e1 odr\u016fda se stala velmi popul\u00e1rn\u00ed na online trz\u00edch v USA, Velk\u00e9 Brit\u00e1nii, Kanad\u011b, N\u011bmecku a Austr\u00e1lii. Obsah THC v t\u00e9to odr\u016fd\u011b je obecn\u011b p\u0159es 24 %. Von\u00ed jako ovocn\u00fd st\u00e1nek. Pupeny Pineapple Express maj\u00ed olivovou barvu a tvar kamene. Chu\u0165uj\u00ed jako \u010derstv\u00fd pl\u00e1tek ananasu. S touto odr\u016fdou m\u016f\u017eete rychle splnit sv\u016fj kr\u00e1tk\u00fd seznam \u00fakol\u016f. Tuto rostlinu m\u016f\u017eete p\u011bstovat venku i uvnit\u0159. Kvete p\u0159ibli\u017en\u011b 7-8 t\u00fddn\u016f.<\/p>\n<ul>\n<li style=\"text-align: justify;\">Chu\u0165 je velmi siln\u00e1.<\/li>\n<li style=\"text-align: justify;\">Jeho hu\u010den\u00ed je siln\u00e9.<\/li>\n<li style=\"text-align: justify;\">M\u00e1te pocit, \u017ee se vzn\u00e1\u0161\u00edte ve vzduchu.<\/li>\n<li style=\"text-align: justify;\">Vyvol\u00e1v\u00e1 lehkou otup\u011blost a opojn\u00e9 a \u0161\u0165astn\u00e9 opojen\u00ed.<\/li>\n<li style=\"text-align: justify;\">U\u017eivatel\u00e9 jsou d\u00edky n\u011bmu kreativn\u00ed a hovorn\u00ed.<\/li>\n<li style=\"text-align: justify;\">Pom\u00e1h\u00e1 soust\u0159edit se a b\u00fdt produktivn\u00ed.<\/li>\n<li style=\"text-align: justify;\">Pom\u00e1h\u00e1 lidem trp\u00edc\u00edm \u00fazkost\u00ed, \u00fanavou, depres\u00ed, chronick\u00fdm stresem a celkov\u00fdm neklidem. <a href=\"https:\/\/unkrautmarkt.com\/cs\/\"><strong>Unkrautmarkt<\/strong><\/a><\/li>\n<li style=\"text-align: justify;\">M\u00e1 tak\u00e9 drobn\u00e9 uklid\u0148uj\u00edc\u00ed \u00fa\u010dinky.<\/li>\n<\/ul>\n<h3 style=\"text-align: justify;\">Wie bestelle ich Pineapple Express online?<\/h3>\n<p style=\"text-align: justify;\">Kdy\u017e <a href=\"https:\/\/en.wikipedia.org\/wiki\/Pineapple_Express\" rel=\"nofollow noopener\" target=\"_blank\">Pineapple Express in Deutschland<\/a>Pokud si chcete objednat online z Rakouska nebo \u0160v\u00fdcarska, zvolte Unkrautmarkt.com. Va\u0161i objedn\u00e1vku bezpe\u010dn\u011b zabal\u00edme a ode\u0161leme na v\u00e1mi uvedenou adresu. Z na\u0161\u00ed strany se nebudou \u017e\u00e1dn\u00e9 zpo\u017ed\u011bn\u00ed. Spojte se hned te\u010f!<\/p>","protected":false},"excerpt":{"rendered":"<p>For Wholesale please contact us at<br \/>\nWickr ID: @williamspro<br \/>\nor via Whatsapp<br \/>\n<img decoding=\"async\" class=\"size-full wp-image-10162 alignleft\" src=\"https:\/\/ograsmarknad.com\/wp-content\/uploads\/2021\/11\/trust.jpg\" alt=\"Trust German\" width=\"300\" height=\"129\" \/><\/p>","protected":false},"featured_media":7841,"comment_status":"open","ping_status":"closed","template":"","meta":{"_joinchat":[]},"product_cat":[307],"product_tag":[],"_links":{"self":[{"href":"https:\/\/unkrautmarkt.com\/cs\/wp-json\/wp\/v2\/product\/7836"}],"collection":[{"href":"https:\/\/unkrautmarkt.com\/cs\/wp-json\/wp\/v2\/product"}],"about":[{"href":"https:\/\/unkrautmarkt.com\/cs\/wp-json\/wp\/v2\/types\/product"}],"replies":[{"embeddable":true,"href":"https:\/\/unkrautmarkt.com\/cs\/wp-json\/wp\/v2\/comments?post=7836"}],"wp:featuredmedia":[{"embeddable":true,"href":"https:\/\/unkrautmarkt.com\/cs\/wp-json\/wp\/v2\/media\/7841"}],"wp:attachment":[{"href":"https:\/\/unkrautmarkt.com\/cs\/wp-json\/wp\/v2\/media?parent=7836"}],"wp:term":[{"taxonomy":"product_cat","embeddable":true,"href":"https:\/\/unkrautmarkt.com\/cs\/wp-json\/wp\/v2\/product_cat?post=7836"},{"taxonomy":"product_tag","embeddable":true,"href":"https:\/\/unkrautmarkt.com\/cs\/wp-json\/wp\/v2\/product_tag?post=7836"}],"curies":[{"name":"wp","href":"https:\/\/api.w.org\/{rel}","templated":true}]}}