{"id":7830,"date":"2021-10-28T12:15:41","date_gmt":"2021-10-28T12:15:41","guid":{"rendered":"https:\/\/unkrautmarkt.com\/?post_type=product&#038;p=7830"},"modified":"2026-03-16T05:10:47","modified_gmt":"2026-03-16T05:10:47","slug":"orange-kush","status":"publish","type":"product","link":"https:\/\/unkrautmarkt.com\/cs\/product\/orange-kush\/","title":{"rendered":"Orange Kush"},"content":{"rendered":"<h2 style=\"text-align: justify;\">Kupte si Orange Kush online<\/h2>\n<p style=\"text-align: justify;\"><a href=\"https:\/\/unkrautmarkt.com\/cs\/product\/orange-kush\/\">Orange Kush<\/a> wurde von Green Devil Genetics gez\u00fcchtet und ist das Kind von Orange Bud und OG Kush. Es bringt den K\u00f6rper in Entspannung und hebt die Stimmung mit einem s\u00fc\u00dfen und w\u00fcrzigen Zitrusgeschmack. Diese Sorte ist resistent gegen die meisten Sch\u00e4dlinge und Schimmelpilze und hat lange, dichte Knospen mit vielen orangefarbenen Haaren und Trichomkristallen. Kaufen Sie Orange Kush Online in Deutschland, \u00d6sterreich und der Schweiz.<\/p>\n<p style=\"text-align: justify;\">Odr\u016fda Orange Kush, vy\u0161lecht\u011bn\u00e1 spole\u010dnost\u00ed Green Devil Genetics, je potomkem odr\u016fd Orange Bud a OG Kush. Navozuje relaxaci a zlep\u0161uje n\u00e1ladu sladkou a ko\u0159en\u011bnou citrusovou chut\u00ed. Tato odr\u016fda je odoln\u00e1 v\u016f\u010di v\u011bt\u0161in\u011b \u0161k\u016fdc\u016f a pl\u00edsn\u00ed a vyzna\u010duje se dlouh\u00fdmi, hust\u00fdmi palicemi s bohat\u00fdmi oran\u017eov\u00fdmi chloupky a krystaly trichom\u016f. Kupte si Orange Kush online v N\u011bmecku, Rakousku a \u0160v\u00fdcarsku.<\/p>\n<p style=\"text-align: justify;\">Tato hybridn\u00ed odr\u016fda marihuany s p\u0159evahou sativy byla vyvinuta jako odoln\u00e1 a robustn\u00ed odr\u016fda pro r\u016fst. Rostliny Organic Kush poch\u00e1zej\u00ed z rodi\u010d\u016f OG Kush a SAGE a stejn\u011b jako mnoho sativ maj\u00ed o n\u011bco del\u0161\u00ed dobu kv\u011btu, 10\u201311 t\u00fddn\u016f. Tyto rostliny maj\u00ed mnoho v\u011btv\u00ed s tmav\u011b zelen\u00fdmi listy, ale jejich pupeny jsou jasn\u011b zelen\u00e9 a von\u00ed po \u010derstv\u011b u\u0159ezan\u00e9 borovici. Organic Kush je skv\u011blou volbou pro povzbuzen\u00ed mozku a m\u016f\u017ee nastartovat va\u0161i kreativitu.<\/p>\n<p style=\"text-align: justify;\"><strong>N\u00e1zev odr\u016fdy: Orange Kush<\/strong><\/p>\n<p style=\"text-align: justify;\">Note: B+<\/p>\n<p style=\"text-align: justify;\">Typ: <a href=\"https:\/\/unkrautmarkt.com\/cs\/\">Indica<\/a><\/p>\n<p style=\"text-align: justify;\"><strong>Vzhled<\/strong><br \/>\nSv\u011btle zelen\u00e1 s jasn\u011b, hust\u00fdmi oran\u017eov\u00fdmi chloupky. Mnoho krystal\u016f se ve sv\u011btle t\u0159pyt\u00ed. 10\/10<\/p>\n<p style=\"text-align: justify;\"><strong>Z\u00e1pach<\/strong><br \/>\nLehk\u00e1 v\u016fn\u011b zemit\u00fdch bylin, ale jinak bez z\u00e1pachu. Velmi jemn\u00e1. 7\/10<\/p>\n<p style=\"text-align: justify;\"><strong>Chu\u0165:<\/strong><br \/>\nPodobn\u011b jako v\u016fn\u011b, ani chu\u0165 nen\u00ed c\u00edtit. Je to velmi jemn\u00e1, lehce zemit\u00e1, bylinn\u00e1 p\u0159\u00edchu\u0165. Rozlo\u017ete siln\u00e9 sope\u010dn\u00e9 pytle. 7\/10<\/p>\n<p style=\"text-align: justify;\"><strong>Dopad<\/strong><br \/>\n<a href=\"https:\/\/en.wikipedia.org\/wiki\/Kush_(cannabis)\" rel=\"nofollow noopener\" target=\"_blank\">No\u010dn\u00ed pou\u017eit\u00ed<\/a>Je\u0161t\u011b jsem nedojedl ani jeden pytel Volcana a m\u016fj \u017ealudek \u0159ve jako lev, a to jsem se pr\u00e1v\u011b najedl... Zd\u00e1 se, \u017ee je to jedna z t\u011bch odr\u016fd, kter\u00e9 vyvol\u00e1vaj\u00ed extr\u00e9mn\u00ed hlad. Siln\u00e9 indikov\u00e9 \u00fa\u010dinky s relativn\u011b jasn\u00fdm my\u0161len\u00edm. Dobr\u00e1 proti bolesti a pocitu stra\u0161idelnosti v o\u010d\u00edch. 9\/10<\/p>\n<p style=\"text-align: justify;\">Potenz: 8\/10<\/p>\n<p style=\"text-align: justify;\"><strong>Dobr\u00e9 pro<\/strong><br \/>\nZv\u00fd\u0161en\u00e1 chu\u0165 k j\u00eddlu, nevolnost, m\u00edrn\u00e1 \u00faleva od bolesti, relaxace, stres, astma. Objednejte si odr\u016fdu Orange Kush v N\u011bmecku, Rakousku a \u0160v\u00fdcarsku.<\/p>","protected":false},"excerpt":{"rendered":"<p>For Wholesale please contact us at<br \/>\nWickr ID: @williamspro<br \/>\nor via Whatsapp<br \/>\n<img decoding=\"async\" class=\"size-full wp-image-10162 alignleft\" src=\"https:\/\/ograsmarknad.com\/wp-content\/uploads\/2021\/11\/trust.jpg\" alt=\"Trust German\" width=\"300\" height=\"129\" \/><\/p>","protected":false},"featured_media":7835,"comment_status":"open","ping_status":"closed","template":"","meta":{"_joinchat":[]},"product_cat":[307],"product_tag":[],"_links":{"self":[{"href":"https:\/\/unkrautmarkt.com\/cs\/wp-json\/wp\/v2\/product\/7830"}],"collection":[{"href":"https:\/\/unkrautmarkt.com\/cs\/wp-json\/wp\/v2\/product"}],"about":[{"href":"https:\/\/unkrautmarkt.com\/cs\/wp-json\/wp\/v2\/types\/product"}],"replies":[{"embeddable":true,"href":"https:\/\/unkrautmarkt.com\/cs\/wp-json\/wp\/v2\/comments?post=7830"}],"wp:featuredmedia":[{"embeddable":true,"href":"https:\/\/unkrautmarkt.com\/cs\/wp-json\/wp\/v2\/media\/7835"}],"wp:attachment":[{"href":"https:\/\/unkrautmarkt.com\/cs\/wp-json\/wp\/v2\/media?parent=7830"}],"wp:term":[{"taxonomy":"product_cat","embeddable":true,"href":"https:\/\/unkrautmarkt.com\/cs\/wp-json\/wp\/v2\/product_cat?post=7830"},{"taxonomy":"product_tag","embeddable":true,"href":"https:\/\/unkrautmarkt.com\/cs\/wp-json\/wp\/v2\/product_tag?post=7830"}],"curies":[{"name":"wp","href":"https:\/\/api.w.org\/{rel}","templated":true}]}}