{"id":7818,"date":"2021-10-28T10:51:46","date_gmt":"2021-10-28T10:51:46","guid":{"rendered":"https:\/\/unkrautmarkt.com\/?post_type=product&#038;p=7818"},"modified":"2026-03-13T09:19:47","modified_gmt":"2026-03-13T09:19:47","slug":"hawaiian-snow","status":"publish","type":"product","link":"https:\/\/unkrautmarkt.com\/cs\/product\/hawaiian-snow\/","title":{"rendered":"Havajsk\u00fd sn\u00edh"},"content":{"rendered":"<h2 style=\"text-align: justify;\">Hawaiian Snow online<\/h2>\n<p style=\"text-align: justify;\"><a href=\"https:\/\/unkrautmarkt.com\/cs\/\">Havajsk\u00fd sn\u00edh<\/a> je \u010dist\u00e1 sativa, kter\u00e1 z\u00edskala prvn\u00ed m\u00edsto v mnoha sout\u011b\u017e\u00edch a je zn\u00e1m\u00e1 obsahem THC a\u017e 24 %. Tento kmen je Haze d\u00edky sv\u00e9mu siln\u00e9mu, mlhav\u00e9mu a omra\u010duj\u00edc\u00edmu mozkov\u00e9mu \u00fa\u010dinku.<\/p>\n<p style=\"text-align: justify;\">Povznesenou n\u00e1ladu havajsk\u00e9ho sn\u011bhu \u010dasto doprov\u00e1z\u00ed energie a kreativita. Tyto vlny euforie za\u010d\u00ednaj\u00ed v mysli a vyza\u0159uj\u00ed ven, aby uklidnily a zklidnily t\u011blo. N\u011bkte\u0159\u00ed u\u017eivatel\u00e9 poci\u0165uj\u00ed silnou mlaskavost a jin\u00ed pova\u017euj\u00ed mozkov\u00e9 \u00fa\u010dinky za intenzivn\u00ed a opojn\u00e9. Tento kmen m\u00e1 borovicov\u00e9 a kv\u011btinov\u00e9 aroma. Mezi negativn\u00ed \u00fa\u010dinky mohou pat\u0159it vatov\u00e9 tampony, such\u00e9 o\u010di, z\u00e1vrat\u011b, paranoia nebo \u00fazkost. Hawaiian Snow si m\u016f\u017eete objednat v Portugalsku, It\u00e1lii, \u010cesk\u00e9 republice, Rakousku a \u0160v\u00fdcarsku.<\/p>\n<p style=\"text-align: justify;\"><a href=\"https:\/\/en.wikipedia.org\/wiki\/Cannabis_strain\" rel=\"nofollow noopener\" target=\"_blank\">Havajsk\u00fd sn\u00edh<\/a> je ide\u00e1ln\u00ed pro denn\u00ed u\u017e\u00edv\u00e1n\u00ed a nej\u010dast\u011bji se doporu\u010duje lidem se stresem, \u00fazkost\u00ed a depres\u00ed. Fyzik\u00e1ln\u00ed \u00fa\u010dinky jsou v\u0161ak u\u017eite\u010dn\u00e9 i pro zm\u00edrn\u011bn\u00ed chronick\u00e9 bolesti, nap\u0159\u00edklad bolesti kloub\u016f. Kmen m\u016f\u017ee tak\u00e9 sn\u00ed\u017eit z\u00e1n\u011bt. Pacienti ji n\u011bkdy u\u017e\u00edvaj\u00ed ke zm\u00edrn\u011bn\u00ed nevolnosti a proti poruch\u00e1m p\u0159\u00edjmu potravy. V men\u0161\u00ed m\u00ed\u0159e se pou\u017e\u00edv\u00e1 p\u0159i migr\u00e9n\u00e1ch, glaukomu, bolestech hlavy a nespavosti.<\/p>\n<p style=\"text-align: justify;\">Hawaiian Snow je zcela odvozen od odr\u016fd Hazes, zejm\u00e9na Pure Haze, Hawaiian Haze a Neville's Haze. Tento kmen vy\u0161lechtila spole\u010dnost Green House Seeds a lze jej p\u011bstovat v interi\u00e9ru i exteri\u00e9ru. V interi\u00e9ru kvetou tyto rostliny a\u017e jeden\u00e1ct t\u00fddn\u016f a mohou vyprodukovat a\u017e 700 gram\u016f na metr \u010dtvere\u010dn\u00ed. Venku na ji\u017en\u00ed polokouli jsou obvykle hotov\u00e9 v \u010dervnu. Na severn\u00ed polokouli dozr\u00e1vaj\u00ed mezi \u0159\u00edjnem a listopadem a mohou d\u00e1t a\u017e 1200 gram\u016f z jedn\u00e9 rostliny. <a href=\"https:\/\/unkrautmarkt.com\/cs\/\">Unkrautmarkt<\/a><\/p>","protected":false},"excerpt":{"rendered":"<p>For Wholesale please contact us at<br \/>\nWickr ID: @williamspro<br \/>\nor via Whatsapp<br \/>\n<img decoding=\"async\" class=\"size-full wp-image-10162 alignleft\" src=\"https:\/\/ograsmarknad.com\/wp-content\/uploads\/2021\/11\/trust.jpg\" alt=\"Trust German\" width=\"300\" height=\"129\" \/><\/p>","protected":false},"featured_media":7823,"comment_status":"open","ping_status":"closed","template":"","meta":{"_joinchat":[]},"product_cat":[307],"product_tag":[],"_links":{"self":[{"href":"https:\/\/unkrautmarkt.com\/cs\/wp-json\/wp\/v2\/product\/7818"}],"collection":[{"href":"https:\/\/unkrautmarkt.com\/cs\/wp-json\/wp\/v2\/product"}],"about":[{"href":"https:\/\/unkrautmarkt.com\/cs\/wp-json\/wp\/v2\/types\/product"}],"replies":[{"embeddable":true,"href":"https:\/\/unkrautmarkt.com\/cs\/wp-json\/wp\/v2\/comments?post=7818"}],"wp:featuredmedia":[{"embeddable":true,"href":"https:\/\/unkrautmarkt.com\/cs\/wp-json\/wp\/v2\/media\/7823"}],"wp:attachment":[{"href":"https:\/\/unkrautmarkt.com\/cs\/wp-json\/wp\/v2\/media?parent=7818"}],"wp:term":[{"taxonomy":"product_cat","embeddable":true,"href":"https:\/\/unkrautmarkt.com\/cs\/wp-json\/wp\/v2\/product_cat?post=7818"},{"taxonomy":"product_tag","embeddable":true,"href":"https:\/\/unkrautmarkt.com\/cs\/wp-json\/wp\/v2\/product_tag?post=7818"}],"curies":[{"name":"wp","href":"https:\/\/api.w.org\/{rel}","templated":true}]}}