{"id":7812,"date":"2021-10-28T10:34:02","date_gmt":"2021-10-28T10:34:02","guid":{"rendered":"https:\/\/unkrautmarkt.com\/?post_type=product&#038;p=7812"},"modified":"2026-03-12T06:24:02","modified_gmt":"2026-03-12T06:24:02","slug":"ghost-train-haze","status":"publish","type":"product","link":"https:\/\/unkrautmarkt.com\/cs\/product\/ghost-train-haze\/","title":{"rendered":"Ghost Train Haze"},"content":{"rendered":"<h2 style=\"text-align: justify;\">Kupte si online hru Ghost Train Haze<\/h2>\n<p style=\"text-align: justify;\"><a href=\"https:\/\/unkrautmarkt.com\/cs\/product\/ghost-train-haze\/\"><strong>Koupit Ghost Train Haze v N\u011bmecku<\/strong><\/a>Austria, Elve\u021bia, este o tulpin\u0103 de canabis hibrid\u0103 legendar\u0103, cu dominan\u021b\u0103 sativa, creat\u0103 de Rare Dankness. Ghost Train Haze este o \u00eencruci\u0219are \u00eentre Neville's Wreck \u0219i Ghost OG. Mugurii verzi deschis ai Ghost Train Haze Nuggets sunt gro\u0219i \u0219i den\u0219i, boga\u021bi \u00een tricomi \u0219i acoperi\u021bi cu peri\u0219ori portocalii deschis. Aceasta se deschide \u00eentr-o fereastr\u0103 nou\u0103. O \u00eencruci\u0219are genetic\u0103 magistral\u0103 a tulpinilor-mam\u0103. <strong>Ghost OG (hybrid)<\/strong> A Nevil\u2019s Wreck (Sativa) je Ghost Train Haze, extr\u00e9mn\u011b siln\u00fd marihuanov\u00fd z\u00e1zrak \u2013 nechvaln\u011b zn\u00e1m\u00fd jako jeden z nejsiln\u011bj\u0161\u00edch ku\u0159\u00e1k\u016f na sv\u011bt\u011b s pr\u016fm\u011brn\u00fdm obsahem THC 28.<\/p>\n<p style=\"text-align: justify;\"><strong>Koupit Ghost Train Haze<\/strong>Jedn\u00e1 se o hybrid s dominantn\u00ed sativou, kter\u00fd se snadno p\u011bstuje a b\u011bhem 65-80 dn\u016f kveten\u00ed produkuje velk\u00e9 mno\u017estv\u00ed sladk\u00fdch palic bohat\u00fdch na trichomy. Ghost Train Haze m\u00e1 kyselou citrusovou chu\u0165 podobnou sv\u00e9 v\u016fni. V \u00favodu je lehce pikantn\u00ed, po n\u00ed\u017e n\u00e1sleduj\u00ed zemit\u00e9, ko\u0159en\u011bn\u00e9 chut\u011b p\u0159ipom\u00ednaj\u00edc\u00ed jeho genetiku Haze. Ghost Train Haze je legend\u00e1rn\u00ed hybrid konop\u00ed s dominantn\u00ed sativou, kter\u00fd vy\u0161lechtila odr\u016fda Rare Dankness. Aroma Ghost Train Haze je sladk\u00e9 a borovicov\u00e9 s n\u00e1znaky citrus\u016f, citronu a ko\u0159en\u00ed. Dokonce i otev\u0159en\u00ed palice uvol\u0148uje silnou, mlhavou v\u016fni, kter\u00e1 prostupuje m\u00edstnost\u00ed. Otev\u0159e se v nov\u00e9m okn\u011b. Ghost Train Haze, mistrovsk\u00e9 genetick\u00e9 k\u0159\u00ed\u017een\u00ed rodi\u010dovsk\u00fdch odr\u016fd Ghost OG (hybrid) a Nevil's Wreck (sativa), je extr\u00e9mn\u011b siln\u00fd marihuanov\u00fd z\u00e1zrak \u2013 proslul\u00fd t\u00edm, \u017ee je jednou z nejsiln\u011bj\u0161\u00edch ku\u0159\u00e1k\u016f na sv\u011bt\u011b a py\u0161n\u00ed se pr\u016fm\u011brn\u00fdm obsahem THC 28 %. Plevel Sour Diesel je kategorizov\u00e1n jako sativa, vykazuje jen velmi m\u00e1lo rys\u016f podobn\u00fdch indik\u011b a vykazuje pom\u011br 90 % sativy k 10 % indik\u011b. <a href=\"https:\/\/unkrautmarkt.com\/cs\/\"><strong>Unkrautmarkt<\/strong><\/a><\/p>\n<h3>Ghost Train Haze<\/h3>\n<p>Chcete se trochu vyd\u011bsit? Tato odr\u016fda je ide\u00e1ln\u00ed pro v\u00e1\u0161 obl\u00edben\u00fd horor! Ghost Train Haze (GTH), vyvinut\u00e1 spole\u010dnost\u00ed Rare Dankness, je hybrid odr\u016fd Neville\u2019s Wreck a Ghost OG s p\u0159evahou sativy. <strong><a href=\"https:\/\/en.wikipedia.org\/wiki\/Cannabis_strain\" rel=\"nofollow noopener\" target=\"_blank\">Opar z vlaku duch\u016f je k dispozici<\/a>.<\/strong><\/p>\n<p><strong>Ghost Train Haze<\/strong> je opravdovou legendou konop\u00ed: V roce 2014 z\u00edskala prvn\u00ed m\u00edsto v kategorii Sativa na sout\u011b\u017ei High Times Cannabis Cup, v roce 2013 se um\u00edstila na druh\u00e9m m\u00edst\u011b v kategorii \u201eNejlep\u0161\u00ed l\u00e9\u010debn\u00e1 sativa\u201c a n\u011bkolikr\u00e1t z\u00edskala ocen\u011bn\u00ed \u201eNejsiln\u011bj\u0161\u00ed odr\u016fda sv\u011bta\u201c od High Times. S pr\u016fm\u011brn\u00fdm obsahem THC 27 % nen\u00ed pro slab\u00e9 povahy!<br \/>\nJeho siln\u00fd \u00fa\u010dinek \u2013 v kombinaci se sladkou, pikantn\u00ed v\u016fn\u00ed citronu a sv\u011b\u017e\u00ed borovice \u2013 zaru\u010den\u011b p\u0159inese skv\u011blou n\u00e1ladu, energii, sm\u00edch a \u010distou chu\u0165 do \u017eivota. Zn\u00ed to l\u00e1kav\u011b? Tak na co je\u0161t\u011b \u010dek\u00e1te?<\/p>","protected":false},"excerpt":{"rendered":"<p>For Wholesale please contact us at<br \/>\nWickr ID: @williamspro<br \/>\nor via Whatsapp<br \/>\n<img decoding=\"async\" class=\"size-full wp-image-10162 alignleft\" src=\"https:\/\/ograsmarknad.com\/wp-content\/uploads\/2021\/11\/trust.jpg\" alt=\"Trust German\" width=\"300\" height=\"129\" \/><\/p>","protected":false},"featured_media":7817,"comment_status":"open","ping_status":"closed","template":"","meta":{"_joinchat":[]},"product_cat":[307],"product_tag":[],"_links":{"self":[{"href":"https:\/\/unkrautmarkt.com\/cs\/wp-json\/wp\/v2\/product\/7812"}],"collection":[{"href":"https:\/\/unkrautmarkt.com\/cs\/wp-json\/wp\/v2\/product"}],"about":[{"href":"https:\/\/unkrautmarkt.com\/cs\/wp-json\/wp\/v2\/types\/product"}],"replies":[{"embeddable":true,"href":"https:\/\/unkrautmarkt.com\/cs\/wp-json\/wp\/v2\/comments?post=7812"}],"wp:featuredmedia":[{"embeddable":true,"href":"https:\/\/unkrautmarkt.com\/cs\/wp-json\/wp\/v2\/media\/7817"}],"wp:attachment":[{"href":"https:\/\/unkrautmarkt.com\/cs\/wp-json\/wp\/v2\/media?parent=7812"}],"wp:term":[{"taxonomy":"product_cat","embeddable":true,"href":"https:\/\/unkrautmarkt.com\/cs\/wp-json\/wp\/v2\/product_cat?post=7812"},{"taxonomy":"product_tag","embeddable":true,"href":"https:\/\/unkrautmarkt.com\/cs\/wp-json\/wp\/v2\/product_tag?post=7812"}],"curies":[{"name":"wp","href":"https:\/\/api.w.org\/{rel}","templated":true}]}}