{"id":7800,"date":"2021-10-28T09:11:17","date_gmt":"2021-10-28T09:11:17","guid":{"rendered":"https:\/\/unkrautmarkt.com\/?post_type=product&#038;p=7800"},"modified":"2026-03-12T06:24:51","modified_gmt":"2026-03-12T06:24:51","slug":"cherry-pie","status":"publish","type":"product","link":"https:\/\/unkrautmarkt.com\/cs\/product\/cherry-pie\/","title":{"rendered":"Cherry Pie"},"content":{"rendered":"<h2 style=\"text-align: justify;\">Cherry Pie Strain<\/h2>\n<p style=\"text-align: justify;\">Zaprv\u00e9 je to <a href=\"https:\/\/unkrautmarkt.com\/cs\/product\/cherry-pie\/\"><strong>Koupit t\u0159e\u0161\u0148ov\u00fd kol\u00e1\u010d online (\u010cesk\u00e1 republika)<\/strong><\/a>V Rakousku a \u0160v\u00fdcarsku se jedn\u00e1 o siln\u011b dominantn\u00ed hybrid s indikou (a\u017e 80 %) \u2013 k\u0159\u00ed\u017eenec odr\u016fd Durban Poison a Granddaddy Purple. U takov\u00fdch \u201ehv\u011bzdn\u00fdch\u201c rodi\u010d\u016f by se dalo o\u010dek\u00e1vat, \u017ee tato odr\u016fda bude \u0161pi\u010dkov\u00e9 kvality; a pokud si ji koup\u00edte od spr\u00e1vn\u00e9ho zdroje, nebudete zklam\u00e1ni.<\/p>\n<p style=\"text-align: justify;\">Cherry Kush m\u00e1 slab\u00e9 oran\u017eov\u00e9 chloupky, hust\u00e9 poup\u011b a v\u016fni, kterou je t\u011b\u017ek\u00e9 pokazit. Vypad\u00e1 skv\u011ble, m\u00e1 tmav\u011b zelen\u00fd st\u0159ed obklopen\u00fd hust\u00fdmi hn\u011bd\u00fdmi chloupky a pokryt\u00fd krystaly. Kdy\u017e rozlom\u00edte poup\u011b, uvid\u00edte nov\u00e9 krystaly, kter\u00e9 se na sv\u011btle jen lesknou. <a href=\"https:\/\/en.wikipedia.org\/wiki\/Cannabis_strain\" rel=\"nofollow noopener\" target=\"_blank\">Wikipedia<\/a><\/p>\n<h3 style=\"text-align: justify;\">Sorteninfo \u2013 Cherry Pie<\/h3>\n<p style=\"text-align: justify;\">Za druh\u00e9. Koupit Cherry Pie Online indica-dominantn\u00ed hybrid Grand Daddy Purple a Durban Poison. I kdy\u017e je t\u011b\u017ek\u00e9 naj\u00edt autentickou verzi tohoto konkr\u00e9tn\u00edho kmene l\u00e9ka\u0159sk\u00e9 marihuany. Rozhodn\u011b nebude t\u011b\u017ek\u00e9 uv\u011b\u0159it, \u017ee se jedn\u00e1 o nejlep\u0161\u00ed kmen. Ve sv\u00e9m strukturn\u00edm slo\u017een\u00ed m\u00e1 hust\u00e9 pupeny s oran\u017eov\u00fdmi chloupky a vykazuje m\u00edrn\u011b fialov\u00fd n\u00e1dech. N\u00e1zev tohoto l\u00e9ka\u0159sk\u00e9ho kmene marihuany je inspirov\u00e1n Koupit t\u0159e\u0161\u0148ov\u00fd kol\u00e1\u010d v N\u011bmecku, Rakousku a \u0160v\u00fdcarsku, aroma je po t\u0159e\u0161\u0148ov\u00e9m kol\u00e1\u010di. Nej\u010dast\u011bji jej u\u017e\u00edvaj\u00ed pacienti trp\u00edc\u00ed zjevn\u00fdmi p\u0159\u00edznaky posttraumatick\u00e9 stresov\u00e9 poruchy, \u00fazkost\u00ed, bipol\u00e1rn\u00ed poruchou, migr\u00e9nami a dal\u0161\u00edmi stresov\u00fdmi syndromy.<\/p>\n<p style=\"text-align: justify;\">A\u010dkoli jeho u\u017e\u00edv\u00e1n\u00ed pacienty m\u016f\u017ee v\u00e9st k such\u00fdm o\u010d\u00edm a \u00fast\u016fm, rozhodn\u011b pom\u00e1h\u00e1 zv\u00fd\u0161it euforii, uvolnit t\u011blo i mysl, zlep\u0161it n\u00e1ladu a zost\u0159it soust\u0159ed\u011bn\u00ed. Pro pacienty, kte\u0159\u00ed hledaj\u00ed n\u011bco, co by zm\u00edrnilo svalovou ztuhlost a souvisej\u00edc\u00ed nepohodl\u00ed, se tato odr\u016fda m\u016f\u017ee st\u00e1t z\u00e1chranou. Stru\u010dn\u011b \u0159e\u010deno, p\u0159edstavuje nejprosp\u011b\u0161n\u011bj\u0161\u00ed odr\u016fdu marihuany z l\u00e9ka\u0159sk\u00e9ho hlediska \u2013 takovou, kterou pacienti up\u0159ednost\u0148uj\u00ed nad v\u0161echny ostatn\u00ed; zm\u00edr\u0148uje v\u00fd\u0161e uveden\u00e9 p\u0159\u00edznaky co nejv\u00edce relaxa\u010dn\u00edm zp\u016fsobem a a\u010dkoli jej\u00ed sedativn\u00ed \u00fa\u010dinky mohou ob\u010das zp\u016fsobit m\u00edrn\u00e9 podr\u00e1\u017ed\u011bn\u00ed, jej\u00ed terapeutick\u00e1 hodnota z\u016fst\u00e1v\u00e1 nepopirateln\u00e1. <a href=\"https:\/\/unkrautmarkt.com\/cs\/p\/\"><strong>Cherry Pie<\/strong><\/a> Nakupujte online v N\u011bmecku, Rakousku a \u0160v\u00fdcarsku!<\/p>","protected":false},"excerpt":{"rendered":"<p>For Wholesale please contact us at<br \/>\nWickr ID: @williamspro<br \/>\nor via Whatsapp<br \/>\n<img decoding=\"async\" class=\"size-full wp-image-10162 alignleft\" src=\"https:\/\/ograsmarknad.com\/wp-content\/uploads\/2021\/11\/trust.jpg\" alt=\"Trust German\" width=\"300\" height=\"129\" \/><\/p>","protected":false},"featured_media":7805,"comment_status":"open","ping_status":"closed","template":"","meta":{"_joinchat":[]},"product_cat":[307],"product_tag":[],"_links":{"self":[{"href":"https:\/\/unkrautmarkt.com\/cs\/wp-json\/wp\/v2\/product\/7800"}],"collection":[{"href":"https:\/\/unkrautmarkt.com\/cs\/wp-json\/wp\/v2\/product"}],"about":[{"href":"https:\/\/unkrautmarkt.com\/cs\/wp-json\/wp\/v2\/types\/product"}],"replies":[{"embeddable":true,"href":"https:\/\/unkrautmarkt.com\/cs\/wp-json\/wp\/v2\/comments?post=7800"}],"wp:featuredmedia":[{"embeddable":true,"href":"https:\/\/unkrautmarkt.com\/cs\/wp-json\/wp\/v2\/media\/7805"}],"wp:attachment":[{"href":"https:\/\/unkrautmarkt.com\/cs\/wp-json\/wp\/v2\/media?parent=7800"}],"wp:term":[{"taxonomy":"product_cat","embeddable":true,"href":"https:\/\/unkrautmarkt.com\/cs\/wp-json\/wp\/v2\/product_cat?post=7800"},{"taxonomy":"product_tag","embeddable":true,"href":"https:\/\/unkrautmarkt.com\/cs\/wp-json\/wp\/v2\/product_tag?post=7800"}],"curies":[{"name":"wp","href":"https:\/\/api.w.org\/{rel}","templated":true}]}}