{"id":7794,"date":"2021-10-28T08:55:56","date_gmt":"2021-10-28T08:55:56","guid":{"rendered":"https:\/\/unkrautmarkt.com\/?post_type=product&#038;p=7794"},"modified":"2026-03-12T06:24:59","modified_gmt":"2026-03-12T06:24:59","slug":"blueberry-kush","status":"publish","type":"product","link":"https:\/\/unkrautmarkt.com\/cs\/product\/blueberry-kush\/","title":{"rendered":"Blueberry Kush"},"content":{"rendered":"<h2 style=\"text-align: justify;\">Blueberry Kush online<\/h2>\n<p style=\"text-align: justify;\"><a href=\"https:\/\/en.wikipedia.org\/wiki\/Cannabis_(drug)\" rel=\"nofollow noopener\" target=\"_blank\"><strong>Blueberry Kush:<\/strong><\/a> Tato sm\u011bs l\u00e9\u010div\u00fdch bor\u016fvek a obl\u00edben\u00e9ho OG Kush poch\u00e1zej\u00edc\u00ed ze z\u00e1padn\u00edho pob\u0159e\u017e\u00ed p\u0159in\u00e1\u0161\u00ed hluboce uklid\u0148uj\u00edc\u00ed \u00fa\u010dinky zalo\u017een\u00e9 na indice, kter\u00e9 dok\u00e1\u017e\u00ed zm\u00edrnit i tu nej\u00faporn\u011bj\u0161\u00ed nespavost a ulevit i od t\u011bch nejsiln\u011bj\u0161\u00edch bolest\u00ed. Se semeny konop\u00ed Blueberry Kush od spole\u010dnosti Growers Choice m\u016f\u017eete ulevit od bolesti pomoc\u00ed zcela p\u0159\u00edrodn\u00ed alternativy k farmaceutick\u00fdm opioid\u016fm a pr\u00e1\u0161k\u016fm na span\u00ed, kter\u00e9 v\u00e1m br\u00e1n\u00ed usnout.<\/p>\n<h3 style=\"text-align: justify;\">Rodi\u010de bor\u016fvky<\/h3>\n<p style=\"text-align: justify;\">Afg \u2013 afgh\u00e1nsk\u00e1 indika<\/p>\n<p style=\"text-align: justify;\">Tha \u2013 Thai-Sativa<\/p>\n<p style=\"text-align: justify;\">Pth \u2013 Lila Thai Sativa<\/p>\n<h3 style=\"text-align: justify;\">Jak\u00e9 jsou \u00fa\u010dinky?<\/h3>\n<p style=\"text-align: justify;\">Blueberry Kush v\u00e1m dod\u00e1 pocit \u0161t\u011bst\u00ed, uvoln\u011bn\u00ed a m\u00edrn\u00e9 euforie, ne\u017e usnete. D\u00edky l\u00e9\u010div\u00fdm \u00fa\u010dink\u016fm CBD a unik\u00e1tn\u00ed sm\u011bsi dal\u0161\u00edch indikov\u00fdch kanabinoid\u016f m\u016f\u017ee konop\u00ed Blueberry Kush zm\u00edrnit depresi a zm\u00edrnit stres a nap\u011bt\u00ed. M\u00edrn\u00e1 euforie t\u00e9to odr\u016fdy by nem\u011bla odradit ty, kte\u0159\u00ed vyhled\u00e1vaj\u00ed l\u00e9ka\u0159skou pomoc, proto\u017ee sp\u00e1nek se rychle dostav\u00ed.<\/p>\n<h3 style=\"text-align: justify;\">L\u00e9ka\u0159sk\u00e9 aplikace<\/h3>\n<p style=\"text-align: justify;\">Pacienti maj\u00ed s konopn\u00fdmi semeny Blueberry Kush velk\u00e9 \u00fasp\u011bchy p\u0159i l\u00e9\u010db\u011b \u00fazkosti a migr\u00e9ny, nevolnosti, poruch n\u00e1lady a stav\u016f, jako je ADHD. Tato ovocn\u00e1 bylina m\u016f\u017ee p\u016fsobit proti p\u0159\u00edznak\u016fm chemoterapie a n\u011bkte\u0159\u00ed zjistili, \u017ee m\u00edrn\u00e9 mno\u017estv\u00ed CBD p\u016fsob\u00ed proti k\u0159e\u010d\u00edm a z\u00e1chvat\u016fm.<\/p>\n<h3 style=\"text-align: justify;\">Koupit Blueberry Kush v Portugalsku, N\u011bmecku, Rakousku a \u0160v\u00fdcarsku<\/h3>\n<p style=\"text-align: justify;\">Po vykl\u00ed\u010den\u00ed semen konop\u00ed Blueberry Kush byste m\u011bli vid\u011bt st\u0159edn\u011b velk\u00e9 rostliny. K jejich \u00fasp\u011b\u0161n\u00e9mu p\u011bstov\u00e1n\u00ed je zapot\u0159eb\u00ed trochu know-how. Po \u0161esti a\u017e dev\u00edti t\u00fddnech kveten\u00ed by m\u011bla b\u00fdt sklize\u0148 prysky\u0159i\u010dn\u00fdch pupen\u016f m\u00edrn\u00e1 - a\u017e 400 gram\u016f na metr \u010dtvere\u010dn\u00ed p\u0159i p\u011bstov\u00e1n\u00ed v interi\u00e9ru.<\/p>\n<p style=\"text-align: justify;\">P\u0159i ide\u00e1ln\u00edch teplot\u00e1ch z\u00edsk\u00e1te venku a\u017e 600 gram\u016f na rostlinu. V z\u00e1vislosti na podm\u00ednk\u00e1ch jsou mo\u017en\u00e9 i ni\u017e\u0161\u00ed v\u00fdnosy, ale tato vynikaj\u00edc\u00ed l\u00e9\u010div\u00e1 odr\u016fda se obvykle nep\u011bstuje pro obrovskou \u00farodu; pacienti p\u011bstuj\u00edc\u00ed doma hledaj\u00ed sp\u00ed\u0161e siln\u00e9 \u00fa\u010dinky.<\/p>\n<p style=\"text-align: justify;\">Bei <strong><a href=\"https:\/\/unkrautmarkt.com\/cs\/product\/blueberry-kush\/\">Unkrautmarkt.com<\/a><\/strong> prod\u00e1v\u00e1me pouze ty nejlep\u0161\u00ed produkty. Na\u0161e semena konop\u00ed Blueberry Kush jsou dal\u0161\u00edm p\u0159\u00edkladem na\u0161eho z\u00e1vazku ke kvalit\u011b. Na\u0161e semena konop\u00ed Blueberry Kush jsou testov\u00e1na v laborato\u0159i na genetiku a p\u0159ed dod\u00e1n\u00edm ru\u010dn\u011b vyb\u00edr\u00e1na a balena v lahvi\u010dk\u00e1ch z l\u00e9ka\u0159sk\u00e9ho skla. Zajist\u00ed, \u017ee semena z\u016fstanou co nejd\u00e9le \u010derstv\u00e1 a \u017eivotaschopn\u00e1.<\/p>\n<p style=\"text-align: justify;\">Na ka\u017edou objedn\u00e1vku poskytujeme 90% z\u00e1ruku kl\u00ed\u010divosti. Pokud m\u00e1te jak\u00e9koli dotazy ohledn\u011b tohoto pr\u00e9miov\u00e9ho produktu, kontaktujte n\u00e1\u0161 ochotn\u00fd a informovan\u00fd t\u00fdm podpory. <a href=\"https:\/\/unkrautmarkt.com\/cs\/\"><strong>Bestellen Sie noch heute Blueberry Kush<\/strong><\/a> Hanfsamen.<\/p>\n<p style=\"text-align: justify;\">Pokud si chcete tyto produkty zakoupit, zadejte pros\u00edm objedn\u00e1vku. N\u00e1\u0161 t\u00fdm v\u00e1s obslou\u017e\u00ed p\u0159\u00edmo u va\u0161ich dve\u0159\u00ed. Nav\u0161tivte tak\u00e9 na\u0161e dal\u0161\u00ed produkty.<\/p>","protected":false},"excerpt":{"rendered":"<p>For Wholesale please contact us at<br \/>\nWickr ID: @williamspro<br \/>\nor via Whatsapp<br \/>\n<img decoding=\"async\" class=\"size-full wp-image-10162 alignleft\" src=\"https:\/\/ograsmarknad.com\/wp-content\/uploads\/2021\/11\/trust.jpg\" alt=\"Trust German\" width=\"300\" height=\"129\" \/><\/p>","protected":false},"featured_media":7799,"comment_status":"open","ping_status":"closed","template":"","meta":{"_joinchat":[]},"product_cat":[307],"product_tag":[],"_links":{"self":[{"href":"https:\/\/unkrautmarkt.com\/cs\/wp-json\/wp\/v2\/product\/7794"}],"collection":[{"href":"https:\/\/unkrautmarkt.com\/cs\/wp-json\/wp\/v2\/product"}],"about":[{"href":"https:\/\/unkrautmarkt.com\/cs\/wp-json\/wp\/v2\/types\/product"}],"replies":[{"embeddable":true,"href":"https:\/\/unkrautmarkt.com\/cs\/wp-json\/wp\/v2\/comments?post=7794"}],"wp:featuredmedia":[{"embeddable":true,"href":"https:\/\/unkrautmarkt.com\/cs\/wp-json\/wp\/v2\/media\/7799"}],"wp:attachment":[{"href":"https:\/\/unkrautmarkt.com\/cs\/wp-json\/wp\/v2\/media?parent=7794"}],"wp:term":[{"taxonomy":"product_cat","embeddable":true,"href":"https:\/\/unkrautmarkt.com\/cs\/wp-json\/wp\/v2\/product_cat?post=7794"},{"taxonomy":"product_tag","embeddable":true,"href":"https:\/\/unkrautmarkt.com\/cs\/wp-json\/wp\/v2\/product_tag?post=7794"}],"curies":[{"name":"wp","href":"https:\/\/api.w.org\/{rel}","templated":true}]}}